{"id":717883,"date":"2025-08-27T18:01:10","date_gmt":"2025-08-27T15:01:10","guid":{"rendered":"https:\/\/roveyayinevi.com.tr\/index.php\/urun\/gunduz-dusleri\/"},"modified":"2025-10-30T12:07:19","modified_gmt":"2025-10-30T09:07:19","slug":"gunduz-dusleri","status":"publish","type":"product","link":"https:\/\/roveyayinevi.com.tr\/index.php\/urun\/gunduz-dusleri\/","title":{"rendered":"G\u00fcnd\u00fcz D\u00fc\u015fleri"},"content":{"rendered":"<p>G\u00fcnd\u00fcz D\u00fc\u015fleri\u2019nde umutlu r\u00fcyalarla ger\u00e7ek\u00fcst\u00fc k\u00e2buslar\u0131n aras\u0131nda dola\u015fan oyunbaz \u00f6yk\u00fcler var; delilikle de\u011fi\u015fkenli\u011fin kol kola y\u00fcr\u00fcd\u00fc\u011f\u00fc ayk\u0131r\u0131 kesitler. Elinde feneriyle dola\u015fan yolcunun, ger\u00e7ekli\u011fin perdesinin ne zaman a\u00e7\u0131l\u0131p kapand\u0131\u011f\u0131n\u0131 arama d\u00fc\u015fleri. \u201cBiliyorum, benden olduk\u00e7a memnundun. Iss\u0131z adalara, ufkun her yan\u0131na benimle var\u0131rd\u0131n. Ah \u015fu d\u00fc\u015fler; s\u0131cac\u0131k, yumu\u015fac\u0131k, korunakl\u0131 ve huzurlu g\u00fcnd\u00fcz d\u00fc\u015fleri. Ama birden her yer titredi! G\u00fcr bir \u00e7arp\u0131\u015fma sesi. Haydaa! Hoyrat\u0131n teki bizimkine bodoslama dal\u0131vermi\u015f. Nereden \u00e7\u0131k\u0131p geldi ki bu it, \u015fa\u015f\u0131rd\u0131m kald\u0131m&#8230;\u201d <\/p>\n","protected":false},"excerpt":{"rendered":"<p>G\u00fcnd\u00fcz D\u00fc\u015fleri\u2019nde umutlu r\u00fcyalarla ger\u00e7ek\u00fcst\u00fc k\u00e2buslar\u0131n aras\u0131nda dola\u015fan oyunbaz \u00f6yk\u00fcler var; delilikle de\u011fi\u015fkenli\u011fin kol kola y\u00fcr\u00fcd\u00fc\u011f\u00fc ayk\u0131r\u0131 kesitler. Elinde feneriyle dola\u015fan yolcunun, ger\u00e7ekli\u011fin perdesinin ne zaman<span class=\"excerpt-hellip\"> [\u2026]<\/span><\/p>\n","protected":false},"featured_media":0,"template":"","meta":{"_monsterinsights_skip_tracking":false,"_monsterinsights_sitenote_active":false,"_monsterinsights_sitenote_note":"","_monsterinsights_sitenote_category":0},"product_brand":[],"product_cat":[12291,12711],"product_tag":[],"class_list":{"0":"post-717883","1":"product","2":"type-product","3":"status-publish","5":"product_cat-edebiyat","6":"product_cat-roman-oyku","7":"pa_cilt-ciltsiz","8":"pa_tur-kitap","9":"pa_yayinevi-medakitap-yayinlari","10":"pa_yazar-ilker-ulgen","12":"first","13":"outofstock","14":"sale","15":"shipping-taxable","16":"purchasable","17":"product-type-simple"},"_links":{"self":[{"href":"https:\/\/roveyayinevi.com.tr\/index.php\/wp-json\/wp\/v2\/product\/717883","targetHints":{"allow":["GET"]}}],"collection":[{"href":"https:\/\/roveyayinevi.com.tr\/index.php\/wp-json\/wp\/v2\/product"}],"about":[{"href":"https:\/\/roveyayinevi.com.tr\/index.php\/wp-json\/wp\/v2\/types\/product"}],"wp:attachment":[{"href":"https:\/\/roveyayinevi.com.tr\/index.php\/wp-json\/wp\/v2\/media?parent=717883"}],"wp:term":[{"taxonomy":"product_brand","embeddable":true,"href":"https:\/\/roveyayinevi.com.tr\/index.php\/wp-json\/wp\/v2\/product_brand?post=717883"},{"taxonomy":"product_cat","embeddable":true,"href":"https:\/\/roveyayinevi.com.tr\/index.php\/wp-json\/wp\/v2\/product_cat?post=717883"},{"taxonomy":"product_tag","embeddable":true,"href":"https:\/\/roveyayinevi.com.tr\/index.php\/wp-json\/wp\/v2\/product_tag?post=717883"}],"curies":[{"name":"wp","href":"https:\/\/api.w.org\/{rel}","templated":true}]}}