{"id":717882,"date":"2025-08-27T18:01:09","date_gmt":"2025-08-27T15:01:09","guid":{"rendered":"https:\/\/roveyayinevi.com.tr\/index.php\/urun\/yas\/"},"modified":"2025-11-21T05:17:24","modified_gmt":"2025-11-21T02:17:24","slug":"yas","status":"publish","type":"product","link":"https:\/\/roveyayinevi.com.tr\/index.php\/urun\/yas\/","title":{"rendered":"Yas"},"content":{"rendered":"<p>Yok say\u0131lan her \u015fey, bir zaman sonra \u00e7ok daha g\u00fc\u00e7l\u00fc bir \u015fekilde geri d\u00f6ner. Yas, unutamay\u0131\u015f\u0131n, hat\u0131ralar\u0131n belgeli\u011fi olur sonra. Serdar Ayd\u0131n son kitab\u0131 yas ile \u00e7ok boyutlu ve \u015fiire de i\u00e7kin, \u0130mgesel bir y\u00fczle\u015fmeyi kaleme al\u0131yor. Kendine geliyor, kendini buluyor bu kitab\u0131yla.   \u0130mgeler ve kimi zaman imgele\u015fen kavramlar bu y\u00fczle\u015fmenin ulaklar\u0131 olurken, insan\u2019dan umudunu kesen \u015fair do\u011fa\u2019ya, umut\u2019la y\u00f6neliyor. Sincaplar, nehirler, nergisler, bordo ve mor bir spektrum i\u00e7inde de ba\u015fka orman d\u00fc\u015fleri\u2026 Serdar Ayd\u0131n \u015fiiri i\u00e7in epik ve yeni bir filizi mu\u015ftuluyor belki de! uluyan s\u00f6zc\u00fcklerle ba\u015fl\u0131yor s\u00f6ylencesi bilinmeyen bir a\u011f\u0131t hakikatin s\u0131rr\u0131nda dilini \u00e7amurla bezeyeni, kim bilebilir ki \u015fairden ba\u015fka\u2026 kara kurgun vesveseleri unutun, ba\u015flay\u0131n yeniden hi\u00e7\u2019li\u011fe: tanr\u0131 size dil verdi, s\u00f6yleyin, s\u00f6yleyin, s\u00f6yle! Ali Hikmet Eren <\/p>\n","protected":false},"excerpt":{"rendered":"<p>Yok say\u0131lan her \u015fey, bir zaman sonra \u00e7ok daha g\u00fc\u00e7l\u00fc bir \u015fekilde geri d\u00f6ner. Yas, unutamay\u0131\u015f\u0131n, hat\u0131ralar\u0131n belgeli\u011fi olur sonra. Serdar Ayd\u0131n son kitab\u0131 yas ile<span class=\"excerpt-hellip\"> [\u2026]<\/span><\/p>\n","protected":false},"featured_media":0,"template":"","meta":{"_monsterinsights_skip_tracking":false,"_monsterinsights_sitenote_active":false,"_monsterinsights_sitenote_note":"","_monsterinsights_sitenote_category":0},"product_brand":[],"product_cat":[12291,12509],"product_tag":[],"class_list":{"0":"post-717882","1":"product","2":"type-product","3":"status-publish","5":"product_cat-edebiyat","6":"product_cat-siir","7":"pa_cilt-ciltsiz","8":"pa_tur-kitap","9":"pa_yayinevi-medakitap-yayinlari","10":"pa_yazar-serdar-aydin","12":"first","13":"instock","14":"sale","15":"shipping-taxable","16":"purchasable","17":"product-type-simple"},"_links":{"self":[{"href":"https:\/\/roveyayinevi.com.tr\/index.php\/wp-json\/wp\/v2\/product\/717882","targetHints":{"allow":["GET"]}}],"collection":[{"href":"https:\/\/roveyayinevi.com.tr\/index.php\/wp-json\/wp\/v2\/product"}],"about":[{"href":"https:\/\/roveyayinevi.com.tr\/index.php\/wp-json\/wp\/v2\/types\/product"}],"wp:attachment":[{"href":"https:\/\/roveyayinevi.com.tr\/index.php\/wp-json\/wp\/v2\/media?parent=717882"}],"wp:term":[{"taxonomy":"product_brand","embeddable":true,"href":"https:\/\/roveyayinevi.com.tr\/index.php\/wp-json\/wp\/v2\/product_brand?post=717882"},{"taxonomy":"product_cat","embeddable":true,"href":"https:\/\/roveyayinevi.com.tr\/index.php\/wp-json\/wp\/v2\/product_cat?post=717882"},{"taxonomy":"product_tag","embeddable":true,"href":"https:\/\/roveyayinevi.com.tr\/index.php\/wp-json\/wp\/v2\/product_tag?post=717882"}],"curies":[{"name":"wp","href":"https:\/\/api.w.org\/{rel}","templated":true}]}}