{"id":717881,"date":"2025-08-27T18:01:09","date_gmt":"2025-08-27T15:01:09","guid":{"rendered":"https:\/\/roveyayinevi.com.tr\/index.php\/urun\/ahmet-inamda-gonul-felsefesi\/"},"modified":"2026-04-16T02:26:14","modified_gmt":"2026-04-15T23:26:14","slug":"ahmet-inamda-gonul-felsefesi","status":"publish","type":"product","link":"https:\/\/roveyayinevi.com.tr\/index.php\/urun\/ahmet-inamda-gonul-felsefesi\/","title":{"rendered":"Ahmet \u0130nam&#8217;da G\u00f6n\u00fcl Felsefesi"},"content":{"rendered":"<p>Ahmet \u0130nam, bozk\u0131r\u0131n ortas\u0131ndaki bir felsefeci, hoca, g\u00f6n\u00fcl insan\u0131 ve sohbet ehlidir. Derslerinde ya da sunumlar\u0131nda bulunmak bir \u015fanst\u0131r. \u201c\u00d6te\u201d ve \u201cBeri\u201d s\u00f6zc\u00fckleri \u00fczerinden \u015fiirin ne\u2019li\u011fini, deyim yerindeyse vecd halini betimledi\u011fi sempozyum sunumunu unutmam olas\u0131 de\u011fil. Bu kitap, kendi s\u00f6zc\u00fcklerini ve kavramlar\u0131n\u0131 \u00fcreterek felsefeyi g\u00f6n\u00fcl i\u015fi k\u0131lan ve bu \u2018G\u00f6n\u00fcl Felsefesi\u2019 ile \u00f6teki insanlarla bulu\u015fmay\u0131, muhabbeti arzulayan Ahmet \u0130nam\u2019\u0131n \u00e7al\u0131\u015fmalar\u0131na ve d\u00fc\u015f\u00fcncelerine derinlikli bir perspektif sunuyor. G\u00f6n\u00fcl Da\u011f\u0131\u2019ndan gelen, g\u00f6n\u00fclden g\u00f6n\u00fcle uzanan Anadolu \u0130rfan\u0131\u2019n\u0131n kavram \u00fcretme y\u00f6nsemesini vurgulay\u0131p, \u2018sinemizdeki yaralar\u0131n gizli dili\u2019ni a\u00e7\u0131k eden, g\u00f6nl\u00fcn\u00fc ortaya koyarken g\u00f6nl\u00fcn\u00fcze ula\u015fmay\u0131 arzulayan ayr\u0131nt\u0131l\u0131 bir \u00e7al\u0131\u015fma. Unutmadan, s\u00f6zl\u00fck de kitab\u0131n i\u00e7inde. Eme\u011fi ge\u00e7en herkese \u201ca\u015fk\u201d olsun\u2026 Serdar AYDIN<\/p>\n","protected":false},"excerpt":{"rendered":"<p>Ahmet \u0130nam, bozk\u0131r\u0131n ortas\u0131ndaki bir felsefeci, hoca, g\u00f6n\u00fcl insan\u0131 ve sohbet ehlidir. Derslerinde ya da sunumlar\u0131nda bulunmak bir \u015fanst\u0131r. \u201c\u00d6te\u201d ve \u201cBeri\u201d s\u00f6zc\u00fckleri \u00fczerinden \u015fiirin ne\u2019li\u011fini,<span class=\"excerpt-hellip\"> [\u2026]<\/span><\/p>\n","protected":false},"featured_media":0,"template":"","meta":{"_monsterinsights_skip_tracking":false,"_monsterinsights_sitenote_active":false,"_monsterinsights_sitenote_note":"","_monsterinsights_sitenote_category":0},"product_brand":[],"product_cat":[12389,12388],"product_tag":[],"class_list":{"0":"post-717881","1":"product","2":"type-product","3":"status-publish","5":"product_cat-diger-felsefe","6":"product_cat-felsefe","7":"pa_cilt-ciltsiz","8":"pa_tur-kitap","9":"pa_yayinevi-medakitap-yayinlari","10":"pa_yazar-nurcan-demir","12":"first","13":"instock","14":"sale","15":"shipping-taxable","16":"purchasable","17":"product-type-simple"},"_links":{"self":[{"href":"https:\/\/roveyayinevi.com.tr\/index.php\/wp-json\/wp\/v2\/product\/717881","targetHints":{"allow":["GET"]}}],"collection":[{"href":"https:\/\/roveyayinevi.com.tr\/index.php\/wp-json\/wp\/v2\/product"}],"about":[{"href":"https:\/\/roveyayinevi.com.tr\/index.php\/wp-json\/wp\/v2\/types\/product"}],"wp:attachment":[{"href":"https:\/\/roveyayinevi.com.tr\/index.php\/wp-json\/wp\/v2\/media?parent=717881"}],"wp:term":[{"taxonomy":"product_brand","embeddable":true,"href":"https:\/\/roveyayinevi.com.tr\/index.php\/wp-json\/wp\/v2\/product_brand?post=717881"},{"taxonomy":"product_cat","embeddable":true,"href":"https:\/\/roveyayinevi.com.tr\/index.php\/wp-json\/wp\/v2\/product_cat?post=717881"},{"taxonomy":"product_tag","embeddable":true,"href":"https:\/\/roveyayinevi.com.tr\/index.php\/wp-json\/wp\/v2\/product_tag?post=717881"}],"curies":[{"name":"wp","href":"https:\/\/api.w.org\/{rel}","templated":true}]}}