{"id":717878,"date":"2025-08-27T18:01:06","date_gmt":"2025-08-27T15:01:06","guid":{"rendered":"https:\/\/roveyayinevi.com.tr\/index.php\/urun\/icimizdeki-seytan-9\/"},"modified":"2026-04-16T02:26:14","modified_gmt":"2026-04-15T23:26:14","slug":"icimizdeki-seytan-9","status":"publish","type":"product","link":"https:\/\/roveyayinevi.com.tr\/index.php\/urun\/icimizdeki-seytan-9\/","title":{"rendered":"\u0130\u00e7imizdeki \u015eeytan"},"content":{"rendered":"<p>1940 y\u0131l\u0131nda yay\u0131mlanan \u0130\u00e7imizdeki \u015eeytan, karakterlerini ya\u015fad\u0131klar\u0131 d\u00f6nemin sosyal, politik, psikolojik ve d\u00fc\u015f\u00fcnsel d\u00fcnyalar\u0131yla birlikte ele al\u0131r. Romanda toplumsal d\u00fczenin bireyi etkisi alt\u0131na ald\u0131\u011f\u0131, \u00e7eli\u015fkilerle dolu bir ya\u015fama s\u00fcr\u00fckledi\u011fi, hesapla\u015fmalara zorlad\u0131\u011f\u0131 g\u00f6sterilir.Bireylerin i\u00e7lerinde b\u00fcy\u00fctt\u00fckleri \u015feytana, kendine ayd\u0131n diyenler \u00fczerinden bak\u0131lan \u0130\u00e7imizdeki \u015eeytan, bireysel davran\u0131\u015flar\u0131n alt\u0131nda yatan nedenleri sorgulamada \u00f6nemli bir yap\u0131t.<\/p>\n","protected":false},"excerpt":{"rendered":"<p>1940 y\u0131l\u0131nda yay\u0131mlanan \u0130\u00e7imizdeki \u015eeytan, karakterlerini ya\u015fad\u0131klar\u0131 d\u00f6nemin sosyal, politik, psikolojik ve d\u00fc\u015f\u00fcnsel d\u00fcnyalar\u0131yla birlikte ele al\u0131r. Romanda toplumsal d\u00fczenin bireyi etkisi alt\u0131na ald\u0131\u011f\u0131, \u00e7eli\u015fkilerle dolu<span class=\"excerpt-hellip\"> [\u2026]<\/span><\/p>\n","protected":false},"featured_media":0,"template":"","meta":{"_monsterinsights_skip_tracking":false,"_monsterinsights_sitenote_active":false,"_monsterinsights_sitenote_note":"","_monsterinsights_sitenote_category":0},"product_brand":[],"product_cat":[12291,12711],"product_tag":[],"class_list":{"0":"post-717878","1":"product","2":"type-product","3":"status-publish","5":"product_cat-edebiyat","6":"product_cat-roman-oyku","7":"pa_cilt-ciltsiz","8":"pa_tur-kitap","9":"pa_yayinevi-atac-yayinlari","10":"pa_yazar-sabahattin-ali","12":"first","13":"instock","14":"sale","15":"shipping-taxable","16":"purchasable","17":"product-type-simple"},"_links":{"self":[{"href":"https:\/\/roveyayinevi.com.tr\/index.php\/wp-json\/wp\/v2\/product\/717878","targetHints":{"allow":["GET"]}}],"collection":[{"href":"https:\/\/roveyayinevi.com.tr\/index.php\/wp-json\/wp\/v2\/product"}],"about":[{"href":"https:\/\/roveyayinevi.com.tr\/index.php\/wp-json\/wp\/v2\/types\/product"}],"wp:attachment":[{"href":"https:\/\/roveyayinevi.com.tr\/index.php\/wp-json\/wp\/v2\/media?parent=717878"}],"wp:term":[{"taxonomy":"product_brand","embeddable":true,"href":"https:\/\/roveyayinevi.com.tr\/index.php\/wp-json\/wp\/v2\/product_brand?post=717878"},{"taxonomy":"product_cat","embeddable":true,"href":"https:\/\/roveyayinevi.com.tr\/index.php\/wp-json\/wp\/v2\/product_cat?post=717878"},{"taxonomy":"product_tag","embeddable":true,"href":"https:\/\/roveyayinevi.com.tr\/index.php\/wp-json\/wp\/v2\/product_tag?post=717878"}],"curies":[{"name":"wp","href":"https:\/\/api.w.org\/{rel}","templated":true}]}}