{"id":717877,"date":"2025-08-27T18:01:05","date_gmt":"2025-08-27T15:01:05","guid":{"rendered":"https:\/\/roveyayinevi.com.tr\/index.php\/urun\/kurk-mantolu-madonna-13\/"},"modified":"2026-04-16T02:26:14","modified_gmt":"2026-04-15T23:26:14","slug":"kurk-mantolu-madonna-13","status":"publish","type":"product","link":"https:\/\/roveyayinevi.com.tr\/index.php\/urun\/kurk-mantolu-madonna-13\/","title":{"rendered":"K\u00fcrk Mantolu Madonna"},"content":{"rendered":"<p>Sabahattin Ali K\u00fcrk Mantolu Madonna\u2019da modern bir birey olarak kurgulad\u0131\u011f\u0131 Raif Efendi ile Maria Puder\u2019in a\u015fk hik\u00e2yesini anlat\u0131r. \u201cBo\u011fulacak kadar yaln\u0131z\u201dl\u0131k \u00e7eken kad\u0131n ile erkek, bu hallerinden kurtulmak i\u00e7in birbirlerine s\u0131\u011f\u0131n\u0131rlar. A\u015fklar\u0131n\u0131 ya\u015famaya \u00e7al\u0131\u015f\u0131rken toplum taraf\u0131ndan kendilerine bi\u00e7ilen rollerin d\u0131\u015f\u0131na \u00e7\u0131kan Raif Efendi ve Maria Puder\u2019in i\u00e7 d\u00fcnyalar\u0131n\u0131n da anlat\u0131lmas\u0131, roman\u0131n bir ba\u015fyap\u0131t olarak an\u0131lmas\u0131nda etkilidir.Yaln\u0131zl\u0131\u011f\u0131n varolu\u015fsal bir mesele olarak ele al\u0131nd\u0131\u011f\u0131 K\u00fcrk Mantolu Madonna, arada kalm\u0131\u015fl\u0131\u011f\u0131n m\u00fccadelesini okuyucuya aktar\u0131yor.<\/p>\n","protected":false},"excerpt":{"rendered":"<p>Sabahattin Ali K\u00fcrk Mantolu Madonna\u2019da modern bir birey olarak kurgulad\u0131\u011f\u0131 Raif Efendi ile Maria Puder\u2019in a\u015fk hik\u00e2yesini anlat\u0131r. \u201cBo\u011fulacak kadar yaln\u0131z\u201dl\u0131k \u00e7eken kad\u0131n ile erkek, bu<span class=\"excerpt-hellip\"> [\u2026]<\/span><\/p>\n","protected":false},"featured_media":0,"template":"","meta":{"_monsterinsights_skip_tracking":false,"_monsterinsights_sitenote_active":false,"_monsterinsights_sitenote_note":"","_monsterinsights_sitenote_category":0},"product_brand":[],"product_cat":[12291,12711],"product_tag":[],"class_list":{"0":"post-717877","1":"product","2":"type-product","3":"status-publish","5":"product_cat-edebiyat","6":"product_cat-roman-oyku","7":"pa_cilt-ciltsiz","8":"pa_tur-kitap","9":"pa_yayinevi-atac-yayinlari","10":"pa_yazar-sabahattin-ali","12":"first","13":"instock","14":"sale","15":"shipping-taxable","16":"purchasable","17":"product-type-simple"},"_links":{"self":[{"href":"https:\/\/roveyayinevi.com.tr\/index.php\/wp-json\/wp\/v2\/product\/717877","targetHints":{"allow":["GET"]}}],"collection":[{"href":"https:\/\/roveyayinevi.com.tr\/index.php\/wp-json\/wp\/v2\/product"}],"about":[{"href":"https:\/\/roveyayinevi.com.tr\/index.php\/wp-json\/wp\/v2\/types\/product"}],"wp:attachment":[{"href":"https:\/\/roveyayinevi.com.tr\/index.php\/wp-json\/wp\/v2\/media?parent=717877"}],"wp:term":[{"taxonomy":"product_brand","embeddable":true,"href":"https:\/\/roveyayinevi.com.tr\/index.php\/wp-json\/wp\/v2\/product_brand?post=717877"},{"taxonomy":"product_cat","embeddable":true,"href":"https:\/\/roveyayinevi.com.tr\/index.php\/wp-json\/wp\/v2\/product_cat?post=717877"},{"taxonomy":"product_tag","embeddable":true,"href":"https:\/\/roveyayinevi.com.tr\/index.php\/wp-json\/wp\/v2\/product_tag?post=717877"}],"curies":[{"name":"wp","href":"https:\/\/api.w.org\/{rel}","templated":true}]}}