{"id":717876,"date":"2025-08-27T18:01:05","date_gmt":"2025-08-27T15:01:05","guid":{"rendered":"https:\/\/roveyayinevi.com.tr\/index.php\/urun\/kuyucakli-yusuf-12\/"},"modified":"2026-04-16T02:26:14","modified_gmt":"2026-04-15T23:26:14","slug":"kuyucakli-yusuf-12","status":"publish","type":"product","link":"https:\/\/roveyayinevi.com.tr\/index.php\/urun\/kuyucakli-yusuf-12\/","title":{"rendered":"Kuyucakl\u0131 Yusuf"},"content":{"rendered":"<p>\u201cSosyal ger\u00e7eklikle insan\u00ee ger\u00e7ekli\u011fin\u201d uyum i\u00e7inde anlat\u0131ld\u0131\u011f\u0131 Kuyucakl\u0131 Yusuf, Anadolu\u2019daki toplumsal d\u00fczene ele\u015ftiri y\u00f6neltmesi bak\u0131m\u0131ndan de\u011ferlidir. K\u00fc\u00e7\u00fck ya\u015fta ailesini kaybeden Kuyucakl\u0131 Yusuf, adaletsiz d\u00fczen i\u00e7inde m\u00fccadele ederken di\u011fer yandan bir a\u015fk girdab\u0131n\u0131n da i\u00e7ine girer. Hem sosyal hayat\u0131nda hem de a\u015fk hayat\u0131nda toplumla uyu\u015famayan Kuyucakl\u0131 Yusuf, kendisini bir kimlik aray\u0131\u015f\u0131n\u0131n i\u00e7inde bulur.D\u00f6nemin sosyok\u00fclt\u00fcrel hayat\u0131na \u0131\u015f\u0131k tutan Kuyucakl\u0131 Yusuf, g\u00fcn\u00fcm\u00fczde t\u00fcm canl\u0131l\u0131\u011f\u0131yla yerini korur.<\/p>\n","protected":false},"excerpt":{"rendered":"<p>\u201cSosyal ger\u00e7eklikle insan\u00ee ger\u00e7ekli\u011fin\u201d uyum i\u00e7inde anlat\u0131ld\u0131\u011f\u0131 Kuyucakl\u0131 Yusuf, Anadolu\u2019daki toplumsal d\u00fczene ele\u015ftiri y\u00f6neltmesi bak\u0131m\u0131ndan de\u011ferlidir. K\u00fc\u00e7\u00fck ya\u015fta ailesini kaybeden Kuyucakl\u0131 Yusuf, adaletsiz d\u00fczen i\u00e7inde m\u00fccadele<span class=\"excerpt-hellip\"> [\u2026]<\/span><\/p>\n","protected":false},"featured_media":0,"template":"","meta":{"_monsterinsights_skip_tracking":false,"_monsterinsights_sitenote_active":false,"_monsterinsights_sitenote_note":"","_monsterinsights_sitenote_category":0},"product_brand":[],"product_cat":[12291,12711],"product_tag":[],"class_list":{"0":"post-717876","1":"product","2":"type-product","3":"status-publish","5":"product_cat-edebiyat","6":"product_cat-roman-oyku","7":"pa_cilt-ciltsiz","8":"pa_tur-kitap","9":"pa_yayinevi-atac-yayinlari","10":"pa_yazar-sabahattin-ali","12":"first","13":"instock","14":"sale","15":"shipping-taxable","16":"purchasable","17":"product-type-simple"},"_links":{"self":[{"href":"https:\/\/roveyayinevi.com.tr\/index.php\/wp-json\/wp\/v2\/product\/717876","targetHints":{"allow":["GET"]}}],"collection":[{"href":"https:\/\/roveyayinevi.com.tr\/index.php\/wp-json\/wp\/v2\/product"}],"about":[{"href":"https:\/\/roveyayinevi.com.tr\/index.php\/wp-json\/wp\/v2\/types\/product"}],"wp:attachment":[{"href":"https:\/\/roveyayinevi.com.tr\/index.php\/wp-json\/wp\/v2\/media?parent=717876"}],"wp:term":[{"taxonomy":"product_brand","embeddable":true,"href":"https:\/\/roveyayinevi.com.tr\/index.php\/wp-json\/wp\/v2\/product_brand?post=717876"},{"taxonomy":"product_cat","embeddable":true,"href":"https:\/\/roveyayinevi.com.tr\/index.php\/wp-json\/wp\/v2\/product_cat?post=717876"},{"taxonomy":"product_tag","embeddable":true,"href":"https:\/\/roveyayinevi.com.tr\/index.php\/wp-json\/wp\/v2\/product_tag?post=717876"}],"curies":[{"name":"wp","href":"https:\/\/api.w.org\/{rel}","templated":true}]}}