{"id":717875,"date":"2025-08-27T18:01:04","date_gmt":"2025-08-27T15:01:04","guid":{"rendered":"https:\/\/roveyayinevi.com.tr\/index.php\/urun\/fotograf-yazilari\/"},"modified":"2026-04-16T02:26:14","modified_gmt":"2026-04-15T23:26:14","slug":"fotograf-yazilari","status":"publish","type":"product","link":"https:\/\/roveyayinevi.com.tr\/index.php\/urun\/fotograf-yazilari\/","title":{"rendered":"Foto\u011fraf Yaz\u0131lar\u0131"},"content":{"rendered":"<p>\u201cWalter Benjamin foto\u011fraf\u0131 hat\u0131rlatmaktan hi\u00e7 vazge\u00e7medi. Tarih boyunca de\u011fi\u015fen, uyum sa\u011flayan, geli\u015fen bir \u015fey olarak foto\u011fraf\u0131n izini s\u00fcren g\u00fc\u00e7l\u00fc bir foto\u011fraf ele\u015ftirmeniydi. Foto\u011fraf\u0131n bir tarihi, bir hayat\u0131 oldu\u011funa inand\u0131. [&#8230;] Benjamin\u2019in g\u00f6zlemledi\u011fi \u00fczere foto\u011fraf iktidardakiler ve geleneksel sanata gere\u011finden fazla \u00f6zlem duyanlar taraf\u0131ndan k\u00f6t\u00fcye kullan\u0131labilir ve kullan\u0131lm\u0131\u015ft\u0131r da [&#8230;] Foto\u011fraf yozla\u015fabilir. \u0130\u00e7inde bulundu\u011fu zamandan ayr\u0131 d\u00fc\u015febilir ya da (foto\u011fraftaki) \u00f6zneleri genel olarak k\u00f6t\u00fcye kulland\u0131\u011f\u0131 gibi onu da k\u00f6t\u00fcye kullanan bask\u0131c\u0131 g\u00fc\u00e7lerin g\u00fcd\u00fcm\u00fcne girebilir. Benjamin\u2019in foto\u011frafa dair ve foto\u011fraf\u0131n y\u00f6r\u00fcngesindeki \u00e7e\u015fitli yaz\u0131lar\u0131yla ama\u00e7lad\u0131\u011f\u0131 \u015fey, panoramik bir bak\u0131\u015fla okurunu bu arac\u0131n potansiyeli ve ger\u00e7ekli\u011fi konusunda e\u011fitmektir.\u201d Walter Benjamin\u2019in foto\u011fraf yaz\u0131lar\u0131ndan olu\u015fan bu derleme a\u015fina oldu\u011fumuz foto\u011frafa ba\u015fka bir g\u00f6zle tekrar bakma, i\u015flevini, imk\u00e2nlar\u0131n\u0131 yeniden d\u00fc\u015f\u00fcnme olana\u011f\u0131 sunuyor; foto\u011fraf\u0131n zaman i\u00e7inde kazand\u0131\u011f\u0131 ve kazand\u0131rd\u0131\u011f\u0131 farkl\u0131 anlamlar\u0131n izini s\u00fcr\u00fcyor. Bu derlemede yer alan t\u00fcm yaz\u0131lar Leslie\u2019nin sunu\u015fuyla a\u00e7\u0131l\u0131yor, de\u011finilen ki\u015fi ve kavramlar\u0131n a\u00e7\u0131kland\u0131\u011f\u0131 s\u00f6zl\u00fcklerle sona eriyor. Kitapta ayr\u0131ca Benjamin\u2019in at\u0131fta bulundu\u011fu foto\u011fraflardan \u00f6rnekler de yer al\u0131yor. <\/p>\n","protected":false},"excerpt":{"rendered":"<p>\u201cWalter Benjamin foto\u011fraf\u0131 hat\u0131rlatmaktan hi\u00e7 vazge\u00e7medi. Tarih boyunca de\u011fi\u015fen, uyum sa\u011flayan, geli\u015fen bir \u015fey olarak foto\u011fraf\u0131n izini s\u00fcren g\u00fc\u00e7l\u00fc bir foto\u011fraf ele\u015ftirmeniydi. Foto\u011fraf\u0131n bir tarihi, bir<span class=\"excerpt-hellip\"> [\u2026]<\/span><\/p>\n","protected":false},"featured_media":0,"template":"","meta":{"_monsterinsights_skip_tracking":false,"_monsterinsights_sitenote_active":false,"_monsterinsights_sitenote_note":"","_monsterinsights_sitenote_category":0},"product_brand":[],"product_cat":[12409,12408],"product_tag":[],"class_list":{"0":"post-717875","1":"product","2":"type-product","3":"status-publish","5":"product_cat-fotograf-sinema-tiyatro","6":"product_cat-sanat","7":"pa_cilt-ciltsiz","8":"pa_tur-kitap","9":"pa_yayinevi-kolektif-kitap","10":"pa_yazar-walter-benjamin","12":"first","13":"instock","14":"sale","15":"shipping-taxable","16":"purchasable","17":"product-type-simple"},"_links":{"self":[{"href":"https:\/\/roveyayinevi.com.tr\/index.php\/wp-json\/wp\/v2\/product\/717875","targetHints":{"allow":["GET"]}}],"collection":[{"href":"https:\/\/roveyayinevi.com.tr\/index.php\/wp-json\/wp\/v2\/product"}],"about":[{"href":"https:\/\/roveyayinevi.com.tr\/index.php\/wp-json\/wp\/v2\/types\/product"}],"wp:attachment":[{"href":"https:\/\/roveyayinevi.com.tr\/index.php\/wp-json\/wp\/v2\/media?parent=717875"}],"wp:term":[{"taxonomy":"product_brand","embeddable":true,"href":"https:\/\/roveyayinevi.com.tr\/index.php\/wp-json\/wp\/v2\/product_brand?post=717875"},{"taxonomy":"product_cat","embeddable":true,"href":"https:\/\/roveyayinevi.com.tr\/index.php\/wp-json\/wp\/v2\/product_cat?post=717875"},{"taxonomy":"product_tag","embeddable":true,"href":"https:\/\/roveyayinevi.com.tr\/index.php\/wp-json\/wp\/v2\/product_tag?post=717875"}],"curies":[{"name":"wp","href":"https:\/\/api.w.org\/{rel}","templated":true}]}}