{"id":717873,"date":"2025-08-27T18:01:03","date_gmt":"2025-08-27T15:01:03","guid":{"rendered":"https:\/\/roveyayinevi.com.tr\/index.php\/urun\/financial-engineering-and-risk-management\/"},"modified":"2026-01-23T02:31:17","modified_gmt":"2026-01-22T23:31:17","slug":"financial-engineering-and-risk-management","status":"publish","type":"product","link":"https:\/\/roveyayinevi.com.tr\/index.php\/urun\/financial-engineering-and-risk-management\/","title":{"rendered":"F\u0131nanc\u0131al Eng\u0131neer\u0131ng and R\u0131sk Management"},"content":{"rendered":"<p>FINANCIAL ENGINEERINGMODERN PORTFOLIO THEORY AND CALCULATION OF PORTFOLIO RISKCONTINUOUS TIME MODELSTERM STRUCTURE AND YIELD CUR MODELLINGVOLATILITY MODELING TECHNIQUES <\/p>\n","protected":false},"excerpt":{"rendered":"<p>FINANCIAL ENGINEERINGMODERN PORTFOLIO THEORY AND CALCULATION OF PORTFOLIO RISKCONTINUOUS TIME MODELSTERM STRUCTURE AND YIELD CUR MODELLINGVOLATILITY MODELING TECHNIQUES<\/p>\n","protected":false},"featured_media":0,"template":"","meta":{"_monsterinsights_skip_tracking":false,"_monsterinsights_sitenote_active":false,"_monsterinsights_sitenote_note":"","_monsterinsights_sitenote_category":0},"product_brand":[],"product_cat":[13043,14381],"product_tag":[],"class_list":{"0":"post-717873","1":"product","2":"type-product","3":"status-publish","5":"product_cat-ekonomi","6":"product_cat-isletme-muhasebe-maliye","7":"pa_cilt-ciltsiz","8":"pa_tur-kitap","9":"pa_yayinevi-gazi-kitabevi","10":"pa_yazar-serdar-kuzu","12":"first","13":"instock","14":"sale","15":"shipping-taxable","16":"purchasable","17":"product-type-simple"},"_links":{"self":[{"href":"https:\/\/roveyayinevi.com.tr\/index.php\/wp-json\/wp\/v2\/product\/717873","targetHints":{"allow":["GET"]}}],"collection":[{"href":"https:\/\/roveyayinevi.com.tr\/index.php\/wp-json\/wp\/v2\/product"}],"about":[{"href":"https:\/\/roveyayinevi.com.tr\/index.php\/wp-json\/wp\/v2\/types\/product"}],"wp:attachment":[{"href":"https:\/\/roveyayinevi.com.tr\/index.php\/wp-json\/wp\/v2\/media?parent=717873"}],"wp:term":[{"taxonomy":"product_brand","embeddable":true,"href":"https:\/\/roveyayinevi.com.tr\/index.php\/wp-json\/wp\/v2\/product_brand?post=717873"},{"taxonomy":"product_cat","embeddable":true,"href":"https:\/\/roveyayinevi.com.tr\/index.php\/wp-json\/wp\/v2\/product_cat?post=717873"},{"taxonomy":"product_tag","embeddable":true,"href":"https:\/\/roveyayinevi.com.tr\/index.php\/wp-json\/wp\/v2\/product_tag?post=717873"}],"curies":[{"name":"wp","href":"https:\/\/api.w.org\/{rel}","templated":true}]}}