{"id":717871,"date":"2025-08-27T18:01:02","date_gmt":"2025-08-27T15:01:02","guid":{"rendered":"https:\/\/roveyayinevi.com.tr\/index.php\/urun\/mehmet-ali-aybar-ile-soylesi-sosyalizm-ve-bagimsizlik\/"},"modified":"2026-04-16T02:26:14","modified_gmt":"2026-04-15T23:26:14","slug":"mehmet-ali-aybar-ile-soylesi-sosyalizm-ve-bagimsizlik","status":"publish","type":"product","link":"https:\/\/roveyayinevi.com.tr\/index.php\/urun\/mehmet-ali-aybar-ile-soylesi-sosyalizm-ve-bagimsizlik\/","title":{"rendered":"Mehmet Ali Aybar ile S\u00f6yle\u015fi Sosyalizm ve Ba\u011f\u0131ms\u0131zl\u0131k"},"content":{"rendered":"<p>Mehmet Ali Aybar ile S\u00f6yle\u015fi Sosyalizm ve Ba\u011f\u0131ms\u0131zl\u0131k<\/p>\n","protected":false},"excerpt":{"rendered":"<p>Mehmet Ali Aybar ile S\u00f6yle\u015fi Sosyalizm ve Ba\u011f\u0131ms\u0131zl\u0131k<\/p>\n","protected":false},"featured_media":0,"template":"","meta":{"_monsterinsights_skip_tracking":false,"_monsterinsights_sitenote_active":false,"_monsterinsights_sitenote_note":"","_monsterinsights_sitenote_category":0},"product_brand":[],"product_cat":[12337,16547],"product_tag":[],"class_list":{"0":"post-717871","1":"product","2":"type-product","3":"status-publish","5":"product_cat-politika-siyaset","6":"product_cat-sol-hareketler","7":"pa_cilt-ciltsiz","8":"pa_tur-kitap","9":"pa_yayinevi-umag-yayinevi","10":"pa_yazar-ugur-mumcu","12":"first","13":"instock","14":"sale","15":"shipping-taxable","16":"purchasable","17":"product-type-simple"},"_links":{"self":[{"href":"https:\/\/roveyayinevi.com.tr\/index.php\/wp-json\/wp\/v2\/product\/717871","targetHints":{"allow":["GET"]}}],"collection":[{"href":"https:\/\/roveyayinevi.com.tr\/index.php\/wp-json\/wp\/v2\/product"}],"about":[{"href":"https:\/\/roveyayinevi.com.tr\/index.php\/wp-json\/wp\/v2\/types\/product"}],"wp:attachment":[{"href":"https:\/\/roveyayinevi.com.tr\/index.php\/wp-json\/wp\/v2\/media?parent=717871"}],"wp:term":[{"taxonomy":"product_brand","embeddable":true,"href":"https:\/\/roveyayinevi.com.tr\/index.php\/wp-json\/wp\/v2\/product_brand?post=717871"},{"taxonomy":"product_cat","embeddable":true,"href":"https:\/\/roveyayinevi.com.tr\/index.php\/wp-json\/wp\/v2\/product_cat?post=717871"},{"taxonomy":"product_tag","embeddable":true,"href":"https:\/\/roveyayinevi.com.tr\/index.php\/wp-json\/wp\/v2\/product_tag?post=717871"}],"curies":[{"name":"wp","href":"https:\/\/api.w.org\/{rel}","templated":true}]}}