{"id":717868,"date":"2025-08-27T18:01:00","date_gmt":"2025-08-27T15:01:00","guid":{"rendered":"https:\/\/roveyayinevi.com.tr\/index.php\/urun\/buyulu-telgraf\/"},"modified":"2026-04-11T13:45:14","modified_gmt":"2026-04-11T10:45:14","slug":"buyulu-telgraf","status":"publish","type":"product","link":"https:\/\/roveyayinevi.com.tr\/index.php\/urun\/buyulu-telgraf\/","title":{"rendered":"B\u00fcy\u00fcl\u00fc Telgraf"},"content":{"rendered":"<p>Telgraf telleriyle sevgiyi bir \u015fehirden \u00f6tekine ta\u015f\u0131mak zor olsa da, k\u00fc\u00e7\u00fck telgraf da\u011f\u0131t\u0131c\u0131s\u0131 engel tan\u0131m\u0131yor!Kendini bildi bileli hayallerini s\u00fcsleyen bisikletli telgraf da\u011f\u0131t\u0131c\u0131l\u0131\u011f\u0131 g\u00f6revini ge\u00e7ici bir s\u00fcreli\u011fine \u00fcstlenen k\u00fc\u00e7\u00fck Ekin, b\u00fcy\u00fck hevesle da\u011f\u0131t\u0131ma ba\u015flar. Bu g\u00f6revin ilk ve en \u00f6nemli kural\u0131, her daim nazik olmak ve ne pahas\u0131na olursa olsun (!) telgraflar\u0131 okumamakt\u0131r. Kasaban\u0131n ya\u015fl\u0131 ve huysuz ihtiyar\u0131 Bay H\u0131mh\u0131m g\u00fcn\u00fcn birinde hi\u00e7 beklenmedik bir telgraf al\u0131r. \u00c7ok uzaklardan gelen telgraf\u0131 okudu\u011funda sanki o ge\u00e7imsiz adam gitmi\u015f, yerine pamuk gibi bir dede gelmi\u015ftir. Ama olaylar\u0131n ak\u0131\u015f\u0131 ya\u015fl\u0131 adam\u0131 yine \u00f6fkeye s\u00fcr\u00fckler. Ekin, neler olup bitti\u011fini anlay\u0131p Bay H\u0131mh\u0131m&#8217;a yard\u0131m eli uzatabilmek i\u00e7in telgrafa g\u00f6z atmay\u0131 m\u0131, yoksa kurallara uygun davran\u0131p ya\u015fananlara seyirci kalmay\u0131 m\u0131 tercih etmelidir?Yazar Sally Nicholls ve \u00e7izer Sheena Dempsey&#8217;nin ortak imzas\u0131n\u0131 ta\u015f\u0131yan B\u00fcy\u00fcl\u00fc Telgraf, Tudem\u2019in, okumaya isteksiz ve okuma g\u00fc\u00e7l\u00fc\u011f\u00fc \u00e7eken \u00e7ocuklar i\u00e7in \u00f6zel olarak haz\u0131rlad\u0131\u011f\u0131 SEN de OKU koleksiyonundaki yerini al\u0131yor!Kelimelerle m\u00fccadele eden \u00e7ocuklar, k\u00fc\u00e7\u00fck Ekin&#8217;in s\u00fcrprizlere dolu telgraf da\u011f\u0131t\u0131c\u0131l\u0131\u011f\u0131 g\u00f6revine tan\u0131kl\u0131k ederken, okuma sevgisi kazan\u0131yor!<\/p>\n","protected":false},"excerpt":{"rendered":"<p>Telgraf telleriyle sevgiyi bir \u015fehirden \u00f6tekine ta\u015f\u0131mak zor olsa da, k\u00fc\u00e7\u00fck telgraf da\u011f\u0131t\u0131c\u0131s\u0131 engel tan\u0131m\u0131yor!Kendini bildi bileli hayallerini s\u00fcsleyen bisikletli telgraf da\u011f\u0131t\u0131c\u0131l\u0131\u011f\u0131 g\u00f6revini ge\u00e7ici bir s\u00fcreli\u011fine<span class=\"excerpt-hellip\"> [\u2026]<\/span><\/p>\n","protected":false},"featured_media":0,"template":"","meta":{"_monsterinsights_skip_tracking":false,"_monsterinsights_sitenote_active":false,"_monsterinsights_sitenote_note":"","_monsterinsights_sitenote_category":0},"product_brand":[],"product_cat":[12274,12284],"product_tag":[],"class_list":{"0":"post-717868","1":"product","2":"type-product","3":"status-publish","5":"product_cat-cocuk-ve-genclik-kitaplari","6":"product_cat-hikayeler","7":"pa_cilt-ciltsiz","8":"pa_tur-kitap","9":"pa_yayinevi-tudem-yayinlari","10":"pa_yazar-sally-nicholls","12":"first","13":"instock","14":"sale","15":"shipping-taxable","16":"purchasable","17":"product-type-simple"},"_links":{"self":[{"href":"https:\/\/roveyayinevi.com.tr\/index.php\/wp-json\/wp\/v2\/product\/717868","targetHints":{"allow":["GET"]}}],"collection":[{"href":"https:\/\/roveyayinevi.com.tr\/index.php\/wp-json\/wp\/v2\/product"}],"about":[{"href":"https:\/\/roveyayinevi.com.tr\/index.php\/wp-json\/wp\/v2\/types\/product"}],"wp:attachment":[{"href":"https:\/\/roveyayinevi.com.tr\/index.php\/wp-json\/wp\/v2\/media?parent=717868"}],"wp:term":[{"taxonomy":"product_brand","embeddable":true,"href":"https:\/\/roveyayinevi.com.tr\/index.php\/wp-json\/wp\/v2\/product_brand?post=717868"},{"taxonomy":"product_cat","embeddable":true,"href":"https:\/\/roveyayinevi.com.tr\/index.php\/wp-json\/wp\/v2\/product_cat?post=717868"},{"taxonomy":"product_tag","embeddable":true,"href":"https:\/\/roveyayinevi.com.tr\/index.php\/wp-json\/wp\/v2\/product_tag?post=717868"}],"curies":[{"name":"wp","href":"https:\/\/api.w.org\/{rel}","templated":true}]}}