{"id":717866,"date":"2025-08-27T18:00:59","date_gmt":"2025-08-27T15:00:59","guid":{"rendered":"https:\/\/roveyayinevi.com.tr\/index.php\/urun\/kimsin-sen-2\/"},"modified":"2026-04-12T02:31:09","modified_gmt":"2026-04-11T23:31:09","slug":"kimsin-sen-2","status":"publish","type":"product","link":"https:\/\/roveyayinevi.com.tr\/index.php\/urun\/kimsin-sen-2\/","title":{"rendered":"Kimsin Sen ?"},"content":{"rendered":"<p>\u0130nsan\u0131n ger\u00e7ek potansiyelini ortaya koyabildi\u011fi anlaml\u0131 ve mutlu bir ya\u015fam ancak kendini ger\u00e7ek\u00e7i bir \u015fekilde tan\u0131yarak yeteneklerinin ve s\u0131n\u0131rl\u0131l\u0131klar\u0131n\u0131n fark\u0131nda olmas\u0131yla m\u00fcmk\u00fcnd\u00fcr. Bu kitap kendinizi ger\u00e7ek\u00e7i olarak tan\u0131ma ve anlama yolunda size e\u015flik edecek. Cem Ke\u00e7e Psikoterapist &#8211; Yazar Hayat, ba\u015flay\u0131p biter evet ama ya yolda \u00f6\u011frenilenler? Geli\u015fme b\u00f6l\u00fcm\u00fc, hayat\u0131n\u0131za nas\u0131l de\u011fer katabilece\u011finizle \u015fekillenmiyor mu asl\u0131nda? Buna dair \u00e7ok samimi bir \u00f6\u011freti ama \u00f6\u011fretti\u011fini iddia etmiyor. Ger\u00e7ek iddia da bu de\u011fil mi? Op. Dr. G\u00f6k\u00e7en Erdo\u011fan \u201cKimsin sen?\u201d \u0130nsan\u0131n anlam aray\u0131\u015f\u0131na y\u00f6nelik \u00e7abas\u0131n\u0131n en temel sorular\u0131ndan biri\u2026 Herkes ya\u015fam\u0131n\u0131n bir noktas\u0131nda bu soruyu kendisine sorarken bulur kendini\u2026 Bu kitap ile bu soruyu belki ilk kez soracak, belki de yan\u0131tlar\u0131n\u0131z\u0131 tekrar g\u00f6zden ge\u00e7irmek isteyeceksiniz. Selen Ya\u011f\u00e7\u0131 Pusula Yay\u0131nevi <\/p>\n","protected":false},"excerpt":{"rendered":"<p>\u0130nsan\u0131n ger\u00e7ek potansiyelini ortaya koyabildi\u011fi anlaml\u0131 ve mutlu bir ya\u015fam ancak kendini ger\u00e7ek\u00e7i bir \u015fekilde tan\u0131yarak yeteneklerinin ve s\u0131n\u0131rl\u0131l\u0131klar\u0131n\u0131n fark\u0131nda olmas\u0131yla m\u00fcmk\u00fcnd\u00fcr. Bu kitap kendinizi ger\u00e7ek\u00e7i<span class=\"excerpt-hellip\"> [\u2026]<\/span><\/p>\n","protected":false},"featured_media":0,"template":"","meta":{"_monsterinsights_skip_tracking":false,"_monsterinsights_sitenote_active":false,"_monsterinsights_sitenote_note":"","_monsterinsights_sitenote_category":0},"product_brand":[],"product_cat":[12364,12376],"product_tag":[],"class_list":{"0":"post-717866","1":"product","2":"type-product","3":"status-publish","5":"product_cat-genel-konular","6":"product_cat-kisisel-gelisim","7":"pa_cilt-ciltsiz","8":"pa_tur-kitap","9":"pa_yayinevi-pusula-yayinevi-ankara","10":"pa_yazar-osman-erdogan","12":"first","13":"instock","14":"sale","15":"shipping-taxable","16":"purchasable","17":"product-type-simple"},"_links":{"self":[{"href":"https:\/\/roveyayinevi.com.tr\/index.php\/wp-json\/wp\/v2\/product\/717866","targetHints":{"allow":["GET"]}}],"collection":[{"href":"https:\/\/roveyayinevi.com.tr\/index.php\/wp-json\/wp\/v2\/product"}],"about":[{"href":"https:\/\/roveyayinevi.com.tr\/index.php\/wp-json\/wp\/v2\/types\/product"}],"wp:attachment":[{"href":"https:\/\/roveyayinevi.com.tr\/index.php\/wp-json\/wp\/v2\/media?parent=717866"}],"wp:term":[{"taxonomy":"product_brand","embeddable":true,"href":"https:\/\/roveyayinevi.com.tr\/index.php\/wp-json\/wp\/v2\/product_brand?post=717866"},{"taxonomy":"product_cat","embeddable":true,"href":"https:\/\/roveyayinevi.com.tr\/index.php\/wp-json\/wp\/v2\/product_cat?post=717866"},{"taxonomy":"product_tag","embeddable":true,"href":"https:\/\/roveyayinevi.com.tr\/index.php\/wp-json\/wp\/v2\/product_tag?post=717866"}],"curies":[{"name":"wp","href":"https:\/\/api.w.org\/{rel}","templated":true}]}}