{"id":717865,"date":"2025-08-27T18:00:58","date_gmt":"2025-08-27T15:00:58","guid":{"rendered":"https:\/\/roveyayinevi.com.tr\/index.php\/urun\/efsaneler-2\/"},"modified":"2026-04-13T02:32:04","modified_gmt":"2026-04-12T23:32:04","slug":"efsaneler-2","status":"publish","type":"product","link":"https:\/\/roveyayinevi.com.tr\/index.php\/urun\/efsaneler-2\/","title":{"rendered":"Efsaneler"},"content":{"rendered":"<p>Stefan Zweig, Efsaneler\u2019inde \u00fc\u00e7 ibret verici hik\u00e2ye ile insanl\u0131k aray\u0131\u015f\u0131n\u0131 ele al\u0131yor; hik\u00e2ye edilen ki\u015filerin gerek Tanr\u0131ya yak\u0131n olma ihtiyac\u0131n\u0131, gerekse kimlik aray\u0131\u015f\u0131n\u0131 ve hayat\u0131n anlam\u0131n\u0131 konu ediyor. Eski Ahit ve Bhagavad Gita gibi kutsal kitaplardan esinlenerek ki\u015filerin imtihanlar\u0131n\u0131 e\u015fsiz kurgusuyla okurlara sunuyor. Zweig, \u015fiddete kar\u015f\u0131 uyar\u0131rken, merhamet etmeyi unutmamam\u0131z gerekti\u011fini bizlere hat\u0131rlat\u0131yor ve hem bireysel hem toplumsal \u00f6zg\u00fcrl\u00fc\u011f\u00fcn alt\u0131n\u0131 \u00e7izerek insanl\u0131\u011fa \u00f6nemli dersler veriyor. Bu kitab\u0131n her hik\u00e2yesiyle farkl\u0131 d\u00fcnyalar\u0131 ke\u015ffedecek, sava\u015f, din ve ahlak konular\u0131 hakk\u0131nda d\u00fc\u015f\u00fcnmeye ba\u015flayacaks\u0131n\u0131z. Zweig\u2019\u0131n kendi de\u011fi\u015fiyle efsaneler \u201c[&#8230;] inanmamakla [&#8230;] inanman\u0131n kar\u0131\u015f\u0131m\u0131 olan, yeni ve daha y\u00fcce bir okuma zevki.\u201d Efsanelerin orijinal ilk bask\u0131s\u0131nda kitab\u0131n amac\u0131 \u015fu \u015fekilde a\u00e7\u0131klan\u0131yor; korkulu karanl\u0131kta kaybolmu\u015f yeti\u015fkinlere masal anlatmak.<\/p>\n","protected":false},"excerpt":{"rendered":"<p>Stefan Zweig, Efsaneler\u2019inde \u00fc\u00e7 ibret verici hik\u00e2ye ile insanl\u0131k aray\u0131\u015f\u0131n\u0131 ele al\u0131yor; hik\u00e2ye edilen ki\u015filerin gerek Tanr\u0131ya yak\u0131n olma ihtiyac\u0131n\u0131, gerekse kimlik aray\u0131\u015f\u0131n\u0131 ve hayat\u0131n anlam\u0131n\u0131<span class=\"excerpt-hellip\"> [\u2026]<\/span><\/p>\n","protected":false},"featured_media":0,"template":"","meta":{"_monsterinsights_skip_tracking":false,"_monsterinsights_sitenote_active":false,"_monsterinsights_sitenote_note":"","_monsterinsights_sitenote_category":0},"product_brand":[],"product_cat":[12291,12711],"product_tag":[],"class_list":{"0":"post-717865","1":"product","2":"type-product","3":"status-publish","5":"product_cat-edebiyat","6":"product_cat-roman-oyku","7":"pa_cilt-ciltsiz","8":"pa_tur-kitap","9":"pa_yayinevi-dogu-bati-yayinlari","10":"pa_yazar-stefan-zweig","12":"first","13":"instock","14":"sale","15":"shipping-taxable","16":"purchasable","17":"product-type-simple"},"_links":{"self":[{"href":"https:\/\/roveyayinevi.com.tr\/index.php\/wp-json\/wp\/v2\/product\/717865","targetHints":{"allow":["GET"]}}],"collection":[{"href":"https:\/\/roveyayinevi.com.tr\/index.php\/wp-json\/wp\/v2\/product"}],"about":[{"href":"https:\/\/roveyayinevi.com.tr\/index.php\/wp-json\/wp\/v2\/types\/product"}],"wp:attachment":[{"href":"https:\/\/roveyayinevi.com.tr\/index.php\/wp-json\/wp\/v2\/media?parent=717865"}],"wp:term":[{"taxonomy":"product_brand","embeddable":true,"href":"https:\/\/roveyayinevi.com.tr\/index.php\/wp-json\/wp\/v2\/product_brand?post=717865"},{"taxonomy":"product_cat","embeddable":true,"href":"https:\/\/roveyayinevi.com.tr\/index.php\/wp-json\/wp\/v2\/product_cat?post=717865"},{"taxonomy":"product_tag","embeddable":true,"href":"https:\/\/roveyayinevi.com.tr\/index.php\/wp-json\/wp\/v2\/product_tag?post=717865"}],"curies":[{"name":"wp","href":"https:\/\/api.w.org\/{rel}","templated":true}]}}