{"id":717863,"date":"2025-08-27T18:00:57","date_gmt":"2025-08-27T15:00:57","guid":{"rendered":"https:\/\/roveyayinevi.com.tr\/index.php\/urun\/vucut-sahibinin-el-kitabi\/"},"modified":"2026-04-16T02:26:14","modified_gmt":"2026-04-15T23:26:14","slug":"vucut-sahibinin-el-kitabi","status":"publish","type":"product","link":"https:\/\/roveyayinevi.com.tr\/index.php\/urun\/vucut-sahibinin-el-kitabi\/","title":{"rendered":"V\u00fccut Sahibinin El Kitab\u0131"},"content":{"rendered":"<p>V\u00fccudumuzdaki yumu\u015fak ve \u0131slak \u015feylerin bilimi&#8230;V\u00fccut Sahibinin El Kitab\u0131&#8217;nda \u00f6\u011fretmeninin sana anlatmayaca\u011f\u0131, t\u00fcyler \u00fcrpertici detaylar\u0131 ke\u015ffedeceksin. \u0130ltihab\u0131n faydalar\u0131, kusman\u0131n hayati \u00f6nemi ve s\u00fcm\u00fck bilimi hakk\u0131nda derinlemesine bilgi sahibi olacak, v\u00fccudunu ve nas\u0131l \u00e7al\u0131\u015ft\u0131\u011f\u0131n\u0131 ke\u015ffedecek, v\u00fccuduna bakman\u0131n yollar\u0131n\u0131 \u00f6\u011freneceksin.V\u00fccudundaki her bir par\u00e7an\u0131n ne i\u015fe yarad\u0131\u011f\u0131n\u0131 ve olas\u0131 bir problemde nas\u0131l m\u00fccadele edece\u011fini g\u00f6receksin. V\u00fccudun hakk\u0131nda \u00f6\u011frenmek istedi\u011fin her \u015feyi ve sormaya dahi cesaret edemediklerini ke\u015ffet!<\/p>\n","protected":false},"excerpt":{"rendered":"<p>V\u00fccudumuzdaki yumu\u015fak ve \u0131slak \u015feylerin bilimi&#8230;V\u00fccut Sahibinin El Kitab\u0131&#8217;nda \u00f6\u011fretmeninin sana anlatmayaca\u011f\u0131, t\u00fcyler \u00fcrpertici detaylar\u0131 ke\u015ffedeceksin. \u0130ltihab\u0131n faydalar\u0131, kusman\u0131n hayati \u00f6nemi ve s\u00fcm\u00fck bilimi hakk\u0131nda derinlemesine<span class=\"excerpt-hellip\"> [\u2026]<\/span><\/p>\n","protected":false},"featured_media":0,"template":"","meta":{"_monsterinsights_skip_tracking":false,"_monsterinsights_sitenote_active":false,"_monsterinsights_sitenote_note":"","_monsterinsights_sitenote_category":0},"product_brand":[],"product_cat":[13829,12274],"product_tag":[],"class_list":{"0":"post-717863","1":"product","2":"type-product","3":"status-publish","5":"product_cat-bilimsel-kitaplar","6":"product_cat-cocuk-ve-genclik-kitaplari","7":"pa_cilt-ciltsiz","8":"pa_tur-kitap","9":"pa_yayinevi-eglenceli-bilgi-yayinlari","10":"pa_yazar-nick-arnold","12":"first","13":"instock","14":"sale","15":"shipping-taxable","16":"purchasable","17":"product-type-simple"},"_links":{"self":[{"href":"https:\/\/roveyayinevi.com.tr\/index.php\/wp-json\/wp\/v2\/product\/717863","targetHints":{"allow":["GET"]}}],"collection":[{"href":"https:\/\/roveyayinevi.com.tr\/index.php\/wp-json\/wp\/v2\/product"}],"about":[{"href":"https:\/\/roveyayinevi.com.tr\/index.php\/wp-json\/wp\/v2\/types\/product"}],"wp:attachment":[{"href":"https:\/\/roveyayinevi.com.tr\/index.php\/wp-json\/wp\/v2\/media?parent=717863"}],"wp:term":[{"taxonomy":"product_brand","embeddable":true,"href":"https:\/\/roveyayinevi.com.tr\/index.php\/wp-json\/wp\/v2\/product_brand?post=717863"},{"taxonomy":"product_cat","embeddable":true,"href":"https:\/\/roveyayinevi.com.tr\/index.php\/wp-json\/wp\/v2\/product_cat?post=717863"},{"taxonomy":"product_tag","embeddable":true,"href":"https:\/\/roveyayinevi.com.tr\/index.php\/wp-json\/wp\/v2\/product_tag?post=717863"}],"curies":[{"name":"wp","href":"https:\/\/api.w.org\/{rel}","templated":true}]}}