{"id":717861,"date":"2025-08-27T18:00:55","date_gmt":"2025-08-27T15:00:55","guid":{"rendered":"https:\/\/roveyayinevi.com.tr\/index.php\/urun\/hayvanlari-kesfet-karistir-eslestir\/"},"modified":"2026-04-16T02:26:14","modified_gmt":"2026-04-15T23:26:14","slug":"hayvanlari-kesfet-karistir-eslestir","status":"publish","type":"product","link":"https:\/\/roveyayinevi.com.tr\/index.php\/urun\/hayvanlari-kesfet-karistir-eslestir\/","title":{"rendered":"Hayvanlar\u0131 Ke\u015ffet &#8211; Kar\u0131\u015ft\u0131r E\u015fle\u015ftir"},"content":{"rendered":"<p>Hayvanlar\u0131n en e\u011flenceli haliyle tan\u0131\u015f\u0131rken, kar\u0131\u015ft\u0131r- e\u015fle\u015ftir oynamaya ne dersin?Filin hortumu, leyle\u011fin g\u00f6vdesi ve timsah ayaklar\u0131 bir arada nas\u0131l g\u00f6r\u00fcn\u00fcr acaba?Haydi kar\u0131\u015ft\u0131r- e\u015fle\u015ftir! E\u011flen ve \u00f6\u011fren!\u00c7ocuklar\u0131nG\u00f6rsel dikkat ve alg\u0131lar\u0131Kar\u015f\u0131la\u015ft\u0131rma ve ay\u0131rt etme yetenekleriFarkl\u0131 d\u00fc\u015f\u00fcnme becerileri geli\u015fir.<\/p>\n","protected":false},"excerpt":{"rendered":"<p>Hayvanlar\u0131n en e\u011flenceli haliyle tan\u0131\u015f\u0131rken, kar\u0131\u015ft\u0131r- e\u015fle\u015ftir oynamaya ne dersin?Filin hortumu, leyle\u011fin g\u00f6vdesi ve timsah ayaklar\u0131 bir arada nas\u0131l g\u00f6r\u00fcn\u00fcr acaba?Haydi kar\u0131\u015ft\u0131r- e\u015fle\u015ftir! E\u011flen ve \u00f6\u011fren!\u00c7ocuklar\u0131nG\u00f6rsel<span class=\"excerpt-hellip\"> [\u2026]<\/span><\/p>\n","protected":false},"featured_media":0,"template":"","meta":{"_monsterinsights_skip_tracking":false,"_monsterinsights_sitenote_active":false,"_monsterinsights_sitenote_note":"","_monsterinsights_sitenote_category":0},"product_brand":[],"product_cat":[15192,12274],"product_tag":[],"class_list":{"0":"post-717861","1":"product","2":"type-product","3":"status-publish","5":"product_cat-1-3-yas-kitaplari","6":"product_cat-cocuk-ve-genclik-kitaplari","7":"pa_cilt-ciltsiz","8":"pa_tur-kitap","9":"pa_yayinevi-sincap-kitap","10":"pa_yazar-m-sacide-kafali","12":"first","13":"instock","14":"sale","15":"shipping-taxable","16":"purchasable","17":"product-type-simple"},"_links":{"self":[{"href":"https:\/\/roveyayinevi.com.tr\/index.php\/wp-json\/wp\/v2\/product\/717861","targetHints":{"allow":["GET"]}}],"collection":[{"href":"https:\/\/roveyayinevi.com.tr\/index.php\/wp-json\/wp\/v2\/product"}],"about":[{"href":"https:\/\/roveyayinevi.com.tr\/index.php\/wp-json\/wp\/v2\/types\/product"}],"wp:attachment":[{"href":"https:\/\/roveyayinevi.com.tr\/index.php\/wp-json\/wp\/v2\/media?parent=717861"}],"wp:term":[{"taxonomy":"product_brand","embeddable":true,"href":"https:\/\/roveyayinevi.com.tr\/index.php\/wp-json\/wp\/v2\/product_brand?post=717861"},{"taxonomy":"product_cat","embeddable":true,"href":"https:\/\/roveyayinevi.com.tr\/index.php\/wp-json\/wp\/v2\/product_cat?post=717861"},{"taxonomy":"product_tag","embeddable":true,"href":"https:\/\/roveyayinevi.com.tr\/index.php\/wp-json\/wp\/v2\/product_tag?post=717861"}],"curies":[{"name":"wp","href":"https:\/\/api.w.org\/{rel}","templated":true}]}}