{"id":717860,"date":"2025-08-27T18:00:55","date_gmt":"2025-08-27T15:00:55","guid":{"rendered":"https:\/\/roveyayinevi.com.tr\/index.php\/urun\/otag-3-sultan-alparslan\/"},"modified":"2026-04-16T02:26:14","modified_gmt":"2026-04-15T23:26:14","slug":"otag-3-sultan-alparslan","status":"publish","type":"product","link":"https:\/\/roveyayinevi.com.tr\/index.php\/urun\/otag-3-sultan-alparslan\/","title":{"rendered":"Ota\u011f 3 &#8211; Sultan Alparslan"},"content":{"rendered":"<p>Ey Allah&#8217;\u0131m, sana mu\u0308vekkil oldum ve bu cihatla sana yakla\u015ft\u0131m, senin kat\u0131nda secdeye kapan\u0131yor ve yalvar\u0131yorum. Bu s\u00f6zlerim, ger\u00e7ek duygular\u0131m\u0131 ifade etmiyorsa beni yan\u0131mdaki yard\u0131mc\u0131lar\u0131m\u0131 ve askerlerimi yok et! E\u011feri\u00e7tenli\u011fimi kabul ediyorsan d\u00fc\u015fmanlarakar\u015f\u0131 bu cihatta bana yard\u0131m et ve beni muzaffer bir sultan k\u0131l!Sultan AlparslanAhmet \u015eim\u015firgil, Osmanl\u0131 \u0130mparatorlu\u011fu&#8217;nun b\u00fct\u00fcn safhalar\u0131n\u0131 anlatt\u0131\u011f\u0131 Kay\u0131&#8217;dan sonra, \u015fimdi de Ota\u011f ile eski T\u00fcrkleri anlat\u0131yor. Orta Asya&#8217;n\u0131n derinliklerindeki T\u00fcrk imgesi, ezberbozan bilgiler \u0131\u015f\u0131\u011f\u0131nda bir kez daha parl\u0131yor. \u015eim\u015firgil, serinin Ota\u011f 3- Horasan&#8217;dan Anadolu&#8217;ya Sel\u00e7uklular\/Sultan Alparslan ad\u0131n\u0131 verdi\u011fi \u00fc\u00e7\u00fcnc\u00fc kitab\u0131nda Cend&#8217;den at\u0131lan Sel\u00e7uklu okunun Malazgirt&#8217;te Sultan Alparslan komutas\u0131ndaki orduyla Anadolu&#8217;ya d\u00fc\u015ferek bu topraklar\u0131 nas\u0131l yurt edindiklerini t\u00fcm y\u00f6nleriyle anlat\u0131yor.Yedi iklime h\u00fckmetmi\u015f Osmanl\u0131 Devleti&#8217;nin atalar\u0131 Sel\u00e7uklular kimlerdi?Nas\u0131l ya\u015farlard\u0131, din\u00ee anlay\u0131\u015flar\u0131 nelerdi?B\u00fcy\u00fck Sel\u00e7uklu Devleti&#8217;nin temellerini atan Dandanakan Sava\u015f\u0131&#8217;nda neler ya\u015fand\u0131?\u0130ki T\u00fcrk-\u0130slam devletini kar\u015f\u0131 kar\u015f\u0131ya getiren sebepler nelerdi?Sel\u00e7uklu devlet te\u015fkilat\u0131n\u0131n temellerini atan \u00fcnl\u00fc vezir Nizam\u00fclm\u00fclk kimdir?Sel\u00e7uklu Sultan\u0131 Alparslan&#8217;\u0131 sultan yapan sava\u015f hangisiydi?Anadolu&#8217;yu T\u00fcrk yurdu yapan Malazgirt Sava\u015f\u0131&#8217;n\u0131 haz\u0131rlayan sebepler nelerdi?Malazgirt Sava\u015f\u0131 nas\u0131l cereyan etti? Hala konu\u015fulan sonu\u00e7lar\u0131 nelerdir?Sultan Alparslan esir \u0130mparator RomanosDiogenes&#8217;e nas\u0131l davrand\u0131?Yi\u011fitli\u011fi, mertli\u011fi, \u0130slam&#8217;a ba\u011fl\u0131l\u0131\u011f\u0131 ve siyasi\/askeri dehas\u0131yla T\u00fcrk co\u011frafyas\u0131na damgas\u0131n\u0131 vuran Sultan Alparslan nas\u0131l vefat etti, vasiyeti neydi?T\u00fcm bu sorular\u0131n cevaplar\u0131yla birlikte T\u00fcrklerin efsanevi komutan\u0131 Sultan Alparslan ve Malazgirt Sava\u015f\u0131 hakk\u0131nda merak edilen\/\u015fimdiye kadar s\u00f6ylenmemi\u015f her \u015feyi bu kitapta bulacaks\u0131n\u0131z<\/p>\n","protected":false},"excerpt":{"rendered":"<p>Ey Allah&#8217;\u0131m, sana mu\u0308vekkil oldum ve bu cihatla sana yakla\u015ft\u0131m, senin kat\u0131nda secdeye kapan\u0131yor ve yalvar\u0131yorum. Bu s\u00f6zlerim, ger\u00e7ek duygular\u0131m\u0131 ifade etmiyorsa beni yan\u0131mdaki yard\u0131mc\u0131lar\u0131m\u0131 ve<span class=\"excerpt-hellip\"> [\u2026]<\/span><\/p>\n","protected":false},"featured_media":0,"template":"","meta":{"_monsterinsights_skip_tracking":false,"_monsterinsights_sitenote_active":false,"_monsterinsights_sitenote_note":"","_monsterinsights_sitenote_category":0},"product_brand":[],"product_cat":[12304,13650],"product_tag":[],"class_list":{"0":"post-717860","1":"product","2":"type-product","3":"status-publish","5":"product_cat-tarih","6":"product_cat-turk-tarihi-arastirmalari","7":"pa_cilt-ciltsiz","8":"pa_tur-kitap","9":"pa_yayinevi-timas-yayinlari","10":"pa_yazar-ahmet-simsirgil","12":"first","13":"instock","14":"sale","15":"shipping-taxable","16":"purchasable","17":"product-type-simple"},"_links":{"self":[{"href":"https:\/\/roveyayinevi.com.tr\/index.php\/wp-json\/wp\/v2\/product\/717860","targetHints":{"allow":["GET"]}}],"collection":[{"href":"https:\/\/roveyayinevi.com.tr\/index.php\/wp-json\/wp\/v2\/product"}],"about":[{"href":"https:\/\/roveyayinevi.com.tr\/index.php\/wp-json\/wp\/v2\/types\/product"}],"wp:attachment":[{"href":"https:\/\/roveyayinevi.com.tr\/index.php\/wp-json\/wp\/v2\/media?parent=717860"}],"wp:term":[{"taxonomy":"product_brand","embeddable":true,"href":"https:\/\/roveyayinevi.com.tr\/index.php\/wp-json\/wp\/v2\/product_brand?post=717860"},{"taxonomy":"product_cat","embeddable":true,"href":"https:\/\/roveyayinevi.com.tr\/index.php\/wp-json\/wp\/v2\/product_cat?post=717860"},{"taxonomy":"product_tag","embeddable":true,"href":"https:\/\/roveyayinevi.com.tr\/index.php\/wp-json\/wp\/v2\/product_tag?post=717860"}],"curies":[{"name":"wp","href":"https:\/\/api.w.org\/{rel}","templated":true}]}}