{"id":717856,"date":"2025-08-27T18:00:52","date_gmt":"2025-08-27T15:00:52","guid":{"rendered":"https:\/\/roveyayinevi.com.tr\/index.php\/urun\/bir-filim-olsaydi\/"},"modified":"2025-11-06T05:15:24","modified_gmt":"2025-11-06T02:15:24","slug":"bir-filim-olsaydi","status":"publish","type":"product","link":"https:\/\/roveyayinevi.com.tr\/index.php\/urun\/bir-filim-olsaydi\/","title":{"rendered":"Bir Filim Olsayd\u0131"},"content":{"rendered":"<p>Bir filim olsayd\u0131, bence kimse bizi durduramazd\u0131! Ayn\u0131 ceketlerden giyerdik kesin. Zaman makinesi bile icat ederdik beraber. Birlikte inan\u0131lmaz maceralara \u00e7\u0131kard\u0131k belki de\u2026 <\/p>\n","protected":false},"excerpt":{"rendered":"<p>Bir filim olsayd\u0131, bence kimse bizi durduramazd\u0131! Ayn\u0131 ceketlerden giyerdik kesin. Zaman makinesi bile icat ederdik beraber. Birlikte inan\u0131lmaz maceralara \u00e7\u0131kard\u0131k belki de\u2026<\/p>\n","protected":false},"featured_media":0,"template":"","meta":{"_monsterinsights_skip_tracking":false,"_monsterinsights_sitenote_active":false,"_monsterinsights_sitenote_note":"","_monsterinsights_sitenote_category":0},"product_brand":[],"product_cat":[12913,12274],"product_tag":[],"class_list":{"0":"post-717856","1":"product","2":"type-product","3":"status-publish","5":"product_cat-3-6-yas-kitaplari","6":"product_cat-cocuk-ve-genclik-kitaplari","7":"pa_cilt-ciltsiz","8":"pa_tur-kitap","9":"pa_yayinevi-1001-cicek-kitaplar","10":"pa_yazar-richard-fairgray-terry-jones","12":"first","13":"instock","14":"sale","15":"shipping-taxable","16":"purchasable","17":"product-type-simple"},"_links":{"self":[{"href":"https:\/\/roveyayinevi.com.tr\/index.php\/wp-json\/wp\/v2\/product\/717856","targetHints":{"allow":["GET"]}}],"collection":[{"href":"https:\/\/roveyayinevi.com.tr\/index.php\/wp-json\/wp\/v2\/product"}],"about":[{"href":"https:\/\/roveyayinevi.com.tr\/index.php\/wp-json\/wp\/v2\/types\/product"}],"wp:attachment":[{"href":"https:\/\/roveyayinevi.com.tr\/index.php\/wp-json\/wp\/v2\/media?parent=717856"}],"wp:term":[{"taxonomy":"product_brand","embeddable":true,"href":"https:\/\/roveyayinevi.com.tr\/index.php\/wp-json\/wp\/v2\/product_brand?post=717856"},{"taxonomy":"product_cat","embeddable":true,"href":"https:\/\/roveyayinevi.com.tr\/index.php\/wp-json\/wp\/v2\/product_cat?post=717856"},{"taxonomy":"product_tag","embeddable":true,"href":"https:\/\/roveyayinevi.com.tr\/index.php\/wp-json\/wp\/v2\/product_tag?post=717856"}],"curies":[{"name":"wp","href":"https:\/\/api.w.org\/{rel}","templated":true}]}}