{"id":717854,"date":"2025-08-27T18:00:51","date_gmt":"2025-08-27T15:00:51","guid":{"rendered":"https:\/\/roveyayinevi.com.tr\/index.php\/urun\/gokyuzune-uzanan-merdiven\/"},"modified":"2026-04-16T02:26:14","modified_gmt":"2026-04-15T23:26:14","slug":"gokyuzune-uzanan-merdiven","status":"publish","type":"product","link":"https:\/\/roveyayinevi.com.tr\/index.php\/urun\/gokyuzune-uzanan-merdiven\/","title":{"rendered":"G\u00f6ky\u00fcz\u00fcne Uzanan Merdiven"},"content":{"rendered":"<p>1886 y\u0131l\u0131n\u0131n \u015eubat ay\u0131. Paris g\u00fcnleri son moda k\u0131yafetler, ihti\u015faml\u0131 balolar ve sanat etkinlikleri e\u015fli\u011finde ge\u00e7erken, Eiffel Kulesi romantik \u015fehrin e\u015fsiz siluetini tamamlamak \u00fczere ad\u0131m ad\u0131m y\u00fckselmektedir. \u015e\u00f6hret olma hayaliyle yan\u0131p tutu\u015fan sanat\u00e7\u0131lar, macera pe\u015finde ko\u015fan turistler ve elit tabakadan e\u015f bulmaya hevesli gen\u00e7lerle dolup ta\u015fan atmosferde farkl\u0131 hayatlara sahip \u00c9mile ile Caitrona\u2019n\u0131n yollar\u0131 kesi\u015fir. Cait, k\u00f6t\u00fc sonlanan evlili\u011finin ard\u0131ndan ya\u015fad\u0131\u011f\u0131 maddi s\u0131k\u0131nt\u0131lar y\u00fcz\u00fcnden istemedi\u011fi bir i\u015fi kabul etmek zorunda kalm\u0131\u015ft\u0131r. Varl\u0131kl\u0131 bir ailenin v\u00e2risi olan \u00c9mile ise Cait ile tan\u0131\u015ft\u0131ktan sonra toplumsal stat\u00fcs\u00fcne uygun bir e\u015f se\u00e7mek ile hayallerinin pe\u015finden gitmek aras\u0131nda tercih yapmal\u0131d\u0131r. Eiffel Kulesi, Paris\u2019in sembol\u00fc olma yolunda emin ad\u0131mlarla g\u00f6ky\u00fcz\u00fcne do\u011fru uzan\u0131rken, Cait ile \u00c9mile a\u015fklar\u0131 i\u00e7in neleri feda edebileceklerine karar vermek durumundad\u0131r. G\u00f6ky\u00fcz\u00fcne Uzanan Merdiven, Eiffel Kulesi\u2019nin temelindeki a\u015fk\u0131 anlatan ve her sayfas\u0131na i\u015flenmi\u015f tarihsel dokusuyla bir kad\u0131n\u0131n d\u00fcnyadaki yerini, s\u0131n\u0131f ayr\u0131mc\u0131l\u0131\u011f\u0131n\u0131n geldi\u011fi noktay\u0131, sevginin bizden bekledi\u011fi fedak\u00e2rl\u0131klar\u0131 sorgulatan zarif, k\u0131\u015fk\u0131rt\u0131c\u0131, \u0131\u015f\u0131lt\u0131l\u0131 bir roman.<\/p>\n","protected":false},"excerpt":{"rendered":"<p>1886 y\u0131l\u0131n\u0131n \u015eubat ay\u0131. Paris g\u00fcnleri son moda k\u0131yafetler, ihti\u015faml\u0131 balolar ve sanat etkinlikleri e\u015fli\u011finde ge\u00e7erken, Eiffel Kulesi romantik \u015fehrin e\u015fsiz siluetini tamamlamak \u00fczere ad\u0131m ad\u0131m<span class=\"excerpt-hellip\"> [\u2026]<\/span><\/p>\n","protected":false},"featured_media":0,"template":"","meta":{"_monsterinsights_skip_tracking":false,"_monsterinsights_sitenote_active":false,"_monsterinsights_sitenote_note":"","_monsterinsights_sitenote_category":0},"product_brand":[],"product_cat":[12291,12711],"product_tag":[],"class_list":{"0":"post-717854","1":"product","2":"type-product","3":"status-publish","5":"product_cat-edebiyat","6":"product_cat-roman-oyku","7":"pa_cilt-ciltsiz","8":"pa_tur-kitap","9":"pa_yayinevi-nemesis-kitap","10":"pa_yazar-beatrice-colin","12":"first","13":"instock","14":"sale","15":"shipping-taxable","16":"purchasable","17":"product-type-simple"},"_links":{"self":[{"href":"https:\/\/roveyayinevi.com.tr\/index.php\/wp-json\/wp\/v2\/product\/717854","targetHints":{"allow":["GET"]}}],"collection":[{"href":"https:\/\/roveyayinevi.com.tr\/index.php\/wp-json\/wp\/v2\/product"}],"about":[{"href":"https:\/\/roveyayinevi.com.tr\/index.php\/wp-json\/wp\/v2\/types\/product"}],"wp:attachment":[{"href":"https:\/\/roveyayinevi.com.tr\/index.php\/wp-json\/wp\/v2\/media?parent=717854"}],"wp:term":[{"taxonomy":"product_brand","embeddable":true,"href":"https:\/\/roveyayinevi.com.tr\/index.php\/wp-json\/wp\/v2\/product_brand?post=717854"},{"taxonomy":"product_cat","embeddable":true,"href":"https:\/\/roveyayinevi.com.tr\/index.php\/wp-json\/wp\/v2\/product_cat?post=717854"},{"taxonomy":"product_tag","embeddable":true,"href":"https:\/\/roveyayinevi.com.tr\/index.php\/wp-json\/wp\/v2\/product_tag?post=717854"}],"curies":[{"name":"wp","href":"https:\/\/api.w.org\/{rel}","templated":true}]}}