{"id":717853,"date":"2025-08-27T18:00:50","date_gmt":"2025-08-27T15:00:50","guid":{"rendered":"https:\/\/roveyayinevi.com.tr\/index.php\/urun\/canavarlarin-da-duygulari-var\/"},"modified":"2026-04-13T02:32:04","modified_gmt":"2026-04-12T23:32:04","slug":"canavarlarin-da-duygulari-var","status":"publish","type":"product","link":"https:\/\/roveyayinevi.com.tr\/index.php\/urun\/canavarlarin-da-duygulari-var\/","title":{"rendered":"Canavarlar\u0131n da Duygular\u0131 Var"},"content":{"rendered":"<p>Art\u0131k yeter! Bizi g\u00f6r\u00fcnce korkman\u0131z \u00e7ok a\u011fr\u0131m\u0131za gidiyor, moralimizi bozuyor. Bu durumu protesto ediyoruz!   \u00c7\u00fcnk\u00fc biz de \u00fcz\u00fcl\u00fcyoruz, a\u011fl\u0131yoruz, bazen a\u011flamaktan harap oluyoruz\u2026   Hatta biz de karanl\u0131ktan korkuyoruz, tabii \u00f6nce o bizden korkmazsa. L\u00fctfen (rica ediyoruz) bizi sevin ve korkmay\u0131n art\u0131k\u2026   Sar\u0131lal\u0131m m\u0131?.. Hadi gelin sar\u0131lal\u0131m! <\/p>\n","protected":false},"excerpt":{"rendered":"<p>Art\u0131k yeter! Bizi g\u00f6r\u00fcnce korkman\u0131z \u00e7ok a\u011fr\u0131m\u0131za gidiyor, moralimizi bozuyor. Bu durumu protesto ediyoruz! \u00c7\u00fcnk\u00fc biz de \u00fcz\u00fcl\u00fcyoruz, a\u011fl\u0131yoruz, bazen a\u011flamaktan harap oluyoruz\u2026 Hatta biz de<span class=\"excerpt-hellip\"> [\u2026]<\/span><\/p>\n","protected":false},"featured_media":0,"template":"","meta":{"_monsterinsights_skip_tracking":false,"_monsterinsights_sitenote_active":false,"_monsterinsights_sitenote_note":"","_monsterinsights_sitenote_category":0},"product_brand":[],"product_cat":[12274,12284],"product_tag":[],"class_list":{"0":"post-717853","1":"product","2":"type-product","3":"status-publish","5":"product_cat-cocuk-ve-genclik-kitaplari","6":"product_cat-hikayeler","7":"pa_cilt-ciltsiz","8":"pa_tur-kitap","9":"pa_yayinevi-masalperest-ozel-urun","10":"pa_yazar-ozlem-fedai-korcak","12":"first","13":"instock","14":"sale","15":"shipping-taxable","16":"purchasable","17":"product-type-simple"},"_links":{"self":[{"href":"https:\/\/roveyayinevi.com.tr\/index.php\/wp-json\/wp\/v2\/product\/717853","targetHints":{"allow":["GET"]}}],"collection":[{"href":"https:\/\/roveyayinevi.com.tr\/index.php\/wp-json\/wp\/v2\/product"}],"about":[{"href":"https:\/\/roveyayinevi.com.tr\/index.php\/wp-json\/wp\/v2\/types\/product"}],"wp:attachment":[{"href":"https:\/\/roveyayinevi.com.tr\/index.php\/wp-json\/wp\/v2\/media?parent=717853"}],"wp:term":[{"taxonomy":"product_brand","embeddable":true,"href":"https:\/\/roveyayinevi.com.tr\/index.php\/wp-json\/wp\/v2\/product_brand?post=717853"},{"taxonomy":"product_cat","embeddable":true,"href":"https:\/\/roveyayinevi.com.tr\/index.php\/wp-json\/wp\/v2\/product_cat?post=717853"},{"taxonomy":"product_tag","embeddable":true,"href":"https:\/\/roveyayinevi.com.tr\/index.php\/wp-json\/wp\/v2\/product_tag?post=717853"}],"curies":[{"name":"wp","href":"https:\/\/api.w.org\/{rel}","templated":true}]}}