{"id":717852,"date":"2025-08-27T18:00:49","date_gmt":"2025-08-27T15:00:49","guid":{"rendered":"https:\/\/roveyayinevi.com.tr\/index.php\/urun\/misafir-iz-s-isaret-6\/"},"modified":"2026-04-13T02:32:04","modified_gmt":"2026-04-12T23:32:04","slug":"misafir-iz-s-isaret-6","status":"publish","type":"product","link":"https:\/\/roveyayinevi.com.tr\/index.php\/urun\/misafir-iz-s-isaret-6\/","title":{"rendered":"Misafir-iz \u015e &#8211; \u0130\u015faret 6"},"content":{"rendered":"<p>D\u00fcnyan\u0131n esirleri&#8230;Bedenin esirleri&#8230;Mal\u0131n m\u00fclk\u00fcn esirleri&#8230;Makamlar\u0131n, evlatlar\u0131n, h\u0131rslar\u0131n, tutkular\u0131n esirleri&#8230;Beni unuttunuz, ama daha ac\u0131s\u0131 kendinizi unuttunuz.Varolu\u015f sebebinizi, ilahi hakikatinizi, aslen kim oldu\u011funuzu ve neden d\u00fcnyaya g\u00f6nderildi\u011finizi unuttunuz!S\u0131ladas\u0131n\u0131z diye \u201csalat\u201d ile \u00e7a\u011f\u0131rd\u0131m sizi&#8230;Ta ki siz esaretiniz olan d\u00f6rt unsur kal\u0131b\u0131n\u0131 (toprak, ate\u015f, hava, su) k\u0131r\u0131p da \u201cS\u0131la\u201dda de\u011fil i\u00e7imde \u201cRahmim\u201dde oldu\u011funuzu anlay\u0131ncaya kadar&#8230;Ya ben\u00ee \u0130sr\u00e2il&#8230;Ey \u0130sr\u00e2ilo\u011fullar\u0131&#8230;Ey Esiro\u011fullar\u0131!Siz d\u00fcnyaya de\u011fil a\u015fka, sevgiye ve g\u00fczelliklere esirdiniz.Siz Rabbinize, O\u2019nun size duydu\u011fu sevgiye esir olsayd\u0131n\u0131z d\u00fcnyaya efendi olurdunuz.Ne yapt\u0131n\u0131z siz&#8230; Ne yapt\u0131n\u0131z!Yapt\u0131\u011f\u0131n\u0131z nank\u00f6rl\u00fck bana zarar veremez ama siz ne yapt\u0131n\u0131z!Ne yapt\u0131n\u0131z&#8230;Kendinize\u2026<\/p>\n","protected":false},"excerpt":{"rendered":"<p>D\u00fcnyan\u0131n esirleri&#8230;Bedenin esirleri&#8230;Mal\u0131n m\u00fclk\u00fcn esirleri&#8230;Makamlar\u0131n, evlatlar\u0131n, h\u0131rslar\u0131n, tutkular\u0131n esirleri&#8230;Beni unuttunuz, ama daha ac\u0131s\u0131 kendinizi unuttunuz.Varolu\u015f sebebinizi, ilahi hakikatinizi, aslen kim oldu\u011funuzu ve neden d\u00fcnyaya g\u00f6nderildi\u011finizi unuttunuz!S\u0131ladas\u0131n\u0131z<span class=\"excerpt-hellip\"> [\u2026]<\/span><\/p>\n","protected":false},"featured_media":0,"template":"","meta":{"_monsterinsights_skip_tracking":false,"_monsterinsights_sitenote_active":false,"_monsterinsights_sitenote_note":"","_monsterinsights_sitenote_category":0},"product_brand":[],"product_cat":[12364,12376],"product_tag":[],"class_list":{"0":"post-717852","1":"product","2":"type-product","3":"status-publish","5":"product_cat-genel-konular","6":"product_cat-kisisel-gelisim","7":"pa_cilt-ciltsiz","8":"pa_tur-kitap","9":"pa_yayinevi-mona-kitap","10":"pa_yazar-deniz-erten","12":"first","13":"instock","14":"sale","15":"shipping-taxable","16":"purchasable","17":"product-type-simple"},"_links":{"self":[{"href":"https:\/\/roveyayinevi.com.tr\/index.php\/wp-json\/wp\/v2\/product\/717852","targetHints":{"allow":["GET"]}}],"collection":[{"href":"https:\/\/roveyayinevi.com.tr\/index.php\/wp-json\/wp\/v2\/product"}],"about":[{"href":"https:\/\/roveyayinevi.com.tr\/index.php\/wp-json\/wp\/v2\/types\/product"}],"wp:attachment":[{"href":"https:\/\/roveyayinevi.com.tr\/index.php\/wp-json\/wp\/v2\/media?parent=717852"}],"wp:term":[{"taxonomy":"product_brand","embeddable":true,"href":"https:\/\/roveyayinevi.com.tr\/index.php\/wp-json\/wp\/v2\/product_brand?post=717852"},{"taxonomy":"product_cat","embeddable":true,"href":"https:\/\/roveyayinevi.com.tr\/index.php\/wp-json\/wp\/v2\/product_cat?post=717852"},{"taxonomy":"product_tag","embeddable":true,"href":"https:\/\/roveyayinevi.com.tr\/index.php\/wp-json\/wp\/v2\/product_tag?post=717852"}],"curies":[{"name":"wp","href":"https:\/\/api.w.org\/{rel}","templated":true}]}}