{"id":717849,"date":"2025-08-27T18:00:47","date_gmt":"2025-08-27T15:00:47","guid":{"rendered":"https:\/\/roveyayinevi.com.tr\/index.php\/urun\/varlik-nedir\/"},"modified":"2026-04-16T02:26:13","modified_gmt":"2026-04-15T23:26:13","slug":"varlik-nedir","status":"publish","type":"product","link":"https:\/\/roveyayinevi.com.tr\/index.php\/urun\/varlik-nedir\/","title":{"rendered":"Varl\u0131k Nedir?"},"content":{"rendered":"<p>Elinizdeki kitab\u0131n amac\u0131, Kind\u00ee, Farab\u00ee, \u0130bn S\u00eena, \u0130bn Bacce, \u0130bn Tufeyl, \u0130bn R\u00fc\u015fd, S\u00fchreverd\u00ee, Esir\u00fcddin el-Ebher\u00ee, Kutb\u00fcddin er-Raz\u00ee ve Molla L\u00fctfi gibi pek \u00e7ok \u00f6nemli filozofu b\u00fcnyesinde bar\u0131nd\u0131ran \u0130slam felsefesi gelene\u011finin b\u00fct\u00fcn ara\u015ft\u0131rmalar\u0131n\u0131n temelini olu\u015fturan ortak \u00e7er\u00e7eveyi belirginle\u015ftirmektir. Kitapta \u00f6nce felsefe gelene\u011finin varl\u0131k tasavvuru, ard\u0131ndan da bu tasavvurun kelam ve tasavvuf gelene\u011fine etkisi ele al\u0131nmaktad\u0131r. Felsefe gelene\u011finin varl\u0131k tasavvuruna ili\u015fkin anlat\u0131lar, varl\u0131k kavram\u0131n\u0131n tahlilinden ba\u015flay\u0131p varl\u0131\u011f\u0131n bilimler aras\u0131nda ara\u015ft\u0131rma konusu \u015feklinde taksimine uzanan bir anlat\u0131m d\u00fczeninden olu\u015fmaktad\u0131r. Bu varl\u0131k tasavvurunun kelam ve tasavvuf geleneklerine etkisinin incelendi\u011fi ba\u015fl\u0131klarda ise felsefenin kelamc\u0131 ve mutasavv\u0131flar taraf\u0131ndan nas\u0131l tevar\u00fcs edildi\u011fi meselesi tart\u0131\u015f\u0131lmaktad\u0131r.<\/p>\n","protected":false},"excerpt":{"rendered":"<p>Elinizdeki kitab\u0131n amac\u0131, Kind\u00ee, Farab\u00ee, \u0130bn S\u00eena, \u0130bn Bacce, \u0130bn Tufeyl, \u0130bn R\u00fc\u015fd, S\u00fchreverd\u00ee, Esir\u00fcddin el-Ebher\u00ee, Kutb\u00fcddin er-Raz\u00ee ve Molla L\u00fctfi gibi pek \u00e7ok \u00f6nemli filozofu<span class=\"excerpt-hellip\"> [\u2026]<\/span><\/p>\n","protected":false},"featured_media":0,"template":"","meta":{"_monsterinsights_skip_tracking":false,"_monsterinsights_sitenote_active":false,"_monsterinsights_sitenote_note":"","_monsterinsights_sitenote_category":0},"product_brand":[],"product_cat":[19998,12388],"product_tag":[],"class_list":{"0":"post-717849","1":"product","2":"type-product","3":"status-publish","5":"product_cat-din-felsefesi","6":"product_cat-felsefe","7":"pa_cilt-ciltsiz","8":"pa_tur-kitap","9":"pa_yayinevi-ketebe-yayinlari","10":"pa_yazar-omer-turker","12":"first","13":"instock","14":"sale","15":"shipping-taxable","16":"purchasable","17":"product-type-simple"},"_links":{"self":[{"href":"https:\/\/roveyayinevi.com.tr\/index.php\/wp-json\/wp\/v2\/product\/717849","targetHints":{"allow":["GET"]}}],"collection":[{"href":"https:\/\/roveyayinevi.com.tr\/index.php\/wp-json\/wp\/v2\/product"}],"about":[{"href":"https:\/\/roveyayinevi.com.tr\/index.php\/wp-json\/wp\/v2\/types\/product"}],"wp:attachment":[{"href":"https:\/\/roveyayinevi.com.tr\/index.php\/wp-json\/wp\/v2\/media?parent=717849"}],"wp:term":[{"taxonomy":"product_brand","embeddable":true,"href":"https:\/\/roveyayinevi.com.tr\/index.php\/wp-json\/wp\/v2\/product_brand?post=717849"},{"taxonomy":"product_cat","embeddable":true,"href":"https:\/\/roveyayinevi.com.tr\/index.php\/wp-json\/wp\/v2\/product_cat?post=717849"},{"taxonomy":"product_tag","embeddable":true,"href":"https:\/\/roveyayinevi.com.tr\/index.php\/wp-json\/wp\/v2\/product_tag?post=717849"}],"curies":[{"name":"wp","href":"https:\/\/api.w.org\/{rel}","templated":true}]}}