{"id":717848,"date":"2025-08-27T18:00:47","date_gmt":"2025-08-27T15:00:47","guid":{"rendered":"https:\/\/roveyayinevi.com.tr\/index.php\/urun\/kucuk-mehmed-said-pasanin-hatirati-2-3-cilt\/"},"modified":"2026-04-16T02:26:13","modified_gmt":"2026-04-15T23:26:13","slug":"kucuk-mehmed-said-pasanin-hatirati-2-3-cilt","status":"publish","type":"product","link":"https:\/\/roveyayinevi.com.tr\/index.php\/urun\/kucuk-mehmed-said-pasanin-hatirati-2-3-cilt\/","title":{"rendered":"(K\u00fc\u00e7\u00fck) Mehmed Sa&#8217;id Pa\u015fa&#8217;n\u0131n Hat\u0131rat\u0131 2.-3. Cilt"},"content":{"rendered":"<p>Hat\u0131rat yazmak Osmanl\u0131 devlet adamlar\u0131 aras\u0131nda yayg\u0131n de\u011fildir. S\u0131n\u0131rl\u0131 say\u0131daki hat\u0131rat metinleri zaman\u0131n ruhuna ili\u015fkin \u00f6zg\u00fcn tecr\u00fcbeler sunar. Modern zamanlar\u0131n son sultan\u0131 II. Abd\u00fclhamid\u2019in g\u00fcven ve ku\u015fku sarmal\u0131nda yedi defa sadarete getirdi\u011fi, has\u0131mlar\u0131n\u0131n ve takdirkarlar\u0131n\u0131n m\u00fc\u015ftereken m\u00fcstesna bir zeka ve derin bir irfana sahip oldu\u011funu teslim ettikleri, ini\u015fli \u00e7\u0131k\u0131\u015fl\u0131 siyas\u00ee hayat\u0131yla dikkat \u00e7eken Sa\u2018\u00eed Pa\u015fa\u2019n\u0131n an\u0131lar\u0131 son d\u00f6nem Osmanl\u0131 devlet ve toplum hayat\u0131na y\u00f6nelik zengin bilgiler i\u00e7ermektedir. Devlet idaresinde pratik ve pragmatik kararlar\u0131yla \u00f6n plana \u00e7\u0131kan Pa\u015fa\u2019n\u0131n, geni\u015f belge k\u00fclliyat\u0131yla yo\u011frulmu\u015f an\u0131lar\u0131 ele\u015ftiri, tavsiye, teklif, tahlil ve tespitlerle birlikte klasik siyasetname t\u00fcr\u00fcn\u00fcn de g\u00fczel \u00f6rneklerinden biridir. [K\u00fc\u00e7\u00fck] Mehmed Sa\u2018\u00eed Pa\u015fa\u2019n\u0131n Hat\u0131rat\u0131 g\u00fcn\u00fcm\u00fcz alfabesiyle yeniden yay\u0131mlan\u0131rken, ayakta kalma m\u00fccadelesi veren bir devletin siyas\u00ee, sosyal ve diplomatik hayat\u0131nda olup bitenler, \u00fcst d\u00fczey bir devlet adam\u0131n\u0131n kaleminden g\u00f6zler \u00f6n\u00fcne serilmektedir.<\/p>\n","protected":false},"excerpt":{"rendered":"<p>Hat\u0131rat yazmak Osmanl\u0131 devlet adamlar\u0131 aras\u0131nda yayg\u0131n de\u011fildir. S\u0131n\u0131rl\u0131 say\u0131daki hat\u0131rat metinleri zaman\u0131n ruhuna ili\u015fkin \u00f6zg\u00fcn tecr\u00fcbeler sunar. Modern zamanlar\u0131n son sultan\u0131 II. Abd\u00fclhamid\u2019in g\u00fcven ve<span class=\"excerpt-hellip\"> [\u2026]<\/span><\/p>\n","protected":false},"featured_media":0,"template":"","meta":{"_monsterinsights_skip_tracking":false,"_monsterinsights_sitenote_active":false,"_monsterinsights_sitenote_note":"","_monsterinsights_sitenote_category":0},"product_brand":[],"product_cat":[12370,12304],"product_tag":[],"class_list":{"0":"post-717848","1":"product","2":"type-product","3":"status-publish","5":"product_cat-arastirma-inceleme","6":"product_cat-tarih","7":"pa_cilt-ciltsiz","8":"pa_tur-kitap","9":"pa_yayinevi-ketebe-yayinlari","10":"pa_yazar-kolektif","12":"first","13":"instock","14":"sale","15":"shipping-taxable","16":"purchasable","17":"product-type-simple"},"_links":{"self":[{"href":"https:\/\/roveyayinevi.com.tr\/index.php\/wp-json\/wp\/v2\/product\/717848","targetHints":{"allow":["GET"]}}],"collection":[{"href":"https:\/\/roveyayinevi.com.tr\/index.php\/wp-json\/wp\/v2\/product"}],"about":[{"href":"https:\/\/roveyayinevi.com.tr\/index.php\/wp-json\/wp\/v2\/types\/product"}],"wp:attachment":[{"href":"https:\/\/roveyayinevi.com.tr\/index.php\/wp-json\/wp\/v2\/media?parent=717848"}],"wp:term":[{"taxonomy":"product_brand","embeddable":true,"href":"https:\/\/roveyayinevi.com.tr\/index.php\/wp-json\/wp\/v2\/product_brand?post=717848"},{"taxonomy":"product_cat","embeddable":true,"href":"https:\/\/roveyayinevi.com.tr\/index.php\/wp-json\/wp\/v2\/product_cat?post=717848"},{"taxonomy":"product_tag","embeddable":true,"href":"https:\/\/roveyayinevi.com.tr\/index.php\/wp-json\/wp\/v2\/product_tag?post=717848"}],"curies":[{"name":"wp","href":"https:\/\/api.w.org\/{rel}","templated":true}]}}