{"id":717843,"date":"2025-08-27T18:00:44","date_gmt":"2025-08-27T15:00:44","guid":{"rendered":"https:\/\/roveyayinevi.com.tr\/index.php\/urun\/sanat-sosyolojisi\/"},"modified":"2026-04-16T02:26:13","modified_gmt":"2026-04-15T23:26:13","slug":"sanat-sosyolojisi","status":"publish","type":"product","link":"https:\/\/roveyayinevi.com.tr\/index.php\/urun\/sanat-sosyolojisi\/","title":{"rendered":"Sanat Sosyolojisi"},"content":{"rendered":"<p>\u201cSanat, ya\u015fam tarz\u0131n\u0131n bir ifadesidir. Bu a\u00e7\u0131dan toplumlar\u0131n sanatlar\u0131na bakt\u0131\u011f\u0131m\u0131zda, onlar\u0131n nas\u0131l ya\u015fad\u0131klar\u0131n\u0131 yani d\u00fcnyay\u0131, do\u011fay\u0131, toplumu, insan\u0131 nas\u0131l alg\u0131lad\u0131klar\u0131n\u0131 sanatlar\u0131ndan \u00e7\u0131kar\u0131yoruz. Plastik sanatlar olsun, s\u00f6z sanatlar\u0131 olsun, m\u00fczik olsun her t\u00fcrl\u00fc sanat ifadesini kendi tarz\u0131nda, kendi ara\u00e7lar\u0131yla ortaya koyuyor. Bu tarz, her \u015feyden \u00f6nce somuttur. Sanat yap\u0131t\u0131 diye bir \u015fey varsa o, g\u00f6rd\u00fc\u011f\u00fcm\u00fcz, alg\u0131lad\u0131\u011f\u0131m\u0131z bir \u015fey olarak somut bir nesnedir, ad\u0131 \u2018soyut sanat\u2019 da olsa. Sanat sosyolojisi, bu somut, alg\u0131sal \u015feyin kavramsal olana sosyolojik y\u00f6ntemlerle \u00e7evrilmesidir. Bu da sosyolojik bir kavramla\u015ft\u0131rmad\u0131r; sanatta alg\u0131sal olarak ifade edilen \u015feyin sosyolojik dile \u00e7evrilmesi, sosyolojinin kavramlar\u0131yla ifade edilmesidir.\u201d Prof. Dr. \u00d6mer Naci Soykan<\/p>\n","protected":false},"excerpt":{"rendered":"<p>\u201cSanat, ya\u015fam tarz\u0131n\u0131n bir ifadesidir. Bu a\u00e7\u0131dan toplumlar\u0131n sanatlar\u0131na bakt\u0131\u011f\u0131m\u0131zda, onlar\u0131n nas\u0131l ya\u015fad\u0131klar\u0131n\u0131 yani d\u00fcnyay\u0131, do\u011fay\u0131, toplumu, insan\u0131 nas\u0131l alg\u0131lad\u0131klar\u0131n\u0131 sanatlar\u0131ndan \u00e7\u0131kar\u0131yoruz. Plastik sanatlar olsun, s\u00f6z<span class=\"excerpt-hellip\"> [\u2026]<\/span><\/p>\n","protected":false},"featured_media":0,"template":"","meta":{"_monsterinsights_skip_tracking":false,"_monsterinsights_sitenote_active":false,"_monsterinsights_sitenote_note":"","_monsterinsights_sitenote_category":0},"product_brand":[],"product_cat":[12325,12324],"product_tag":[],"class_list":{"0":"post-717843","1":"product","2":"type-product","3":"status-publish","5":"product_cat-diger-sosyoloji","6":"product_cat-sosyoloji","7":"pa_cilt-ciltsiz","8":"pa_tur-kitap","9":"pa_yayinevi-bilge-kultur-sanat","10":"pa_yazar-omer-naci-soykan","12":"first","13":"instock","14":"sale","15":"shipping-taxable","16":"purchasable","17":"product-type-simple"},"_links":{"self":[{"href":"https:\/\/roveyayinevi.com.tr\/index.php\/wp-json\/wp\/v2\/product\/717843","targetHints":{"allow":["GET"]}}],"collection":[{"href":"https:\/\/roveyayinevi.com.tr\/index.php\/wp-json\/wp\/v2\/product"}],"about":[{"href":"https:\/\/roveyayinevi.com.tr\/index.php\/wp-json\/wp\/v2\/types\/product"}],"wp:attachment":[{"href":"https:\/\/roveyayinevi.com.tr\/index.php\/wp-json\/wp\/v2\/media?parent=717843"}],"wp:term":[{"taxonomy":"product_brand","embeddable":true,"href":"https:\/\/roveyayinevi.com.tr\/index.php\/wp-json\/wp\/v2\/product_brand?post=717843"},{"taxonomy":"product_cat","embeddable":true,"href":"https:\/\/roveyayinevi.com.tr\/index.php\/wp-json\/wp\/v2\/product_cat?post=717843"},{"taxonomy":"product_tag","embeddable":true,"href":"https:\/\/roveyayinevi.com.tr\/index.php\/wp-json\/wp\/v2\/product_tag?post=717843"}],"curies":[{"name":"wp","href":"https:\/\/api.w.org\/{rel}","templated":true}]}}