{"id":717842,"date":"2025-08-27T18:00:43","date_gmt":"2025-08-27T15:00:43","guid":{"rendered":"https:\/\/roveyayinevi.com.tr\/index.php\/urun\/edebiyat-sosyolojisi\/"},"modified":"2026-04-16T02:26:13","modified_gmt":"2026-04-15T23:26:13","slug":"edebiyat-sosyolojisi","status":"publish","type":"product","link":"https:\/\/roveyayinevi.com.tr\/index.php\/urun\/edebiyat-sosyolojisi\/","title":{"rendered":"Edebiyat Sosyolojisi"},"content":{"rendered":"<p>\u201cYazar, i\u00e7inde ya\u015fad\u0131\u011f\u0131 toplum-k\u00fclt\u00fcr\u00fcn ve \u00e7a\u011f\u0131n\u0131n ruhunu kendi tininin s\u00fczgecinden ge\u00e7irip yarat\u0131c\u0131 g\u00fcc\u00fcyle yap\u0131t\u0131nda ortaya koyar. O, ger\u00e7ekten var olan bir \u015feyi ortaya koymu\u015fsa bile bu, bir ger\u00e7ekli\u011fin d\u00fcped\u00fcz bir ayna yans\u0131s\u0131 de\u011fil, fakat sanatsal, edebi bir betimlemedir. Yazar, kendi tarz\u0131nda, edebiyat\u0131n y\u00f6ntemleri ve teknikleriyle anlat\u0131s\u0131n\u0131 ger\u00e7ekle\u015ftirir. Sosyolo\u011fun i\u015fi bu noktada ba\u015flar. O, deyim yerindeyse, yazar\u0131n yapt\u0131\u011f\u0131 i\u015fi tersinden yapar. Ku\u015fkusuz onun \u00e7al\u0131\u015fmas\u0131 sonucunda buldu\u011fu toplumsal olanla, yazar\u0131n hareket noktas\u0131 olan toplumsal ayn\u0131 \u015fey de\u011fildir. \u00d6n\u00fcndeki yap\u0131ttan geriye do\u011fru giderek onda edebi tarzda dile gelen toplumsal olan\u0131 sosyolog, bilgisel tarzda ortaya koyar.\u201d Prof. Dr. \u00d6mer Naci Soykan <\/p>\n","protected":false},"excerpt":{"rendered":"<p>\u201cYazar, i\u00e7inde ya\u015fad\u0131\u011f\u0131 toplum-k\u00fclt\u00fcr\u00fcn ve \u00e7a\u011f\u0131n\u0131n ruhunu kendi tininin s\u00fczgecinden ge\u00e7irip yarat\u0131c\u0131 g\u00fcc\u00fcyle yap\u0131t\u0131nda ortaya koyar. O, ger\u00e7ekten var olan bir \u015feyi ortaya koymu\u015fsa bile bu,<span class=\"excerpt-hellip\"> [\u2026]<\/span><\/p>\n","protected":false},"featured_media":0,"template":"","meta":{"_monsterinsights_skip_tracking":false,"_monsterinsights_sitenote_active":false,"_monsterinsights_sitenote_note":"","_monsterinsights_sitenote_category":0},"product_brand":[],"product_cat":[12325,12324],"product_tag":[],"class_list":{"0":"post-717842","1":"product","2":"type-product","3":"status-publish","5":"product_cat-diger-sosyoloji","6":"product_cat-sosyoloji","7":"pa_cilt-ciltsiz","8":"pa_tur-kitap","9":"pa_yayinevi-bilge-kultur-sanat","10":"pa_yazar-omer-naci-soykan","12":"first","13":"instock","14":"sale","15":"shipping-taxable","16":"purchasable","17":"product-type-simple"},"_links":{"self":[{"href":"https:\/\/roveyayinevi.com.tr\/index.php\/wp-json\/wp\/v2\/product\/717842","targetHints":{"allow":["GET"]}}],"collection":[{"href":"https:\/\/roveyayinevi.com.tr\/index.php\/wp-json\/wp\/v2\/product"}],"about":[{"href":"https:\/\/roveyayinevi.com.tr\/index.php\/wp-json\/wp\/v2\/types\/product"}],"wp:attachment":[{"href":"https:\/\/roveyayinevi.com.tr\/index.php\/wp-json\/wp\/v2\/media?parent=717842"}],"wp:term":[{"taxonomy":"product_brand","embeddable":true,"href":"https:\/\/roveyayinevi.com.tr\/index.php\/wp-json\/wp\/v2\/product_brand?post=717842"},{"taxonomy":"product_cat","embeddable":true,"href":"https:\/\/roveyayinevi.com.tr\/index.php\/wp-json\/wp\/v2\/product_cat?post=717842"},{"taxonomy":"product_tag","embeddable":true,"href":"https:\/\/roveyayinevi.com.tr\/index.php\/wp-json\/wp\/v2\/product_tag?post=717842"}],"curies":[{"name":"wp","href":"https:\/\/api.w.org\/{rel}","templated":true}]}}