{"id":717841,"date":"2025-08-27T18:00:43","date_gmt":"2025-08-27T15:00:43","guid":{"rendered":"https:\/\/roveyayinevi.com.tr\/index.php\/urun\/resneli-niyazi-buyuk-boy\/"},"modified":"2026-04-16T02:26:13","modified_gmt":"2026-04-15T23:26:13","slug":"resneli-niyazi-buyuk-boy","status":"publish","type":"product","link":"https:\/\/roveyayinevi.com.tr\/index.php\/urun\/resneli-niyazi-buyuk-boy\/","title":{"rendered":"Resneli Niyazi (B\u00fcy\u00fck Boy)"},"content":{"rendered":"<p>1908 H\u00fcrriyet Devrimi\u2019nin ilk ate\u015fini yakan, halk\u0131n \u201cH\u00fcrriyet Kahraman\u0131\u201d olarak adland\u0131rd\u0131\u011f\u0131 Resneli Niyazi ya da Ahmet Niyazi Bey, \u0130ttihat ve Terakki Cemiyeti\u2019nin en fedak\u00e2r ve disiplinli \u00f6nderlerinden biridir. T\u00fcm d\u00fcnyada tan\u0131nan adland\u0131rmayla bir \u201cJ\u00f6n T\u00fcrk\u201d yani Gen\u00e7 T\u00fcrk\u2019t\u00fcr. Giydi\u011fi ba\u015fl\u0131kta \u201cVatan Fedaisi\u201d yaz\u0131yor. Niyazi Bey\u2019in, 1897 T\u00fcrk-Yunan Sava\u015f\u0131\u2019ndaki kahramanl\u0131\u011f\u0131 dillere destan\u2026 Bu nedenle, 1908 H\u00fcrriyet Devrimi\u2019nden \u00f6nce de bir halk kahraman\u0131 olarak tan\u0131n\u0131yor, seviliyor. Vatanseverli\u011fini ya\u015fam\u0131n\u0131 ortaya koyarak kan\u0131tlam\u0131\u015f. Makam mevki hesab\u0131 hi\u00e7 olmam\u0131\u015f&#8230; <\/p>\n","protected":false},"excerpt":{"rendered":"<p>1908 H\u00fcrriyet Devrimi\u2019nin ilk ate\u015fini yakan, halk\u0131n \u201cH\u00fcrriyet Kahraman\u0131\u201d olarak adland\u0131rd\u0131\u011f\u0131 Resneli Niyazi ya da Ahmet Niyazi Bey, \u0130ttihat ve Terakki Cemiyeti\u2019nin en fedak\u00e2r ve disiplinli<span class=\"excerpt-hellip\"> [\u2026]<\/span><\/p>\n","protected":false},"featured_media":0,"template":"","meta":{"_monsterinsights_skip_tracking":false,"_monsterinsights_sitenote_active":false,"_monsterinsights_sitenote_note":"","_monsterinsights_sitenote_category":0},"product_brand":[],"product_cat":[13946,12304],"product_tag":[],"class_list":{"0":"post-717841","1":"product","2":"type-product","3":"status-publish","5":"product_cat-biyografi-otobiyografi","6":"product_cat-tarih","7":"pa_cilt-ciltsiz","8":"pa_tur-kitap","9":"pa_yayinevi-kirmizi-kedi-yayinevi","10":"pa_yazar-feyziye-ozberk","12":"first","13":"instock","14":"sale","15":"shipping-taxable","16":"purchasable","17":"product-type-simple"},"_links":{"self":[{"href":"https:\/\/roveyayinevi.com.tr\/index.php\/wp-json\/wp\/v2\/product\/717841","targetHints":{"allow":["GET"]}}],"collection":[{"href":"https:\/\/roveyayinevi.com.tr\/index.php\/wp-json\/wp\/v2\/product"}],"about":[{"href":"https:\/\/roveyayinevi.com.tr\/index.php\/wp-json\/wp\/v2\/types\/product"}],"wp:attachment":[{"href":"https:\/\/roveyayinevi.com.tr\/index.php\/wp-json\/wp\/v2\/media?parent=717841"}],"wp:term":[{"taxonomy":"product_brand","embeddable":true,"href":"https:\/\/roveyayinevi.com.tr\/index.php\/wp-json\/wp\/v2\/product_brand?post=717841"},{"taxonomy":"product_cat","embeddable":true,"href":"https:\/\/roveyayinevi.com.tr\/index.php\/wp-json\/wp\/v2\/product_cat?post=717841"},{"taxonomy":"product_tag","embeddable":true,"href":"https:\/\/roveyayinevi.com.tr\/index.php\/wp-json\/wp\/v2\/product_tag?post=717841"}],"curies":[{"name":"wp","href":"https:\/\/api.w.org\/{rel}","templated":true}]}}