{"id":717840,"date":"2025-08-27T18:00:42","date_gmt":"2025-08-27T15:00:42","guid":{"rendered":"https:\/\/roveyayinevi.com.tr\/index.php\/urun\/olaganustu-beyefendiler-cemiyeti-cilt-1\/"},"modified":"2026-04-16T02:26:13","modified_gmt":"2026-04-15T23:26:13","slug":"olaganustu-beyefendiler-cemiyeti-cilt-1","status":"publish","type":"product","link":"https:\/\/roveyayinevi.com.tr\/index.php\/urun\/olaganustu-beyefendiler-cemiyeti-cilt-1\/","title":{"rendered":"Ola\u011fan\u00fcst\u00fc Beyefendiler Cemiyeti Cilt 1"},"content":{"rendered":"<p>Londra, 1898. Victoria Devri sona ererken yirminci y\u00fczy\u0131l yakla\u015f\u0131yor. Ya\u015fanan b\u00fcy\u00fck de\u011fi\u015fikliklerin yan\u0131nda bir durgunluk \u00e7a\u011f\u0131 bu. Bir iffet d\u00fczeninin yan\u0131nda baya\u011f\u0131 bir karma\u015fan\u0131n h\u00fck\u00fcm s\u00fcrd\u00fc\u011f\u00fc bir \u00e7a\u011f. Kahramanlara ihtiya\u00e7 duyan bir devir bu.Allan Quatermain, Kaptan Nemo, Hawley Griffin, Dr. Henry Jekyll, Bay Edward Hyde ve Mina Murray i\u015fte o kahramanlar. Beraber, Ola\u011fan\u00fcst\u00fc Beyefendiler Cemiyeti\u2019ni te\u015fkil ediyorlar.Esrarengiz \u201cM\u201dnin emri alt\u0131ndaki gizemli Campion Bond taraf\u0131ndan i\u015fe al\u0131nan bu alt\u0131 macerac\u0131, yard\u0131ma muhta\u00e7 imparatorluklar\u0131 taraf\u0131ndan biraz da zorla hizmete al\u0131n\u0131yor. Kar\u015f\u0131lar\u0131ndaysa al\u00e7ak Doktor\u2019un d\u00fcnyaya h\u00e2kim olmak i\u00e7in yapt\u0131\u011f\u0131 rezil plan\u0131 var. Ama i\u015fler tam olarak g\u00f6r\u00fcnd\u00fc\u011f\u00fc gibi de\u011fil; gizli ve h\u00fccresel ba\u015fka etmenler de i\u015fin i\u00e7inde. B\u00f6ylece, s\u0131rad\u0131\u015f\u0131 bir hik\u00e2ye do\u011fuyor.<\/p>\n","protected":false},"excerpt":{"rendered":"<p>Londra, 1898. Victoria Devri sona ererken yirminci y\u00fczy\u0131l yakla\u015f\u0131yor. Ya\u015fanan b\u00fcy\u00fck de\u011fi\u015fikliklerin yan\u0131nda bir durgunluk \u00e7a\u011f\u0131 bu. Bir iffet d\u00fczeninin yan\u0131nda baya\u011f\u0131 bir karma\u015fan\u0131n h\u00fck\u00fcm s\u00fcrd\u00fc\u011f\u00fc<span class=\"excerpt-hellip\"> [\u2026]<\/span><\/p>\n","protected":false},"featured_media":0,"template":"","meta":{"_monsterinsights_skip_tracking":false,"_monsterinsights_sitenote_active":false,"_monsterinsights_sitenote_note":"","_monsterinsights_sitenote_category":0},"product_brand":[],"product_cat":[12416,12291],"product_tag":[],"class_list":{"0":"post-717840","1":"product","2":"type-product","3":"status-publish","5":"product_cat-cizgi-roman","6":"product_cat-edebiyat","7":"pa_cilt-ciltsiz","8":"pa_tur-kitap","9":"pa_yayinevi-yapi-kredi-yayinlari","10":"pa_yazar-alan-moore-kevin-oneill","12":"first","13":"instock","14":"sale","15":"shipping-taxable","16":"purchasable","17":"product-type-simple"},"_links":{"self":[{"href":"https:\/\/roveyayinevi.com.tr\/index.php\/wp-json\/wp\/v2\/product\/717840","targetHints":{"allow":["GET"]}}],"collection":[{"href":"https:\/\/roveyayinevi.com.tr\/index.php\/wp-json\/wp\/v2\/product"}],"about":[{"href":"https:\/\/roveyayinevi.com.tr\/index.php\/wp-json\/wp\/v2\/types\/product"}],"wp:attachment":[{"href":"https:\/\/roveyayinevi.com.tr\/index.php\/wp-json\/wp\/v2\/media?parent=717840"}],"wp:term":[{"taxonomy":"product_brand","embeddable":true,"href":"https:\/\/roveyayinevi.com.tr\/index.php\/wp-json\/wp\/v2\/product_brand?post=717840"},{"taxonomy":"product_cat","embeddable":true,"href":"https:\/\/roveyayinevi.com.tr\/index.php\/wp-json\/wp\/v2\/product_cat?post=717840"},{"taxonomy":"product_tag","embeddable":true,"href":"https:\/\/roveyayinevi.com.tr\/index.php\/wp-json\/wp\/v2\/product_tag?post=717840"}],"curies":[{"name":"wp","href":"https:\/\/api.w.org\/{rel}","templated":true}]}}