{"id":717839,"date":"2025-08-27T18:00:41","date_gmt":"2025-08-27T15:00:41","guid":{"rendered":"https:\/\/roveyayinevi.com.tr\/index.php\/urun\/kulturel-bellek\/"},"modified":"2026-04-16T02:26:13","modified_gmt":"2026-04-15T23:26:13","slug":"kulturel-bellek","status":"publish","type":"product","link":"https:\/\/roveyayinevi.com.tr\/index.php\/urun\/kulturel-bellek\/","title":{"rendered":"K\u00fclt\u00fcrel Bellek"},"content":{"rendered":"<p>Anlat\u0131, zaman, mekan, hat\u0131rlama, s\u00f6z, yaz\u0131, bellek, k\u00fclt\u00fcr, bilin\u00e7, de\u011fi\u015fim ve benzerleri ve di\u011ferleri&#8230; Yirminci y\u00fczy\u0131lla beraber sosyal bilimlerde bu kavramlardan azade kalabilmi\u015f bir \u00e7al\u0131\u015fma ve \u00e7al\u0131\u015fma alan\u0131 bulabilmek g\u00fc\u00e7. Bunlar aras\u0131nda son kuramsal bak\u0131\u015f a\u00e7\u0131lar\u0131n\u0131 ifade eden bir deyim olarak kabul edilebilecek \u201cbellek\u201d, \u201ck\u00fc\u00e7\u00fck\u201d anlat\u0131lar\u0131n, s\u00f6zl\u00fc tarihin, gelene\u011fin, ge\u00e7mi\u015f ve gelecek tahayy\u00fcl\u00fcn\u00fcn dikkate de\u011fer bulundu\u011fu bir zamanda, sosyal bilimlerin bakiyesini b\u00fct\u00fcn\u00fcyle i\u00e7erebilecek bir kavram olma iddias\u0131 ile g\u00fcn y\u00fcz\u00fcne \u00e7\u0131km\u0131\u015ft\u0131r. Beden, imge, s\u00f6z ve yaz\u0131daki temsil bi\u00e7imlerinin bellekle olan ili\u015fkisinin inceleme alan\u0131 olarak \u00f6nemsenmesinin yan\u0131s\u0131ra yeniden temsil \u00f6zelli\u011fi kazanmas\u0131 da bellek \u00e7al\u0131\u015fmalar\u0131n\u0131 \u00f6nemli k\u0131lm\u0131\u015ft\u0131r.Bu \u00e7al\u0131\u015fmada halkbilimi, felsefe, antropoloji, sosyoloji ve psikoloji gibi bir\u00e7ok farkl\u0131 disiplinden hareketle s\u00f6zl\u00fc-yaz\u0131l\u0131 k\u00fclt\u00fcr, hat\u0131rlama ve bellek kavramlar\u0131na yakla\u015f\u0131l\u0131yor. M. Emir \u0130lhan, imge, dil, zaman ve mek\u00e2n alg\u0131s\u0131ndaki; bilin\u00e7 ve d\u00fc\u015f\u00fcnme bi\u00e7imlerindeki ve bellek kullan\u0131mlar\u0131ndaki de\u011fi\u015fimleri tespit etmeye koyuluyor. \u0130lk defa \u201chat\u0131rlama\u201dy\u0131 bireysel-toplumsal-k\u00fclt\u00fcrel-halkbilimsel bir model in\u015fa ederek irdeliyor. S\u00f6zl\u00fc k\u00fclt\u00fcrden yaz\u0131l\u0131 k\u00fclt\u00fcre bilincin ya\u015fad\u0131\u011f\u0131 d\u00f6n\u00fc\u015f\u00fcmleri, hat\u0131rlaman\u0131n zaman, mek\u00e2n, anlat\u0131, anlat\u0131c\u0131 ve anlat\u0131n\u0131n ara\u00e7lar\u0131 ile ili\u015fkisi \u00fczerinden \u00e7\u00f6z\u00fcml\u00fcyor. Ayr\u0131ca k\u00fclt\u00fcrel s\u00fcreklilik ba\u011flam\u0131nda s\u00f6zl\u00fc ve yaz\u0131l\u0131 k\u00fclt\u00fcr\u00fcn gelenekle olan kar\u015f\u0131l\u0131kl\u0131 ili\u015fki bi\u00e7imleri ile hat\u0131rlaman\u0131n gelenekle kurdu\u011fu ba\u011fa; kolektif bellekten k\u00fclt\u00fcrel belle\u011fe ge\u00e7i\u015fin gelenek kavram\u0131 \u00fczerindeki etkilerine de\u011finiyor.<\/p>\n","protected":false},"excerpt":{"rendered":"<p>Anlat\u0131, zaman, mekan, hat\u0131rlama, s\u00f6z, yaz\u0131, bellek, k\u00fclt\u00fcr, bilin\u00e7, de\u011fi\u015fim ve benzerleri ve di\u011ferleri&#8230; Yirminci y\u00fczy\u0131lla beraber sosyal bilimlerde bu kavramlardan azade kalabilmi\u015f bir \u00e7al\u0131\u015fma ve<span class=\"excerpt-hellip\"> [\u2026]<\/span><\/p>\n","protected":false},"featured_media":0,"template":"","meta":{"_monsterinsights_skip_tracking":false,"_monsterinsights_sitenote_active":false,"_monsterinsights_sitenote_note":"","_monsterinsights_sitenote_category":0},"product_brand":[],"product_cat":[12325,12324],"product_tag":[],"class_list":{"0":"post-717839","1":"product","2":"type-product","3":"status-publish","5":"product_cat-diger-sosyoloji","6":"product_cat-sosyoloji","7":"pa_cilt-ciltsiz","8":"pa_tur-kitap","9":"pa_yayinevi-dogu-bati-yayinlari","10":"pa_yazar-m-emir-ilhan","12":"first","13":"instock","14":"sale","15":"shipping-taxable","16":"purchasable","17":"product-type-simple"},"_links":{"self":[{"href":"https:\/\/roveyayinevi.com.tr\/index.php\/wp-json\/wp\/v2\/product\/717839","targetHints":{"allow":["GET"]}}],"collection":[{"href":"https:\/\/roveyayinevi.com.tr\/index.php\/wp-json\/wp\/v2\/product"}],"about":[{"href":"https:\/\/roveyayinevi.com.tr\/index.php\/wp-json\/wp\/v2\/types\/product"}],"wp:attachment":[{"href":"https:\/\/roveyayinevi.com.tr\/index.php\/wp-json\/wp\/v2\/media?parent=717839"}],"wp:term":[{"taxonomy":"product_brand","embeddable":true,"href":"https:\/\/roveyayinevi.com.tr\/index.php\/wp-json\/wp\/v2\/product_brand?post=717839"},{"taxonomy":"product_cat","embeddable":true,"href":"https:\/\/roveyayinevi.com.tr\/index.php\/wp-json\/wp\/v2\/product_cat?post=717839"},{"taxonomy":"product_tag","embeddable":true,"href":"https:\/\/roveyayinevi.com.tr\/index.php\/wp-json\/wp\/v2\/product_tag?post=717839"}],"curies":[{"name":"wp","href":"https:\/\/api.w.org\/{rel}","templated":true}]}}