{"id":717838,"date":"2025-08-27T18:00:40","date_gmt":"2025-08-27T15:00:40","guid":{"rendered":"https:\/\/roveyayinevi.com.tr\/index.php\/urun\/hic-kimse-2\/"},"modified":"2026-04-16T02:26:13","modified_gmt":"2026-04-15T23:26:13","slug":"hic-kimse-2","status":"publish","type":"product","link":"https:\/\/roveyayinevi.com.tr\/index.php\/urun\/hic-kimse-2\/","title":{"rendered":"Hi\u00e7 Kimse"},"content":{"rendered":"<p>\u201c\u2026 bunun ne demek oldu\u011funu ve bananeler hissettirdi\u011fini bilebilirsiniz belki ama asla anlayamazs\u0131n\u0131z. Bilmek ve anlamak aras\u0131nda b\u00fcy\u00fck bir u\u00e7urum var \u00e7\u00fcnk\u00fc.  Ba\u015f\u0131n\u0131z\u0131 kald\u0131rd\u0131\u011f\u0131n\u0131zda, g\u00f6ky\u00fcz\u00fcnde kanat \u00e7\u0131rpan ku\u015flar\u0131 g\u00f6rebilirsiniz. Onlar\u0131n nas\u0131l u\u00e7tu\u011funu, kanatlar\u0131n\u0131n alt\u0131na doldurduklar\u0131 havan\u0131n g\u00fcc\u00fcn\u00fc bilebilirya da \u00f6\u011frenmek i\u00e7in elinize ne ge\u00e7erse okuyabilirsiniz. Ama ne kadar u\u011fra\u015f\u0131rsan\u0131z u\u011fra\u015f\u0131n, geldi\u011finiz son noktada yaln\u0131zca \u201cbilmi\u015f\u201d olursunuz.  Bu, bir ku\u015fun u\u00e7arken hissettiklerini anlaman\u0131n Maalesef \u00e7ok uza\u011f\u0131ndad\u0131r.\u201d D\u00fcnyan\u0131n d\u0131\u015f\u0131na bantlanm\u0131\u015f gibi hissettiniz mi hi\u00e7? Yahut bir k\u0131yafeti omuzlar\u0131n\u0131zdan d\u00fc\u015f\u00fcr\u00fcr gibi d\u00fc\u015f\u00fcrmek istediniz mi etinizi kemi\u011finizden? Sahi siz ger\u00e7ekten var m\u0131s\u0131n\u0131z? Bana sormay\u0131n. Kafam\u0131n i\u00e7iyle, d\u00fc\u015f\u00fcncelerimin ars\u0131zl\u0131\u011f\u0131yla tan\u0131\u015ft\u0131ramam sizi. &#8220;Deli&#8221; dersiniz. Merakla, korkuyla beni soyman\u0131za izin veremem. Biliyorum ki soyduktan ve t\u00fcm gize ula\u015ft\u0131ktan sonra Lay\u0131\u011f\u0131nca giydiremeyeceksiniz. \u00c7\u0131r\u0131l\u00e7\u0131plak kalaca\u011f\u0131m. Sonra siz \u00e7\u0131plakl\u0131\u011f\u0131mdan korkacaks\u0131n\u0131z. H\u00e2lbuki ben, a\u011fa\u00e7lar\u0131n ayaklar\u0131 \u00fczerinde de\u011fil, Ba\u015f\u0131n\u0131n \u00fczerinde durdu\u011funu fark ettim bir zaman \u00f6nce. Farkedip ba\u015f a\u015fa\u011f\u0131 bekledim de tek bir filiz \u00e7\u0131kmad\u0131 g\u00f6\u011fs\u00fcmden. O y\u00fczden siz bana bir \u015fey sormay\u0131n. \u00c7\u00fcnk\u00fc ben kendi dilimde ne s\u00f6ylersem s\u00f6yleyeyim, siz hep bana kendi dilinizle &#8220;deli&#8221; diyeceksiniz. <\/p>\n","protected":false},"excerpt":{"rendered":"<p>\u201c\u2026 bunun ne demek oldu\u011funu ve bananeler hissettirdi\u011fini bilebilirsiniz belki ama asla anlayamazs\u0131n\u0131z. Bilmek ve anlamak aras\u0131nda b\u00fcy\u00fck bir u\u00e7urum var \u00e7\u00fcnk\u00fc. Ba\u015f\u0131n\u0131z\u0131 kald\u0131rd\u0131\u011f\u0131n\u0131zda, g\u00f6ky\u00fcz\u00fcnde kanat<span class=\"excerpt-hellip\"> [\u2026]<\/span><\/p>\n","protected":false},"featured_media":0,"template":"","meta":{"_monsterinsights_skip_tracking":false,"_monsterinsights_sitenote_active":false,"_monsterinsights_sitenote_note":"","_monsterinsights_sitenote_category":0},"product_brand":[],"product_cat":[12291,12711],"product_tag":[],"class_list":{"0":"post-717838","1":"product","2":"type-product","3":"status-publish","5":"product_cat-edebiyat","6":"product_cat-roman-oyku","7":"pa_cilt-ciltsiz","8":"pa_tur-kitap","9":"pa_yayinevi-dokuz-yayinlari","10":"pa_yazar-arzu-sacli","12":"first","13":"instock","14":"sale","15":"shipping-taxable","16":"purchasable","17":"product-type-simple"},"_links":{"self":[{"href":"https:\/\/roveyayinevi.com.tr\/index.php\/wp-json\/wp\/v2\/product\/717838","targetHints":{"allow":["GET"]}}],"collection":[{"href":"https:\/\/roveyayinevi.com.tr\/index.php\/wp-json\/wp\/v2\/product"}],"about":[{"href":"https:\/\/roveyayinevi.com.tr\/index.php\/wp-json\/wp\/v2\/types\/product"}],"wp:attachment":[{"href":"https:\/\/roveyayinevi.com.tr\/index.php\/wp-json\/wp\/v2\/media?parent=717838"}],"wp:term":[{"taxonomy":"product_brand","embeddable":true,"href":"https:\/\/roveyayinevi.com.tr\/index.php\/wp-json\/wp\/v2\/product_brand?post=717838"},{"taxonomy":"product_cat","embeddable":true,"href":"https:\/\/roveyayinevi.com.tr\/index.php\/wp-json\/wp\/v2\/product_cat?post=717838"},{"taxonomy":"product_tag","embeddable":true,"href":"https:\/\/roveyayinevi.com.tr\/index.php\/wp-json\/wp\/v2\/product_tag?post=717838"}],"curies":[{"name":"wp","href":"https:\/\/api.w.org\/{rel}","templated":true}]}}