{"id":717837,"date":"2025-08-27T18:00:39","date_gmt":"2025-08-27T15:00:39","guid":{"rendered":"https:\/\/roveyayinevi.com.tr\/index.php\/urun\/harflerin-golgesinde\/"},"modified":"2026-04-16T02:26:13","modified_gmt":"2026-04-15T23:26:13","slug":"harflerin-golgesinde","status":"publish","type":"product","link":"https:\/\/roveyayinevi.com.tr\/index.php\/urun\/harflerin-golgesinde\/","title":{"rendered":"Harflerin G\u00f6lgesinde"},"content":{"rendered":"<p>Yazmak, bir ad\u0131m \u00f6teye gitmi\u015f bir ruhun sat\u0131rlara d\u00f6k\u00fclm\u00fc\u015f halidir&#8230; G\u00f6zya\u015flar\u0131nla ve s\u00f6zlerinle ifade edemedi\u011fin anlar\u0131n, derin paragraflarda y\u00fcre\u011fini var etti\u011finin resmidir. Hangi yolda\u015fl\u0131k yormuyor ki insan\u0131, vars\u0131n ayd\u0131nl\u0131ktan yana olanlar yorsun. Bir \u015fiirin ahengine kapt\u0131r y\u00fcre\u011fini, hissizlik eziyetten ba\u015fka bir unsur de\u011fildir. D\u00fc\u015f\u00fcnceler ve hisler i\u00e7in kalem k\u0131l\u0131\u00e7 ise ruh kalkand\u0131r. Yaz yazabildi\u011fin kadar, o seni var eden yeg\u00e2ne eserdir. Kim bilir, belki de ya\u015fam son buldu\u011funda seni ya\u015fatacak tek delildir&#8230; H\u00fcz\u00fcn u\u011frasa da g\u00f6z bebeklerine sevgisizlikten iyidir. Kederini de sevincini de g\u00f6\u011f\u00fcslemek sahiden erdemdir. \u015eimdi iki sat\u0131rla ifade etti\u011fin y\u00fcre\u011fini dinledi\u011findir. Ve kalem hayk\u0131r\u0131r dinleyenlere:  \u201cBir s\u00f6z iyi edebilir belki t\u00fcm y\u00fcre\u011fi k\u0131r\u0131lm\u0131\u015flar\u0131&#8230; Sevgiden yana, iyilikten yana, \u00e7i\u00e7eklerle bezenmi\u015f bir s\u00f6z&#8230; Y\u00fcre\u011fin belki de bir \u015fiirin yan\u0131k t\u00fcrk\u00fclerdeki ezgileridir\u2026\u201d <\/p>\n","protected":false},"excerpt":{"rendered":"<p>Yazmak, bir ad\u0131m \u00f6teye gitmi\u015f bir ruhun sat\u0131rlara d\u00f6k\u00fclm\u00fc\u015f halidir&#8230; G\u00f6zya\u015flar\u0131nla ve s\u00f6zlerinle ifade edemedi\u011fin anlar\u0131n, derin paragraflarda y\u00fcre\u011fini var etti\u011finin resmidir. Hangi yolda\u015fl\u0131k yormuyor ki<span class=\"excerpt-hellip\"> [\u2026]<\/span><\/p>\n","protected":false},"featured_media":0,"template":"","meta":{"_monsterinsights_skip_tracking":false,"_monsterinsights_sitenote_active":false,"_monsterinsights_sitenote_note":"","_monsterinsights_sitenote_category":0},"product_brand":[],"product_cat":[12291,12509],"product_tag":[],"class_list":{"0":"post-717837","1":"product","2":"type-product","3":"status-publish","5":"product_cat-edebiyat","6":"product_cat-siir","7":"pa_cilt-ciltsiz","8":"pa_tur-kitap","9":"pa_yayinevi-luna-yayinlari","10":"pa_yazar-selda-ozturk","12":"first","13":"instock","14":"sale","15":"shipping-taxable","16":"purchasable","17":"product-type-simple"},"_links":{"self":[{"href":"https:\/\/roveyayinevi.com.tr\/index.php\/wp-json\/wp\/v2\/product\/717837","targetHints":{"allow":["GET"]}}],"collection":[{"href":"https:\/\/roveyayinevi.com.tr\/index.php\/wp-json\/wp\/v2\/product"}],"about":[{"href":"https:\/\/roveyayinevi.com.tr\/index.php\/wp-json\/wp\/v2\/types\/product"}],"wp:attachment":[{"href":"https:\/\/roveyayinevi.com.tr\/index.php\/wp-json\/wp\/v2\/media?parent=717837"}],"wp:term":[{"taxonomy":"product_brand","embeddable":true,"href":"https:\/\/roveyayinevi.com.tr\/index.php\/wp-json\/wp\/v2\/product_brand?post=717837"},{"taxonomy":"product_cat","embeddable":true,"href":"https:\/\/roveyayinevi.com.tr\/index.php\/wp-json\/wp\/v2\/product_cat?post=717837"},{"taxonomy":"product_tag","embeddable":true,"href":"https:\/\/roveyayinevi.com.tr\/index.php\/wp-json\/wp\/v2\/product_tag?post=717837"}],"curies":[{"name":"wp","href":"https:\/\/api.w.org\/{rel}","templated":true}]}}