{"id":717835,"date":"2025-08-27T18:00:32","date_gmt":"2025-08-27T15:00:32","guid":{"rendered":"https:\/\/roveyayinevi.com.tr\/index.php\/urun\/turkiyede-surdurulebilir-finans-uygulamalari\/"},"modified":"2026-04-16T02:26:13","modified_gmt":"2026-04-15T23:26:13","slug":"turkiyede-surdurulebilir-finans-uygulamalari","status":"publish","type":"product","link":"https:\/\/roveyayinevi.com.tr\/index.php\/urun\/turkiyede-surdurulebilir-finans-uygulamalari\/","title":{"rendered":"T\u00fcrkiye&#8217;de S\u00fcrd\u00fcr\u00fclebilir Finans Uygulamalar\u0131"},"content":{"rendered":"<p>Bir Kalk\u0131nma Anlay\u0131\u015f\u0131 Olarak S\u00fcrd\u00fcr\u00fclebilirlik S\u00fcrd\u00fcr\u00fclebilir Finans ve D\u00fcnya Uygulamalar\u0131 S\u00fcrd\u00fcr\u00fclebilirlik ve Kurumsal Y\u00f6netim S\u00fcrd\u00fcr\u00fclebilirlik ve Sermaye Piyasas\u0131  S\u00fcrd\u00fcr\u00fclebilirlik ve Sigorta S\u00fcrd\u00fcr\u00fclebilirlik Raporlama S\u00fcrd\u00fcr\u00fclebilirlik ve Finansal Performans \u0130li\u015fkisi \u00dczerine Literat\u00fcr Taramas\u0131 B\u0131st S\u00fcrd\u00fcr\u00fclebilirlik Endeksi Kapsam\u0131nda Ekonometrik Bir Uygulama <\/p>\n","protected":false},"excerpt":{"rendered":"<p>Bir Kalk\u0131nma Anlay\u0131\u015f\u0131 Olarak S\u00fcrd\u00fcr\u00fclebilirlik S\u00fcrd\u00fcr\u00fclebilir Finans ve D\u00fcnya Uygulamalar\u0131 S\u00fcrd\u00fcr\u00fclebilirlik ve Kurumsal Y\u00f6netim S\u00fcrd\u00fcr\u00fclebilirlik ve Sermaye Piyasas\u0131 S\u00fcrd\u00fcr\u00fclebilirlik ve Sigorta S\u00fcrd\u00fcr\u00fclebilirlik Raporlama S\u00fcrd\u00fcr\u00fclebilirlik ve Finansal<span class=\"excerpt-hellip\"> [\u2026]<\/span><\/p>\n","protected":false},"featured_media":0,"template":"","meta":{"_monsterinsights_skip_tracking":false,"_monsterinsights_sitenote_active":false,"_monsterinsights_sitenote_note":"","_monsterinsights_sitenote_category":0},"product_brand":[],"product_cat":[20333,13043],"product_tag":[],"class_list":{"0":"post-717835","1":"product","2":"type-product","3":"status-publish","5":"product_cat-diger-ekonomi","6":"product_cat-ekonomi","7":"pa_cilt-ciltsiz","8":"pa_tur-kitap","9":"pa_yayinevi-gazi-kitabevi","10":"pa_yazar-aysel-gundogdu","12":"first","13":"instock","14":"sale","15":"shipping-taxable","16":"purchasable","17":"product-type-simple"},"_links":{"self":[{"href":"https:\/\/roveyayinevi.com.tr\/index.php\/wp-json\/wp\/v2\/product\/717835","targetHints":{"allow":["GET"]}}],"collection":[{"href":"https:\/\/roveyayinevi.com.tr\/index.php\/wp-json\/wp\/v2\/product"}],"about":[{"href":"https:\/\/roveyayinevi.com.tr\/index.php\/wp-json\/wp\/v2\/types\/product"}],"wp:attachment":[{"href":"https:\/\/roveyayinevi.com.tr\/index.php\/wp-json\/wp\/v2\/media?parent=717835"}],"wp:term":[{"taxonomy":"product_brand","embeddable":true,"href":"https:\/\/roveyayinevi.com.tr\/index.php\/wp-json\/wp\/v2\/product_brand?post=717835"},{"taxonomy":"product_cat","embeddable":true,"href":"https:\/\/roveyayinevi.com.tr\/index.php\/wp-json\/wp\/v2\/product_cat?post=717835"},{"taxonomy":"product_tag","embeddable":true,"href":"https:\/\/roveyayinevi.com.tr\/index.php\/wp-json\/wp\/v2\/product_tag?post=717835"}],"curies":[{"name":"wp","href":"https:\/\/api.w.org\/{rel}","templated":true}]}}