{"id":717834,"date":"2025-08-27T18:00:31","date_gmt":"2025-08-27T15:00:31","guid":{"rendered":"https:\/\/roveyayinevi.com.tr\/index.php\/urun\/denizkizi-derina\/"},"modified":"2026-04-16T02:26:13","modified_gmt":"2026-04-15T23:26:13","slug":"denizkizi-derina","status":"publish","type":"product","link":"https:\/\/roveyayinevi.com.tr\/index.php\/urun\/denizkizi-derina\/","title":{"rendered":"Denizk\u0131z\u0131 Derina"},"content":{"rendered":"<p>Denizk\u0131z\u0131 Derina ve dostlar\u0131 denizat\u0131, balon bal\u0131\u011f\u0131 ve \u00e7eki\u00e7 ba\u015fl\u0131 k\u00f6pekbal\u0131\u011f\u0131\u2026 Onlar, Pomida Denizi\u2019nin sevimli su alt\u0131 sakinleri\u2026 T\u00fcm\u00fcn\u00fcn ortak bir noktas\u0131 var: Biricik ve kendilerine has \u00f6zelliklere sahip olduklar\u0131n\u0131 unutup, ald\u0131klar\u0131 olumsuz bir ele\u015ftiri ile kendilerini yetersiz hissetmeleri\u2026 Bakal\u0131m bu hik\u00e2yede neler ya\u015fayacaklar, kendi farkl\u0131l\u0131klar\u0131n\u0131 ke\u015ffedip, biricik olduklar\u0131n\u0131n nas\u0131l fark\u0131na varacaklar? Merak ediyorsan, sayfalar\u0131 \u00e7evirmeye ba\u015fla! <\/p>\n","protected":false},"excerpt":{"rendered":"<p>Denizk\u0131z\u0131 Derina ve dostlar\u0131 denizat\u0131, balon bal\u0131\u011f\u0131 ve \u00e7eki\u00e7 ba\u015fl\u0131 k\u00f6pekbal\u0131\u011f\u0131\u2026 Onlar, Pomida Denizi\u2019nin sevimli su alt\u0131 sakinleri\u2026 T\u00fcm\u00fcn\u00fcn ortak bir noktas\u0131 var: Biricik ve kendilerine<span class=\"excerpt-hellip\"> [\u2026]<\/span><\/p>\n","protected":false},"featured_media":0,"template":"","meta":{"_monsterinsights_skip_tracking":false,"_monsterinsights_sitenote_active":false,"_monsterinsights_sitenote_note":"","_monsterinsights_sitenote_category":0},"product_brand":[],"product_cat":[12274,12284],"product_tag":[],"class_list":{"0":"post-717834","1":"product","2":"type-product","3":"status-publish","5":"product_cat-cocuk-ve-genclik-kitaplari","6":"product_cat-hikayeler","7":"pa_cilt-ciltsiz","8":"pa_tur-kitap","9":"pa_yayinevi-inkilap-kitabevi","10":"pa_yazar-ipek-gozokan-nazli-akcura","12":"first","13":"instock","14":"sale","15":"shipping-taxable","16":"purchasable","17":"product-type-simple"},"_links":{"self":[{"href":"https:\/\/roveyayinevi.com.tr\/index.php\/wp-json\/wp\/v2\/product\/717834","targetHints":{"allow":["GET"]}}],"collection":[{"href":"https:\/\/roveyayinevi.com.tr\/index.php\/wp-json\/wp\/v2\/product"}],"about":[{"href":"https:\/\/roveyayinevi.com.tr\/index.php\/wp-json\/wp\/v2\/types\/product"}],"wp:attachment":[{"href":"https:\/\/roveyayinevi.com.tr\/index.php\/wp-json\/wp\/v2\/media?parent=717834"}],"wp:term":[{"taxonomy":"product_brand","embeddable":true,"href":"https:\/\/roveyayinevi.com.tr\/index.php\/wp-json\/wp\/v2\/product_brand?post=717834"},{"taxonomy":"product_cat","embeddable":true,"href":"https:\/\/roveyayinevi.com.tr\/index.php\/wp-json\/wp\/v2\/product_cat?post=717834"},{"taxonomy":"product_tag","embeddable":true,"href":"https:\/\/roveyayinevi.com.tr\/index.php\/wp-json\/wp\/v2\/product_tag?post=717834"}],"curies":[{"name":"wp","href":"https:\/\/api.w.org\/{rel}","templated":true}]}}