{"id":717832,"date":"2025-08-27T18:00:30","date_gmt":"2025-08-27T15:00:30","guid":{"rendered":"https:\/\/roveyayinevi.com.tr\/index.php\/urun\/bilimin-degeri\/"},"modified":"2026-04-16T02:26:13","modified_gmt":"2026-04-15T23:26:13","slug":"bilimin-degeri","status":"publish","type":"product","link":"https:\/\/roveyayinevi.com.tr\/index.php\/urun\/bilimin-degeri\/","title":{"rendered":"Bilimin De\u011feri"},"content":{"rendered":"<p>Poincare Bilim ve Hipotez kitab\u0131nda, bilimde uzla\u015fmac\u0131l\u0131\u011f\u0131n ana hatlar\u0131n\u0131 \u00e7izmi\u015fve bilim insan\u0131n\u0131n do\u011fa kanunlar\u0131ndaki ka\u00e7\u0131n\u0131lmaz pay\u0131n\u0131 ortaya koymu\u015ftur. Ayn\u0131 zamanada bu eser birtak\u0131m sorulara ve tart\u0131\u015fmalara da yol a\u00e7m\u0131\u015ft\u0131r:E\u011fer ka\u00e7\u0131n\u0131lmz olarak b\u00f6yle bir pay varsa , bilimin hi\u00e7 olmazsa bir k\u0131sm\u0131n\u0131n yapay ve keyfi oldu\u011funu s\u00f6ylemek do\u011fru olmaz m\u0131? Fizik kanunlar\u0131 bilim insan\u0131n\u0131n yarat\u0131m\u0131 say\u0131labilir mi?Ve e\u011fer \u00f6yleyse , bilim nesnel olabilir mi?Poincare i\u00e7in bilim nesnelli\u011fini korur ancak nesnelli\u011fin yeni ve eskisine k\u0131yasla daha karma\u015f\u0131k bir anlam\u0131 vard\u0131r. Bilim de\u011ferini yiitirmemi\u015ftir, fakat  art\u0131k yeni bir \u0131\u015f\u0131k alt\u0131nda g\u00f6r\u00fclmelidit.G\u00fcn\u00fcm\u00fcz bilimin temellerinin at\u0131ld\u0131\u011f\u0131 s\u0131ralarda kaleme  al\u0131nm\u0131\u015f elinizdeki eserde Poincare , bilimin yeni d\u00fcnyadaki yerini ,hedefini ve de\u011ferini anlat\u0131yor ve bilime dair son derece olgun ve modern bir bak\u0131\u015f a\u00e7\u0131s\u0131 sunuyor.Elinizdeki kitap, bug\u00fcn\u00fcn oldu\u011fu kadar gelece\u011fin bilimini de ayd\u0131nlatacak ve daima g\u00fcvenebilece\u011fimiz bir k\u0131lavuz olacakt\u0131r.<\/p>\n","protected":false},"excerpt":{"rendered":"<p>Poincare Bilim ve Hipotez kitab\u0131nda, bilimde uzla\u015fmac\u0131l\u0131\u011f\u0131n ana hatlar\u0131n\u0131 \u00e7izmi\u015fve bilim insan\u0131n\u0131n do\u011fa kanunlar\u0131ndaki ka\u00e7\u0131n\u0131lmaz pay\u0131n\u0131 ortaya koymu\u015ftur. Ayn\u0131 zamanada bu eser birtak\u0131m sorulara ve tart\u0131\u015fmalara<span class=\"excerpt-hellip\"> [\u2026]<\/span><\/p>\n","protected":false},"featured_media":0,"template":"","meta":{"_monsterinsights_skip_tracking":false,"_monsterinsights_sitenote_active":false,"_monsterinsights_sitenote_note":"","_monsterinsights_sitenote_category":0},"product_brand":[],"product_cat":[13005,37328],"product_tag":[],"class_list":{"0":"post-717832","1":"product","2":"type-product","3":"status-publish","5":"product_cat-bilim-muhendislik","6":"product_cat-diger-bilim-muhendislik","7":"pa_cilt-ciltsiz","8":"pa_tur-kitap","9":"pa_yayinevi-fol-kitap","10":"pa_yazar-henri-poincare","12":"first","13":"instock","14":"sale","15":"shipping-taxable","16":"purchasable","17":"product-type-simple"},"_links":{"self":[{"href":"https:\/\/roveyayinevi.com.tr\/index.php\/wp-json\/wp\/v2\/product\/717832","targetHints":{"allow":["GET"]}}],"collection":[{"href":"https:\/\/roveyayinevi.com.tr\/index.php\/wp-json\/wp\/v2\/product"}],"about":[{"href":"https:\/\/roveyayinevi.com.tr\/index.php\/wp-json\/wp\/v2\/types\/product"}],"wp:attachment":[{"href":"https:\/\/roveyayinevi.com.tr\/index.php\/wp-json\/wp\/v2\/media?parent=717832"}],"wp:term":[{"taxonomy":"product_brand","embeddable":true,"href":"https:\/\/roveyayinevi.com.tr\/index.php\/wp-json\/wp\/v2\/product_brand?post=717832"},{"taxonomy":"product_cat","embeddable":true,"href":"https:\/\/roveyayinevi.com.tr\/index.php\/wp-json\/wp\/v2\/product_cat?post=717832"},{"taxonomy":"product_tag","embeddable":true,"href":"https:\/\/roveyayinevi.com.tr\/index.php\/wp-json\/wp\/v2\/product_tag?post=717832"}],"curies":[{"name":"wp","href":"https:\/\/api.w.org\/{rel}","templated":true}]}}