{"id":717830,"date":"2025-08-27T18:00:29","date_gmt":"2025-08-27T15:00:29","guid":{"rendered":"https:\/\/roveyayinevi.com.tr\/index.php\/urun\/sarmasik-fetonun-dolarlari\/"},"modified":"2026-04-16T02:26:13","modified_gmt":"2026-04-15T23:26:13","slug":"sarmasik-fetonun-dolarlari","status":"publish","type":"product","link":"https:\/\/roveyayinevi.com.tr\/index.php\/urun\/sarmasik-fetonun-dolarlari\/","title":{"rendered":"Sarma\u015f\u0131k &#8211; Fet\u00f6n\u00fcn Dolarlar\u0131"},"content":{"rendered":"<p>OHAL Mahkemeleri, bu dava potansiyeli ne yap\u0131lsa yap\u0131ls\u0131n b\u00fcy\u00fckl\u00fc\u011f\u00fcn\u00fcn alt\u0131dan kalkamaz. Onun i\u00e7in Ergenekon, Balyoz ve benzeri davalardan ma\u011fdur olan ki\u015filere bilirki\u015fi misyonu y\u00fcklenmesi faydal\u0131 olacakt\u0131r. Abdullah G\u00fcl, Ahmet Davuto\u011flu, Yal\u00e7\u0131n Akdo\u011fan, Ahmet Ert\u00fck (TMSF eski ba\u015fkan\u0131), Bekir Bozda\u011f\u2019da bildiklerini de\u015fifre etmelidirler.              <\/p>\n","protected":false},"excerpt":{"rendered":"<p>OHAL Mahkemeleri, bu dava potansiyeli ne yap\u0131lsa yap\u0131ls\u0131n b\u00fcy\u00fckl\u00fc\u011f\u00fcn\u00fcn alt\u0131dan kalkamaz. Onun i\u00e7in Ergenekon, Balyoz ve benzeri davalardan ma\u011fdur olan ki\u015filere bilirki\u015fi misyonu y\u00fcklenmesi faydal\u0131 olacakt\u0131r.<span class=\"excerpt-hellip\"> [\u2026]<\/span><\/p>\n","protected":false},"featured_media":0,"template":"","meta":{"_monsterinsights_skip_tracking":false,"_monsterinsights_sitenote_active":false,"_monsterinsights_sitenote_note":"","_monsterinsights_sitenote_category":0},"product_brand":[],"product_cat":[13590,12337],"product_tag":[],"class_list":{"0":"post-717830","1":"product","2":"type-product","3":"status-publish","5":"product_cat-arastirma-inceleme-politika-siyaset","6":"product_cat-politika-siyaset","7":"pa_cilt-ciltsiz","8":"pa_tur-kitap","9":"pa_yayinevi-nergiz-yayinlari","10":"pa_yazar-talat-turhan","12":"first","13":"instock","14":"sale","15":"shipping-taxable","16":"purchasable","17":"product-type-simple"},"_links":{"self":[{"href":"https:\/\/roveyayinevi.com.tr\/index.php\/wp-json\/wp\/v2\/product\/717830","targetHints":{"allow":["GET"]}}],"collection":[{"href":"https:\/\/roveyayinevi.com.tr\/index.php\/wp-json\/wp\/v2\/product"}],"about":[{"href":"https:\/\/roveyayinevi.com.tr\/index.php\/wp-json\/wp\/v2\/types\/product"}],"wp:attachment":[{"href":"https:\/\/roveyayinevi.com.tr\/index.php\/wp-json\/wp\/v2\/media?parent=717830"}],"wp:term":[{"taxonomy":"product_brand","embeddable":true,"href":"https:\/\/roveyayinevi.com.tr\/index.php\/wp-json\/wp\/v2\/product_brand?post=717830"},{"taxonomy":"product_cat","embeddable":true,"href":"https:\/\/roveyayinevi.com.tr\/index.php\/wp-json\/wp\/v2\/product_cat?post=717830"},{"taxonomy":"product_tag","embeddable":true,"href":"https:\/\/roveyayinevi.com.tr\/index.php\/wp-json\/wp\/v2\/product_tag?post=717830"}],"curies":[{"name":"wp","href":"https:\/\/api.w.org\/{rel}","templated":true}]}}