{"id":717829,"date":"2025-08-27T18:00:28","date_gmt":"2025-08-27T15:00:28","guid":{"rendered":"https:\/\/roveyayinevi.com.tr\/index.php\/urun\/direnis-4\/"},"modified":"2026-04-16T02:26:13","modified_gmt":"2026-04-15T23:26:13","slug":"direnis-4","status":"publish","type":"product","link":"https:\/\/roveyayinevi.com.tr\/index.php\/urun\/direnis-4\/","title":{"rendered":"Direni\u015f"},"content":{"rendered":"<p>57 y\u0131l\u0131d\u0131r durmaks\u0131z\u0131n hedef se\u00e7ildim. Bu s\u00fcre\u00e7ten ge\u00e7erek 91 ya\u015f\u0131ma kadar gelmi\u015f ve ya\u015fam\u0131mla \u201cD\u00fczen Bozuk\u201dlu\u011funu kan\u0131tlam\u0131\u015f olmaktan gururluyum. Bitmedi\u2026\u201d\u201cYa\u015fad\u0131\u011f\u0131m insan akl\u0131n\u0131n almayaca\u011f\u0131 uygulamalara \u00f6d\u00fcn vermeden direnen bir ki\u015fiyi en az\u0131ndan bu kitapla daha da tan\u0131yarak, halk m\u00fccadeleme sahip \u00e7\u0131kmal\u0131d\u0131r.\u201d\u201cBenim anlay\u0131\u015f\u0131ma g\u00f6re bir adam\u0131n ta\u015f\u0131d\u0131\u011f\u0131 r\u00fctbe ya da bulundu\u011fu makam o ki\u015fiye onur kazand\u0131rmaz. Onur bir ki\u015finin ya\u015fam\u0131 boyu s\u00fcrd\u00fcrd\u00fc\u011f\u00fc olumlu davran\u0131\u015f\u0131n bile\u015fkesiyle \u015fekillenir. \u00c7\u0131kar\u0131 i\u00e7in her kal\u0131ba girmekte sak\u0131nca g\u00f6rmeyenlerin onur ve sayg\u0131nl\u0131ktan s\u00f6z etme\u011fe haklar\u0131 olabilece\u011fini sanm\u0131yorum.\u201d\u201cBomba davas\u0131 s\u00fcresi ve sonras\u0131nda \u00e7ektiklerimizin hebas\u0131n\u0131 kimse vermedi. Kan\u0131mca bana yap\u0131lan t\u00fcm bu olumsuzluklar\u0131n ba\u015f sorumlusu olan Cumhurba\u015fkan\u0131 Cevdet Sunay, Genelkurmay Ba\u015fkan\u0131 Memduh Ta\u011fma\u00e7, Cemal Turhal ve d\u00f6nemin siyasi iktidar\u0131na Faik T\u00fcr\u00fcn\u2019\u00fc su\u00e7luyorum ve hakk\u0131m\u0131 helal etmiyorum, tarihin yarg\u0131s\u0131na havale ediyorum. Direnmemi bu kitapla s\u00fcrd\u00fcr\u00fcyorum. Bunlar direnme\u2019nin i\u00e7inden. Okuduk\u00e7a inanmakta zorlanaca\u011f\u0131n\u0131z, sinirle hayk\u0131raca\u011f\u0131n\u0131z, \u00fcz\u00fcnt\u00fcyle kahrolaca\u011f\u0131n\u0131z ger\u00e7ekleri bulacaks\u0131n\u0131z sayfalar\u0131nda. Ancak en \u00f6nemlisi \u00fcmitle dolacaks\u0131n\u0131z. Biri var sava\u015f\u0131m vermeye y\u0131llard\u0131r devam ediyor. Yeniden, yeniden ba\u015flayacak i\u00e7inizdeki uyan\u0131\u015f.Hak m\u00fccadeleme sahip \u00e7\u0131k\u0131lmal\u0131d\u0131r.<\/p>\n","protected":false},"excerpt":{"rendered":"<p>57 y\u0131l\u0131d\u0131r durmaks\u0131z\u0131n hedef se\u00e7ildim. Bu s\u00fcre\u00e7ten ge\u00e7erek 91 ya\u015f\u0131ma kadar gelmi\u015f ve ya\u015fam\u0131mla \u201cD\u00fczen Bozuk\u201dlu\u011funu kan\u0131tlam\u0131\u015f olmaktan gururluyum. Bitmedi\u2026\u201d\u201cYa\u015fad\u0131\u011f\u0131m insan akl\u0131n\u0131n almayaca\u011f\u0131 uygulamalara \u00f6d\u00fcn vermeden<span class=\"excerpt-hellip\"> [\u2026]<\/span><\/p>\n","protected":false},"featured_media":0,"template":"","meta":{"_monsterinsights_skip_tracking":false,"_monsterinsights_sitenote_active":false,"_monsterinsights_sitenote_note":"","_monsterinsights_sitenote_category":0},"product_brand":[],"product_cat":[12312,12304],"product_tag":[],"class_list":{"0":"post-717829","1":"product","2":"type-product","3":"status-publish","5":"product_cat-diger","6":"product_cat-tarih","7":"pa_cilt-ciltsiz","8":"pa_tur-kitap","9":"pa_yayinevi-nergiz-yayinlari","10":"pa_yazar-talat-turhan","12":"first","13":"instock","14":"sale","15":"shipping-taxable","16":"purchasable","17":"product-type-simple"},"_links":{"self":[{"href":"https:\/\/roveyayinevi.com.tr\/index.php\/wp-json\/wp\/v2\/product\/717829","targetHints":{"allow":["GET"]}}],"collection":[{"href":"https:\/\/roveyayinevi.com.tr\/index.php\/wp-json\/wp\/v2\/product"}],"about":[{"href":"https:\/\/roveyayinevi.com.tr\/index.php\/wp-json\/wp\/v2\/types\/product"}],"wp:attachment":[{"href":"https:\/\/roveyayinevi.com.tr\/index.php\/wp-json\/wp\/v2\/media?parent=717829"}],"wp:term":[{"taxonomy":"product_brand","embeddable":true,"href":"https:\/\/roveyayinevi.com.tr\/index.php\/wp-json\/wp\/v2\/product_brand?post=717829"},{"taxonomy":"product_cat","embeddable":true,"href":"https:\/\/roveyayinevi.com.tr\/index.php\/wp-json\/wp\/v2\/product_cat?post=717829"},{"taxonomy":"product_tag","embeddable":true,"href":"https:\/\/roveyayinevi.com.tr\/index.php\/wp-json\/wp\/v2\/product_tag?post=717829"}],"curies":[{"name":"wp","href":"https:\/\/api.w.org\/{rel}","templated":true}]}}