{"id":717827,"date":"2025-08-27T18:00:27","date_gmt":"2025-08-27T15:00:27","guid":{"rendered":"https:\/\/roveyayinevi.com.tr\/index.php\/urun\/ak-yargi\/"},"modified":"2026-04-16T02:25:54","modified_gmt":"2026-04-15T23:25:54","slug":"ak-yargi","status":"publish","type":"product","link":"https:\/\/roveyayinevi.com.tr\/index.php\/urun\/ak-yargi\/","title":{"rendered":"Ak Yarg\u0131"},"content":{"rendered":"<p>Tayyip Erdo\u011fan, ba\u015fta bas\u0131n ve yarg\u0131 olmak \u00fczere, kurumlara m\u00fcdahale konusunda,\u00f6zel olarak ele al\u0131nmas\u0131 gereken biridir. Bu g\u00fcn her ne kadar Cumhurba\u015fkan\u0131 olsa da, Ba\u015fbakan&#8217;dan bakanlara, milletvekillerinden belediye ba\u015fkanlar\u0131na, devlet y\u00f6netiminde kim varsa, hepsinin yetkisini kullanan, &#8220;tarafs\u0131z&#8221; kelimesi ile yan yana gelemeyecek kadar taraf olan bir ki\u015fidir.Bu kitapta;Tayyip Erdo\u011fan&#8217;\u0131n yarg\u0131y\u0131 ele ge\u00e7irme konusunda att\u0131\u011f\u0131 ad\u0131nlan&#8230; Kendisine \u00f6zel yap\u0131lan d\u00fczenlemeleri&#8230;Daha \u00f6nce &#8220;Temiz eller savc\u0131s\u0131&#8221; dedi\u011fi ve alt\u0131na z\u0131rhl\u0131 makam arac\u0131n\u0131, korumalar\u0131n\u0131 tahsis etti\u011fi Zekeriya \u00d6z&#8217;\u00fc neden, nas\u0131l &#8220;vatan haini&#8221; ilan etti\u011fini&#8230;Se\u00e7imlerden sonra katk\u0131lar\u0131ndan dolay\u0131 te\u015fekk\u00fcr etti\u011fi, selam g\u00f6nderdi\u011fi Fetullah G\u00fclen&#8217;e, da\u011farc\u0131\u011f\u0131ndaki t\u00fcm hakaret ifadelerini neden kullanmaya ba\u015flad\u0131\u011f\u0131n\u0131&#8230; Neden onu cezaevine t\u0131kmaya \u00e7al\u0131\u015ft\u0131\u011f\u0131n\u0131&#8230;Daha \u00f6nce &#8220;Abdestinden \u015f\u00fcphesi olmayan\u0131n namaz\u0131ndan \u015f\u00fcphesi olmaz. Su\u00e7unuz yoksa rahat olun&#8230; Yarg\u0131ya g\u00fcvenin&#8221; derken, ucu kendisine dokunan bir soru\u015fturmadan sonra, soru\u015fturmay\u0131 kapatmak i\u00e7in neler yapt\u0131\u011f\u0131n\u0131&#8230; Yarg\u0131dan ne kadar korktu\u011funu&#8230;T\u00fcrkiye&#8217;nin se\u00e7kin hukuk\u00e7ular\u0131ndan; Osman Ka\u00e7maz, Orhan Gazi Ertekin, Kemal Kerin\u00e7siz, Y\u0131ld\u0131r\u0131m \u00c7avu\u015foval\u0131, Vural Erg\u00fcl, Adil Serdar Sa\u00e7an ile AKP&#8217;nin kuklas\u0131 haline d\u00f6n\u00fc\u015fen yarg\u0131n\u0131n i\u00e7inde bulundu\u011fu durum konusunda yap\u0131lan \u00f6zel s\u00f6yle\u015fileri okuyacaks\u0131n\u0131z&#8230;<\/p>\n","protected":false},"excerpt":{"rendered":"<p>Tayyip Erdo\u011fan, ba\u015fta bas\u0131n ve yarg\u0131 olmak \u00fczere, kurumlara m\u00fcdahale konusunda,\u00f6zel olarak ele al\u0131nmas\u0131 gereken biridir. Bu g\u00fcn her ne kadar Cumhurba\u015fkan\u0131 olsa da, Ba\u015fbakan&#8217;dan bakanlara,<span class=\"excerpt-hellip\"> [\u2026]<\/span><\/p>\n","protected":false},"featured_media":0,"template":"","meta":{"_monsterinsights_skip_tracking":false,"_monsterinsights_sitenote_active":false,"_monsterinsights_sitenote_note":"","_monsterinsights_sitenote_category":0},"product_brand":[],"product_cat":[12337,14543],"product_tag":[],"class_list":{"0":"post-717827","1":"product","2":"type-product","3":"status-publish","5":"product_cat-politika-siyaset","6":"product_cat-turkiye-siyaseti-ve-politikasi","7":"pa_cilt-ciltsiz","8":"pa_tur-kitap","9":"pa_yayinevi-nergiz-yayinlari","10":"pa_yazar-bekir-ozturk","12":"first","13":"instock","14":"sale","15":"shipping-taxable","16":"purchasable","17":"product-type-simple"},"_links":{"self":[{"href":"https:\/\/roveyayinevi.com.tr\/index.php\/wp-json\/wp\/v2\/product\/717827","targetHints":{"allow":["GET"]}}],"collection":[{"href":"https:\/\/roveyayinevi.com.tr\/index.php\/wp-json\/wp\/v2\/product"}],"about":[{"href":"https:\/\/roveyayinevi.com.tr\/index.php\/wp-json\/wp\/v2\/types\/product"}],"wp:attachment":[{"href":"https:\/\/roveyayinevi.com.tr\/index.php\/wp-json\/wp\/v2\/media?parent=717827"}],"wp:term":[{"taxonomy":"product_brand","embeddable":true,"href":"https:\/\/roveyayinevi.com.tr\/index.php\/wp-json\/wp\/v2\/product_brand?post=717827"},{"taxonomy":"product_cat","embeddable":true,"href":"https:\/\/roveyayinevi.com.tr\/index.php\/wp-json\/wp\/v2\/product_cat?post=717827"},{"taxonomy":"product_tag","embeddable":true,"href":"https:\/\/roveyayinevi.com.tr\/index.php\/wp-json\/wp\/v2\/product_tag?post=717827"}],"curies":[{"name":"wp","href":"https:\/\/api.w.org\/{rel}","templated":true}]}}