{"id":717826,"date":"2025-08-27T18:00:26","date_gmt":"2025-08-27T15:00:26","guid":{"rendered":"https:\/\/roveyayinevi.com.tr\/index.php\/urun\/kirmizi-siyah\/"},"modified":"2026-04-16T02:25:54","modified_gmt":"2026-04-15T23:25:54","slug":"kirmizi-siyah","status":"publish","type":"product","link":"https:\/\/roveyayinevi.com.tr\/index.php\/urun\/kirmizi-siyah\/","title":{"rendered":"K\u0131rm\u0131z\u0131 Siyah"},"content":{"rendered":"<p>Arkada\u015flar aras\u0131nda \u201cyetim \u201c derdik hep.Yard\u0131mlar eder, birbirimizi ta\u015f\u0131rd\u0131k. Arada kaybolurdu. Namaza gitti\u011fini bilirdik. Me\u011fer Fe*tullah\u2019\u0131n cemaatine girmi\u015f. Haberimiz yok! Hep antika e\u015fyalar toplard\u0131. Genel Kurmay Ba\u015fkan\u0131 oldu. Bir g\u00fcn Dolma-bah\u00e7e Saray\u0131\u2019na \u00e7a\u011fr\u0131ld\u0131. 6 saat kald\u0131. Oradan \u201chediye\u201d olan z\u0131rhl\u0131 arabaya binerek ayr\u0131ld\u0131. Birg\u00fcn Barzani ve Talabani\u2019den ayr\u0131 ayr\u0131 mektup geldi. \u0130ki g\u00f6zleri iki \u00e7e\u015fme yalvar\u0131yorlar. Biri Cumhurba\u015fkan\u0131 oldu, di\u011feri b\u00f6lgenin ba\u015fkan\u0131. Yak\u0131nda bizim b\u00f6lgenin ba\u015fkan\u0131 da \u00d6*calan olacak. \u201cMevzubahis Vatansa Gerisi Teferruatt\u0131r.\u201dK.Atat\u00fcrk<\/p>\n","protected":false},"excerpt":{"rendered":"<p>Arkada\u015flar aras\u0131nda \u201cyetim \u201c derdik hep.Yard\u0131mlar eder, birbirimizi ta\u015f\u0131rd\u0131k. Arada kaybolurdu. Namaza gitti\u011fini bilirdik. Me\u011fer Fe*tullah\u2019\u0131n cemaatine girmi\u015f. Haberimiz yok! Hep antika e\u015fyalar toplard\u0131. Genel Kurmay<span class=\"excerpt-hellip\"> [\u2026]<\/span><\/p>\n","protected":false},"featured_media":0,"template":"","meta":{"_monsterinsights_skip_tracking":false,"_monsterinsights_sitenote_active":false,"_monsterinsights_sitenote_note":"","_monsterinsights_sitenote_category":0},"product_brand":[],"product_cat":[13590,12337],"product_tag":[],"class_list":{"0":"post-717826","1":"product","2":"type-product","3":"status-publish","5":"product_cat-arastirma-inceleme-politika-siyaset","6":"product_cat-politika-siyaset","7":"pa_cilt-ciltsiz","8":"pa_tur-kitap","9":"pa_yayinevi-nergiz-yayinlari","10":"pa_yazar-m-altay-tokat","12":"first","13":"instock","14":"sale","15":"shipping-taxable","16":"purchasable","17":"product-type-simple"},"_links":{"self":[{"href":"https:\/\/roveyayinevi.com.tr\/index.php\/wp-json\/wp\/v2\/product\/717826","targetHints":{"allow":["GET"]}}],"collection":[{"href":"https:\/\/roveyayinevi.com.tr\/index.php\/wp-json\/wp\/v2\/product"}],"about":[{"href":"https:\/\/roveyayinevi.com.tr\/index.php\/wp-json\/wp\/v2\/types\/product"}],"wp:attachment":[{"href":"https:\/\/roveyayinevi.com.tr\/index.php\/wp-json\/wp\/v2\/media?parent=717826"}],"wp:term":[{"taxonomy":"product_brand","embeddable":true,"href":"https:\/\/roveyayinevi.com.tr\/index.php\/wp-json\/wp\/v2\/product_brand?post=717826"},{"taxonomy":"product_cat","embeddable":true,"href":"https:\/\/roveyayinevi.com.tr\/index.php\/wp-json\/wp\/v2\/product_cat?post=717826"},{"taxonomy":"product_tag","embeddable":true,"href":"https:\/\/roveyayinevi.com.tr\/index.php\/wp-json\/wp\/v2\/product_tag?post=717826"}],"curies":[{"name":"wp","href":"https:\/\/api.w.org\/{rel}","templated":true}]}}