{"id":717825,"date":"2025-08-27T18:00:26","date_gmt":"2025-08-27T15:00:26","guid":{"rendered":"https:\/\/roveyayinevi.com.tr\/index.php\/urun\/yoneteni-hosgor-yonetilenden-oturu\/"},"modified":"2026-04-16T02:25:54","modified_gmt":"2026-04-15T23:25:54","slug":"yoneteni-hosgor-yonetilenden-oturu","status":"publish","type":"product","link":"https:\/\/roveyayinevi.com.tr\/index.php\/urun\/yoneteni-hosgor-yonetilenden-oturu\/","title":{"rendered":"Y\u00f6neteni Ho\u015fg\u00f6r Y\u00f6netilenden \u00d6t\u00fcr\u00fc"},"content":{"rendered":"<p>Y\u00f6neteni Ho\u015fg\u00f6r Y\u00f6netilenden \u00d6t\u00fcr\u00fc<\/p>\n","protected":false},"excerpt":{"rendered":"<p>Y\u00f6neteni Ho\u015fg\u00f6r Y\u00f6netilenden \u00d6t\u00fcr\u00fc<\/p>\n","protected":false},"featured_media":0,"template":"","meta":{"_monsterinsights_skip_tracking":false,"_monsterinsights_sitenote_active":false,"_monsterinsights_sitenote_note":"","_monsterinsights_sitenote_category":0},"product_brand":[],"product_cat":[13043,19008],"product_tag":[],"class_list":{"0":"post-717825","1":"product","2":"type-product","3":"status-publish","5":"product_cat-ekonomi","6":"product_cat-yonetim","7":"pa_cilt-ciltsiz","8":"pa_tur-kitap","9":"pa_yayinevi-nergiz-yayinlari","10":"pa_yazar-faruk-a-yarman","12":"first","13":"instock","14":"sale","15":"shipping-taxable","16":"purchasable","17":"product-type-simple"},"_links":{"self":[{"href":"https:\/\/roveyayinevi.com.tr\/index.php\/wp-json\/wp\/v2\/product\/717825","targetHints":{"allow":["GET"]}}],"collection":[{"href":"https:\/\/roveyayinevi.com.tr\/index.php\/wp-json\/wp\/v2\/product"}],"about":[{"href":"https:\/\/roveyayinevi.com.tr\/index.php\/wp-json\/wp\/v2\/types\/product"}],"wp:attachment":[{"href":"https:\/\/roveyayinevi.com.tr\/index.php\/wp-json\/wp\/v2\/media?parent=717825"}],"wp:term":[{"taxonomy":"product_brand","embeddable":true,"href":"https:\/\/roveyayinevi.com.tr\/index.php\/wp-json\/wp\/v2\/product_brand?post=717825"},{"taxonomy":"product_cat","embeddable":true,"href":"https:\/\/roveyayinevi.com.tr\/index.php\/wp-json\/wp\/v2\/product_cat?post=717825"},{"taxonomy":"product_tag","embeddable":true,"href":"https:\/\/roveyayinevi.com.tr\/index.php\/wp-json\/wp\/v2\/product_tag?post=717825"}],"curies":[{"name":"wp","href":"https:\/\/api.w.org\/{rel}","templated":true}]}}