{"id":717824,"date":"2025-08-27T18:00:25","date_gmt":"2025-08-27T15:00:25","guid":{"rendered":"https:\/\/roveyayinevi.com.tr\/index.php\/urun\/sozde-darbe-gunlukleri\/"},"modified":"2026-04-16T02:25:54","modified_gmt":"2026-04-15T23:25:54","slug":"sozde-darbe-gunlukleri","status":"publish","type":"product","link":"https:\/\/roveyayinevi.com.tr\/index.php\/urun\/sozde-darbe-gunlukleri\/","title":{"rendered":"S\u00f6zde Darbe G\u00fcnl\u00fckleri"},"content":{"rendered":"<p>Toplumun ayd\u0131n kesimi bu metinlerin do\u011fru ve ger\u00e7ek olmas\u0131na yanl\u0131\u015f ve sahte olmas\u0131ndan daha fazla istedi.O g\u00fcnleri hat\u0131rl\u0131yorum: bir ka\u00e7 ki\u015fi haricinde b\u00fct\u00fcn k\u00f6\u015fe yazarlar\u0131 ve toplumda kendilerine ve fikirlerine sayg\u0131 g\u00f6sterilen ki\u015filer sanki alt\u0131n bulmu\u015f gibi sevin\u00e7 i\u00e7indeydiler.Kimse sorgulamad\u0131.Haberi sanki kutsal metinler gibi tart\u0131\u015f\u0131lmaz kabul ettiler.Sayg\u0131n gazeteciler bile konuyu ara\u015ft\u0131rmadan, incelemeden hemen metinlerde yer alan bir tak\u0131m olaylar\u0131n ger\u00e7ek oldu\u011funa karar verdiler.<\/p>\n","protected":false},"excerpt":{"rendered":"<p>Toplumun ayd\u0131n kesimi bu metinlerin do\u011fru ve ger\u00e7ek olmas\u0131na yanl\u0131\u015f ve sahte olmas\u0131ndan daha fazla istedi.O g\u00fcnleri hat\u0131rl\u0131yorum: bir ka\u00e7 ki\u015fi haricinde b\u00fct\u00fcn k\u00f6\u015fe yazarlar\u0131 ve<span class=\"excerpt-hellip\"> [\u2026]<\/span><\/p>\n","protected":false},"featured_media":0,"template":"","meta":{"_monsterinsights_skip_tracking":false,"_monsterinsights_sitenote_active":false,"_monsterinsights_sitenote_note":"","_monsterinsights_sitenote_category":0},"product_brand":[],"product_cat":[13590,12337],"product_tag":[],"class_list":{"0":"post-717824","1":"product","2":"type-product","3":"status-publish","5":"product_cat-arastirma-inceleme-politika-siyaset","6":"product_cat-politika-siyaset","7":"pa_cilt-ciltsiz","8":"pa_tur-kitap","9":"pa_yayinevi-nergiz-yayinlari","10":"pa_yazar-ozden-ornek","12":"first","13":"instock","14":"sale","15":"shipping-taxable","16":"purchasable","17":"product-type-simple"},"_links":{"self":[{"href":"https:\/\/roveyayinevi.com.tr\/index.php\/wp-json\/wp\/v2\/product\/717824","targetHints":{"allow":["GET"]}}],"collection":[{"href":"https:\/\/roveyayinevi.com.tr\/index.php\/wp-json\/wp\/v2\/product"}],"about":[{"href":"https:\/\/roveyayinevi.com.tr\/index.php\/wp-json\/wp\/v2\/types\/product"}],"wp:attachment":[{"href":"https:\/\/roveyayinevi.com.tr\/index.php\/wp-json\/wp\/v2\/media?parent=717824"}],"wp:term":[{"taxonomy":"product_brand","embeddable":true,"href":"https:\/\/roveyayinevi.com.tr\/index.php\/wp-json\/wp\/v2\/product_brand?post=717824"},{"taxonomy":"product_cat","embeddable":true,"href":"https:\/\/roveyayinevi.com.tr\/index.php\/wp-json\/wp\/v2\/product_cat?post=717824"},{"taxonomy":"product_tag","embeddable":true,"href":"https:\/\/roveyayinevi.com.tr\/index.php\/wp-json\/wp\/v2\/product_tag?post=717824"}],"curies":[{"name":"wp","href":"https:\/\/api.w.org\/{rel}","templated":true}]}}