{"id":717823,"date":"2025-08-27T18:00:25","date_gmt":"2025-08-27T15:00:25","guid":{"rendered":"https:\/\/roveyayinevi.com.tr\/index.php\/urun\/ben-de-cizdim\/"},"modified":"2026-04-16T02:25:54","modified_gmt":"2026-04-15T23:25:54","slug":"ben-de-cizdim","status":"publish","type":"product","link":"https:\/\/roveyayinevi.com.tr\/index.php\/urun\/ben-de-cizdim\/","title":{"rendered":"Ben de \u00c7izdim"},"content":{"rendered":"<p>Bu kitap g\u00fclmeyi unuttu\u011fumuz ge\u00e7en y\u0131llar\u0131 g\u00f6zden ge\u00e7iren biraz d\u00fc\u015f\u00fcnd\u00fcren ince bir mizah i\u00e7ermektedir. Rahmi Turan, Emin \u00c7\u00f6la\u015fan, Sayg\u0131 \u00d6zt\u00fcrk, U\u011fur D\u00fcndar, Y\u0131lmaz \u00d6zdil, Mehmet T\u00fcrker, Bekir Co\u015fkun\u2019un yaz\u0131lar\u0131n\u0131 da kapsamaktad\u0131r.<\/p>\n","protected":false},"excerpt":{"rendered":"<p>Bu kitap g\u00fclmeyi unuttu\u011fumuz ge\u00e7en y\u0131llar\u0131 g\u00f6zden ge\u00e7iren biraz d\u00fc\u015f\u00fcnd\u00fcren ince bir mizah i\u00e7ermektedir. Rahmi Turan, Emin \u00c7\u00f6la\u015fan, Sayg\u0131 \u00d6zt\u00fcrk, U\u011fur D\u00fcndar, Y\u0131lmaz \u00d6zdil, Mehmet T\u00fcrker,<span class=\"excerpt-hellip\"> [\u2026]<\/span><\/p>\n","protected":false},"featured_media":0,"template":"","meta":{"_monsterinsights_skip_tracking":false,"_monsterinsights_sitenote_active":false,"_monsterinsights_sitenote_note":"","_monsterinsights_sitenote_category":0},"product_brand":[],"product_cat":[12291,14825],"product_tag":[],"class_list":{"0":"post-717823","1":"product","2":"type-product","3":"status-publish","5":"product_cat-edebiyat","6":"product_cat-mizah","7":"pa_cilt-ciltsiz","8":"pa_tur-kitap","9":"pa_yayinevi-nergiz-yayinlari","10":"pa_yazar-ergin-asyali","12":"first","13":"instock","14":"sale","15":"shipping-taxable","16":"purchasable","17":"product-type-simple"},"_links":{"self":[{"href":"https:\/\/roveyayinevi.com.tr\/index.php\/wp-json\/wp\/v2\/product\/717823","targetHints":{"allow":["GET"]}}],"collection":[{"href":"https:\/\/roveyayinevi.com.tr\/index.php\/wp-json\/wp\/v2\/product"}],"about":[{"href":"https:\/\/roveyayinevi.com.tr\/index.php\/wp-json\/wp\/v2\/types\/product"}],"wp:attachment":[{"href":"https:\/\/roveyayinevi.com.tr\/index.php\/wp-json\/wp\/v2\/media?parent=717823"}],"wp:term":[{"taxonomy":"product_brand","embeddable":true,"href":"https:\/\/roveyayinevi.com.tr\/index.php\/wp-json\/wp\/v2\/product_brand?post=717823"},{"taxonomy":"product_cat","embeddable":true,"href":"https:\/\/roveyayinevi.com.tr\/index.php\/wp-json\/wp\/v2\/product_cat?post=717823"},{"taxonomy":"product_tag","embeddable":true,"href":"https:\/\/roveyayinevi.com.tr\/index.php\/wp-json\/wp\/v2\/product_tag?post=717823"}],"curies":[{"name":"wp","href":"https:\/\/api.w.org\/{rel}","templated":true}]}}