{"id":717822,"date":"2025-08-27T18:00:24","date_gmt":"2025-08-27T15:00:24","guid":{"rendered":"https:\/\/roveyayinevi.com.tr\/index.php\/urun\/islamda-beyin-aklin-kaynagi-sadr\/"},"modified":"2026-04-16T02:25:54","modified_gmt":"2026-04-15T23:25:54","slug":"islamda-beyin-aklin-kaynagi-sadr","status":"publish","type":"product","link":"https:\/\/roveyayinevi.com.tr\/index.php\/urun\/islamda-beyin-aklin-kaynagi-sadr\/","title":{"rendered":"\u0130slam&#8217;da Beyin &#8211; Akl\u0131n Kayna\u011f\u0131 Sadr"},"content":{"rendered":"<p>T\u00fcrkiye&#8217;de &#8220;Din Konusu&#8221;nun Kur&#8217;an&#8217;la sa\u011flamas\u0131 yap\u0131lmadan di\u011fer sorunlar\u0131n hi\u00e7 biri \u00fczerinde do\u011fru \u00e7\u00f6z\u00fcmler \u00fcretmek olas\u0131 de\u011fildir. Her sorun ak\u0131l ve bilimle \u00e7\u00f6z\u00fclebilir. Ak\u0131l, insan\u0131 di\u011fer canl\u0131 varl\u0131klardan ay\u0131ran ve kendisini yarat\u0131lm\u0131\u015flar\u0131n en \u015fereflisi, \u00fcst\u00fcn\u00fc k\u0131lan g\u00fc\u00e7t\u00fcr. Burada s\u00f6z konusu olan ak\u0131l \u00fcst beyindeki selim akl\u0131 olu\u015fturan akli melekelerdir.\u0130nsanl\u0131k tarihinde insanlar\u0131n en az tan\u0131d\u0131\u011f\u0131 ise kendi \u00fcst beynidir. Tan\u0131mad\u0131\u011f\u0131 gibi kullanm\u0131yor; kullanmas\u0131n\u0131 da hi\u00e7 bilmiyor. \u00c7a\u011f\u0131m\u0131z insan\u0131 yeniden beynini ke\u015ffetmek zorundad\u0131r. \u00c7\u00fcnk\u00fc kendisi beynini kullanmazsa, onu ba\u015fkalar\u0131 beyni kullanacakt\u0131r. \u00d6zg\u00fcrl\u00fc\u011f\u00fcn de ba\u011f\u0131ms\u0131zl\u0131\u011f\u0131n da, insanl\u0131k onur ve haysiyeti i\u00e7inde ya\u015faman\u0131n, her t\u00fcrl\u00fc s\u00f6m\u00fcr\u00fc, zul\u00fcm ve k\u00f6lelikten kurtulman\u0131n tek yolu ve \u00e7aresi vard\u0131r: \u0130nsan\u0131n Beynini, T\u00fcm Melekeleriyle Yeniden Ke\u015ffi ve T\u00fcm \u00d6zellikleriyle \u00dcst Beynindeki Akli Melekelerini \u0130\u015fletmesi\u2026 Her derde deva \u00e7\u00f6z\u00fcm ve \u00e7are buradad\u0131r.  <\/p>\n","protected":false},"excerpt":{"rendered":"<p>T\u00fcrkiye&#8217;de &#8220;Din Konusu&#8221;nun Kur&#8217;an&#8217;la sa\u011flamas\u0131 yap\u0131lmadan di\u011fer sorunlar\u0131n hi\u00e7 biri \u00fczerinde do\u011fru \u00e7\u00f6z\u00fcmler \u00fcretmek olas\u0131 de\u011fildir. Her sorun ak\u0131l ve bilimle \u00e7\u00f6z\u00fclebilir. Ak\u0131l, insan\u0131 di\u011fer canl\u0131<span class=\"excerpt-hellip\"> [\u2026]<\/span><\/p>\n","protected":false},"featured_media":0,"template":"","meta":{"_monsterinsights_skip_tracking":false,"_monsterinsights_sitenote_active":false,"_monsterinsights_sitenote_note":"","_monsterinsights_sitenote_category":0},"product_brand":[],"product_cat":[12718,12719],"product_tag":[],"class_list":{"0":"post-717822","1":"product","2":"type-product","3":"status-publish","5":"product_cat-din","6":"product_cat-islam","7":"pa_cilt-ciltsiz","8":"pa_tur-kitap","9":"pa_yayinevi-nergiz-yayinlari","10":"pa_yazar-sedat-senermen","12":"first","13":"instock","14":"sale","15":"shipping-taxable","16":"purchasable","17":"product-type-simple"},"_links":{"self":[{"href":"https:\/\/roveyayinevi.com.tr\/index.php\/wp-json\/wp\/v2\/product\/717822","targetHints":{"allow":["GET"]}}],"collection":[{"href":"https:\/\/roveyayinevi.com.tr\/index.php\/wp-json\/wp\/v2\/product"}],"about":[{"href":"https:\/\/roveyayinevi.com.tr\/index.php\/wp-json\/wp\/v2\/types\/product"}],"wp:attachment":[{"href":"https:\/\/roveyayinevi.com.tr\/index.php\/wp-json\/wp\/v2\/media?parent=717822"}],"wp:term":[{"taxonomy":"product_brand","embeddable":true,"href":"https:\/\/roveyayinevi.com.tr\/index.php\/wp-json\/wp\/v2\/product_brand?post=717822"},{"taxonomy":"product_cat","embeddable":true,"href":"https:\/\/roveyayinevi.com.tr\/index.php\/wp-json\/wp\/v2\/product_cat?post=717822"},{"taxonomy":"product_tag","embeddable":true,"href":"https:\/\/roveyayinevi.com.tr\/index.php\/wp-json\/wp\/v2\/product_tag?post=717822"}],"curies":[{"name":"wp","href":"https:\/\/api.w.org\/{rel}","templated":true}]}}