{"id":717821,"date":"2025-08-27T18:00:24","date_gmt":"2025-08-27T15:00:24","guid":{"rendered":"https:\/\/roveyayinevi.com.tr\/index.php\/urun\/islamda-adalet\/"},"modified":"2026-04-16T02:25:54","modified_gmt":"2026-04-15T23:25:54","slug":"islamda-adalet","status":"publish","type":"product","link":"https:\/\/roveyayinevi.com.tr\/index.php\/urun\/islamda-adalet\/","title":{"rendered":"\u0130slam&#8217;da Adalet"},"content":{"rendered":"<p>&#8220;Bir memlekette adalet olmazsa, o memlekette anar\u015fi var demektir, orada h\u00fck\u00fcmet yok demektir. Adalet yasalarla yerine getirilir. Herhalde ba\u011f\u0131ms\u0131zl\u0131\u011f\u0131n temel dire\u011fi olan adalet da\u011f\u0131t\u0131m\u0131nda bir yabanc\u0131 parma\u011f\u0131 bulundurmayaca\u011f\u0131z. Bu noktadaki karar\u0131m\u0131z kesindir. Halka adaleti h\u0131zla da\u011f\u0131tmak ve uygulamak zorunday\u0131z. Bir h\u00fck\u00fcmet, ancak adalete dayanabilir. Ba\u011f\u0131ms\u0131zl\u0131k, gelecek, \u00f6zg\u00fcrl\u00fck her \u015fey adalet ile vard\u0131r.&#8221;  &#8220;\u015e\u00fcphesiz Allah, adaleti (bi&#8217;l-adli), iyile\u015ftirmeyi-g\u00fczelle\u015ftirmeyi (el-ihsan) ve yak\u0131nlara vermeyi emreder; hay\u00e2s\u0131zl\u0131ktan, k\u00f6t\u00fcl\u00fckten ve azg\u0131nl\u0131ktan nehyeder. O, d\u00fc\u015f\u00fcn\u00fcp \u00f6\u011f\u00fctlenirsiniz diye size \u00f6\u011f\u00fct verir.&#8221;  Temeli adalet olan fakat \u00e7ifte standard\u0131 bulunmayan bir hukukun kaynakl\u0131k edece\u011fi, yurtta ve d\u00fcnyada bar\u0131\u015f\u0131, sevgiyi, zihinsel ve mali yard\u0131mla\u015fmay\u0131, dayan\u0131\u015fmay\u0131 \u00f6nceleyen, vatan\u0131n b\u00f6l\u00fcnmez b\u00fct\u00fcnl\u00fc\u011f\u00fcn\u00fc ve m\u00fclk\u00fc ayakta tutan, \u00e7al\u0131\u015fan\u0131n kar\u015f\u0131l\u0131\u011f\u0131n\u0131 hak\u00e7a alabilece\u011fi, insanl\u0131k onur ve haysiyetini esas alan yeni bir uygarl\u0131k, bilimin ve akl\u0131n \u00f6nc\u00fcl\u00fc\u011f\u00fcnde, rahmani r\u00fc\u015fte eri\u015fle, Allah&#8217;\u0131 Rab, Kur&#8217;an&#8217;\u0131 din edinenlerce ger\u00e7ekle\u015fecektir. Ak\u0131l d\u00fc\u015f\u00fcnce takva. Allah&#8217;\u0131n emirlerine ak\u0131l ve d\u00fc\u015f\u00fcnce ile yakla\u015f\u0131l\u0131nca takvaya ula\u015fmak m\u00fcmk\u00fcn olacakt\u0131r. Allah&#8217;\u0131n belirledi\u011fi haklar\u0131n yolu, Allah&#8217;\u0131n yolu, akl\u0131n yolu, d\u00fc\u015f\u00fcncenin yolu, ayr\u0131l\u0131\u011f\u0131 \u00f6nleyen dayan\u0131\u015fmay\u0131 sa\u011flayan tevhidin yolu ve son olarak takvan\u0131n yolu olmaktad\u0131r. Bu yolu olu\u015fturan haklar\u0131n ya\u015fama ge\u00e7irilmesinin amac\u0131, akl\u0131 harekete ge\u00e7irmek, d\u00fc\u015f\u00fcnceyi olu\u015fturmak ve takvaya ula\u015fmakt\u0131r. Takvaya Giden Yol, Adaletten Ge\u00e7er &#8220;Ey iman etmi\u015f ki\u015filer! Allah i\u00e7in, hakk\u0131 ayakta tutan (kavv\u00e2m\u00eene li&#8217;llahi) adalet (bi&#8217;l-k\u0131st) ile tan\u0131kl\u0131k eden kimseler olunuz.&#8221;&#8221;Ve bir topluma olan kininiz, sizi adaletsizlik yapmaya s\u00fcr\u00fcklemesin.&#8221;  &#8220;Adaletli olun (i&#8217;dil\u00fb), o (adaletli olmak), takvaya daha yak\u0131nd\u0131r. Allah&#8217;a takval\u0131 davran\u0131n. \u015e\u00fcphesiz Allah, yapt\u0131klar\u0131n\u0131za haberdard\u0131r.&#8221; Maide 5\/8Bu kitab\u0131n amac\u0131, i\u00e7inde &#8220;Adl, K\u0131st, Mizan, Hakk, Vesat&#8221; kavramlar\u0131n\u0131n ge\u00e7ti\u011fi Kur&#8217;an&#8217;daki t\u00fcm ayetleri ele alarak \u0130slam&#8217;da Adalet&#8217;i b\u00fct\u00fcn boyutlar\u0131yla ak\u0131l, bilim ve Kur&#8217;an \u0131\u015f\u0131\u011f\u0131nda insani, vicdani, ahlaki y\u00f6nleriyle g\u00fcn y\u00fcz\u00fcne \u00e7\u0131karmakt\u0131r.<\/p>\n","protected":false},"excerpt":{"rendered":"<p>&#8220;Bir memlekette adalet olmazsa, o memlekette anar\u015fi var demektir, orada h\u00fck\u00fcmet yok demektir. Adalet yasalarla yerine getirilir. Herhalde ba\u011f\u0131ms\u0131zl\u0131\u011f\u0131n temel dire\u011fi olan adalet da\u011f\u0131t\u0131m\u0131nda bir yabanc\u0131<span class=\"excerpt-hellip\"> [\u2026]<\/span><\/p>\n","protected":false},"featured_media":0,"template":"","meta":{"_monsterinsights_skip_tracking":false,"_monsterinsights_sitenote_active":false,"_monsterinsights_sitenote_note":"","_monsterinsights_sitenote_category":0},"product_brand":[],"product_cat":[12718,12719,17333],"product_tag":[],"class_list":{"0":"post-717821","1":"product","2":"type-product","3":"status-publish","5":"product_cat-din","6":"product_cat-islam","7":"product_cat-islam-hukuku","8":"pa_cilt-ciltsiz","9":"pa_tur-kitap","10":"pa_yayinevi-nergiz-yayinlari","11":"pa_yazar-sedat-senermen","13":"first","14":"instock","15":"sale","16":"shipping-taxable","17":"purchasable","18":"product-type-simple"},"_links":{"self":[{"href":"https:\/\/roveyayinevi.com.tr\/index.php\/wp-json\/wp\/v2\/product\/717821","targetHints":{"allow":["GET"]}}],"collection":[{"href":"https:\/\/roveyayinevi.com.tr\/index.php\/wp-json\/wp\/v2\/product"}],"about":[{"href":"https:\/\/roveyayinevi.com.tr\/index.php\/wp-json\/wp\/v2\/types\/product"}],"wp:attachment":[{"href":"https:\/\/roveyayinevi.com.tr\/index.php\/wp-json\/wp\/v2\/media?parent=717821"}],"wp:term":[{"taxonomy":"product_brand","embeddable":true,"href":"https:\/\/roveyayinevi.com.tr\/index.php\/wp-json\/wp\/v2\/product_brand?post=717821"},{"taxonomy":"product_cat","embeddable":true,"href":"https:\/\/roveyayinevi.com.tr\/index.php\/wp-json\/wp\/v2\/product_cat?post=717821"},{"taxonomy":"product_tag","embeddable":true,"href":"https:\/\/roveyayinevi.com.tr\/index.php\/wp-json\/wp\/v2\/product_tag?post=717821"}],"curies":[{"name":"wp","href":"https:\/\/api.w.org\/{rel}","templated":true}]}}