{"id":717820,"date":"2025-08-27T18:00:23","date_gmt":"2025-08-27T15:00:23","guid":{"rendered":"https:\/\/roveyayinevi.com.tr\/index.php\/urun\/gelin-yuzleselim\/"},"modified":"2026-04-16T02:25:54","modified_gmt":"2026-04-15T23:25:54","slug":"gelin-yuzleselim","status":"publish","type":"product","link":"https:\/\/roveyayinevi.com.tr\/index.php\/urun\/gelin-yuzleselim\/","title":{"rendered":"Gelin Y\u00fczle\u015felim"},"content":{"rendered":"<p>&#8220;Bir cariye, \u015fehvetin \u00e7oklu\u011fundan, h\u0131rs\u0131n\u0131n fazlal\u0131\u011f\u0131ndan bir e\u015fe\u011fi kendisine al\u0131\u015ft\u0131rm\u0131\u015ft\u0131. O hilebaz cariyenin bir kaba\u011f\u0131 vard\u0131. E\u015fek, kendisine \u00f6l\u00e7\u00fcl\u00fc yakla\u015fs\u0131n diye kaba\u011f\u0131, e\u015fe\u011fin aletine (cinsel organ\u0131na)takard\u0131. Yak\u0131nla\u015fma zaman\u0131nda aletin yar\u0131s\u0131 girsin diye bu i\u015fi yapmaktayd\u0131. (Mevlana, Mesnevi, Cilt 5, Beyitler 1330-1395) &#8220;Bir o\u011flanc\u0131, evine bir o\u011flan g\u00f6t\u00fcrd\u00fc. Onu ba\u015f a\u015fa\u011f\u0131 depi d\u00fcmeye koyuldu\u2026&#8221; (Mevlana, Mesnevi, Cilt 5, Beyitler 2497-2505) &#8220;Bir iri adam bir o\u011flan\u0131 ele ge\u00e7irdi. Bu adam bana kasteder diye \u00e7ocu\u011fun y\u00fcz\u00fc sarard\u0131. Adam dedi ki: &#8220;G\u00fczelim, emin ol\u2026 sen benim \u00fcst\u00fcme bineceksin. Ben korkun\u00e7 g\u00f6r\u00fcnsem de ald\u0131r\u0131\u015f etme, bil ki ben ibneyim. Deveye biner gibi bin \u00fcst\u00fcme, s\u00fcr.&#8221; (Mevlana, Mesnevi, Cilt 2, Beyitler 3155-3159) &#8220;Evlatlar\u0131mdan her kime saltanat nasip olursa, D\u00fcnya D\u00fczeni i\u00e7in karde\u015flerini \u00f6ld\u00fcrmesi uygundur. Alimlerin \u00e7o\u011fu da buna izin vermi\u015ftir. Hemen uygulans\u0131n.&#8221; (Fatih Sultan Mehmet Kanunu) &#8220;Hi\u00e7bir Hiristiyan hanedan\u0131, Osmanl\u0131 sultanlar\u0131 kadar \u00e7ok i\u00e7ki i\u00e7memi\u015ftir. Kanuni Sultan S\u00fcleyman, padi\u015fahl\u0131\u011f\u0131n\u0131n son birka\u00e7 y\u0131l\u0131na kadar \u015farap i\u00e7mi\u015ftir. \u015eiirlerinden birinde \u015farab\u0131 a\u015fka benzetir.&#8221; (\u0130ngiliz Tarih\u00e7i Philip Mansel) &#8220;R\u00fc\u015fvet ve Yolsuzluk; Osmanl\u0131 sisteminin do\u011fal sonu\u00e7lar\u0131d\u0131r.&#8221; (Tarih\u00e7i Prof. Dr.Halil \u0130nalc\u0131k) &#8220;T\u00fcm kara k\u00f6pekleri \u00f6ld\u00fcr\u00fcn\u00fcz.\u00c7\u00fcnk\u00fc onlar \u015feytand\u0131r.&#8221; (Hadis, Hanbeli) &#8220;Ud, zurna, d\u00fcmbelek, boru, davul \u00e7almak haramd\u0131r.&#8221; (Hadis, Hanbeli) &#8220;Tavla oynamak haramd\u0131r.&#8221; (Maliki, \u015eafi ve Hanbeli Mezhepleri) <\/p>\n","protected":false},"excerpt":{"rendered":"<p>&#8220;Bir cariye, \u015fehvetin \u00e7oklu\u011fundan, h\u0131rs\u0131n\u0131n fazlal\u0131\u011f\u0131ndan bir e\u015fe\u011fi kendisine al\u0131\u015ft\u0131rm\u0131\u015ft\u0131. O hilebaz cariyenin bir kaba\u011f\u0131 vard\u0131. E\u015fek, kendisine \u00f6l\u00e7\u00fcl\u00fc yakla\u015fs\u0131n diye kaba\u011f\u0131, e\u015fe\u011fin aletine (cinsel organ\u0131na)takard\u0131.<span class=\"excerpt-hellip\"> [\u2026]<\/span><\/p>\n","protected":false},"featured_media":0,"template":"","meta":{"_monsterinsights_skip_tracking":false,"_monsterinsights_sitenote_active":false,"_monsterinsights_sitenote_note":"","_monsterinsights_sitenote_category":0},"product_brand":[],"product_cat":[12777,12291],"product_tag":[],"class_list":{"0":"post-717820","1":"product","2":"type-product","3":"status-publish","5":"product_cat-deneme","6":"product_cat-edebiyat","7":"pa_cilt-ciltsiz","8":"pa_tur-kitap","9":"pa_yayinevi-nergiz-yayinlari","10":"pa_yazar-yilmaz-dikbas","12":"first","13":"instock","14":"sale","15":"shipping-taxable","16":"purchasable","17":"product-type-simple"},"_links":{"self":[{"href":"https:\/\/roveyayinevi.com.tr\/index.php\/wp-json\/wp\/v2\/product\/717820","targetHints":{"allow":["GET"]}}],"collection":[{"href":"https:\/\/roveyayinevi.com.tr\/index.php\/wp-json\/wp\/v2\/product"}],"about":[{"href":"https:\/\/roveyayinevi.com.tr\/index.php\/wp-json\/wp\/v2\/types\/product"}],"wp:attachment":[{"href":"https:\/\/roveyayinevi.com.tr\/index.php\/wp-json\/wp\/v2\/media?parent=717820"}],"wp:term":[{"taxonomy":"product_brand","embeddable":true,"href":"https:\/\/roveyayinevi.com.tr\/index.php\/wp-json\/wp\/v2\/product_brand?post=717820"},{"taxonomy":"product_cat","embeddable":true,"href":"https:\/\/roveyayinevi.com.tr\/index.php\/wp-json\/wp\/v2\/product_cat?post=717820"},{"taxonomy":"product_tag","embeddable":true,"href":"https:\/\/roveyayinevi.com.tr\/index.php\/wp-json\/wp\/v2\/product_tag?post=717820"}],"curies":[{"name":"wp","href":"https:\/\/api.w.org\/{rel}","templated":true}]}}