{"id":717819,"date":"2025-08-27T18:00:22","date_gmt":"2025-08-27T15:00:22","guid":{"rendered":"https:\/\/roveyayinevi.com.tr\/index.php\/urun\/kagni\/"},"modified":"2026-04-16T02:25:54","modified_gmt":"2026-04-15T23:25:54","slug":"kagni","status":"publish","type":"product","link":"https:\/\/roveyayinevi.com.tr\/index.php\/urun\/kagni\/","title":{"rendered":"Ka\u011fn\u0131"},"content":{"rendered":"<p>Sabahattin Ali\u2019nin yazd\u0131\u011f\u0131 t\u00fcm \u00f6yk\u00fcler; De\u011firmen (1935), Ka\u011fn\u0131 (1936), Ses (1937), Yeni D\u00fcnya (1943)  ve S\u0131r\u00e7a K\u00f6\u015fk (1943) adl\u0131 kitaplarda toplanm\u0131\u015ft\u0131r. \u00d6yk\u00fclerinde konu etti\u011fi Anadolu insan\u0131n\u0131, toplumsal sorunlar\u0131 ger\u00e7ek\u00e7i ve ele\u015ftirel bir bak\u0131\u015f a\u00e7\u0131s\u0131yla anlatm\u0131\u015ft\u0131r.   Kar\u015f\u0131dan do\u011fru yeni \u00e7\u0131kan serin bir r\u00fczg\u00e2r \u00fc\u00e7 etekli entarisini ve \u015falvar\u0131n\u0131n pa\u00e7alar\u0131n\u0131 u\u00e7uruyor, y\u0131rt\u0131k yazma ba\u015f\u00f6rt\u00fcs\u00fcn\u00fc siyah bir bayrak gibi dalgaland\u0131r\u0131yordu. Ka\u011fn\u0131ya yeti\u015femeden tekrar d\u00fc\u015ft\u00fc; y\u00fcz\u00fc, yolun beyaz ve k\u00fcl gibi ince tozlar\u0131na g\u00f6m\u00fcld\u00fc. Ka\u011fn\u0131, ta\u015flara \u00e7arpt\u0131k\u00e7a \u00fczerinde ba\u011fl\u0131 \u00f6l\u00fcy\u00fc iki tarafa f\u0131rlatarak ve y\u00fckselip al\u00e7alan uzun, yan\u0131k g\u0131c\u0131rt\u0131lar \u00e7\u0131kararak ve ay \u0131\u015f\u0131\u011f\u0131n\u0131n alt\u0131nda ve gecenin sessizli\u011fi i\u00e7inde arkas\u0131nda hafif bir toz bulutu b\u0131rakarak, a\u011f\u0131r a\u011f\u0131r kendi bildi\u011fine ilerliyordu. <\/p>\n","protected":false},"excerpt":{"rendered":"<p>Sabahattin Ali\u2019nin yazd\u0131\u011f\u0131 t\u00fcm \u00f6yk\u00fcler; De\u011firmen (1935), Ka\u011fn\u0131 (1936), Ses (1937), Yeni D\u00fcnya (1943) ve S\u0131r\u00e7a K\u00f6\u015fk (1943) adl\u0131 kitaplarda toplanm\u0131\u015ft\u0131r. \u00d6yk\u00fclerinde konu etti\u011fi Anadolu insan\u0131n\u0131,<span class=\"excerpt-hellip\"> [\u2026]<\/span><\/p>\n","protected":false},"featured_media":0,"template":"","meta":{"_monsterinsights_skip_tracking":false,"_monsterinsights_sitenote_active":false,"_monsterinsights_sitenote_note":"","_monsterinsights_sitenote_category":0},"product_brand":[],"product_cat":[12291,12711],"product_tag":[],"class_list":{"0":"post-717819","1":"product","2":"type-product","3":"status-publish","5":"product_cat-edebiyat","6":"product_cat-roman-oyku","7":"pa_cilt-ciltsiz","8":"pa_tur-kitap","9":"pa_yayinevi-puslu-yayinlari","10":"pa_yazar-sabahattin-ali","12":"first","13":"instock","14":"sale","15":"shipping-taxable","16":"purchasable","17":"product-type-simple"},"_links":{"self":[{"href":"https:\/\/roveyayinevi.com.tr\/index.php\/wp-json\/wp\/v2\/product\/717819","targetHints":{"allow":["GET"]}}],"collection":[{"href":"https:\/\/roveyayinevi.com.tr\/index.php\/wp-json\/wp\/v2\/product"}],"about":[{"href":"https:\/\/roveyayinevi.com.tr\/index.php\/wp-json\/wp\/v2\/types\/product"}],"wp:attachment":[{"href":"https:\/\/roveyayinevi.com.tr\/index.php\/wp-json\/wp\/v2\/media?parent=717819"}],"wp:term":[{"taxonomy":"product_brand","embeddable":true,"href":"https:\/\/roveyayinevi.com.tr\/index.php\/wp-json\/wp\/v2\/product_brand?post=717819"},{"taxonomy":"product_cat","embeddable":true,"href":"https:\/\/roveyayinevi.com.tr\/index.php\/wp-json\/wp\/v2\/product_cat?post=717819"},{"taxonomy":"product_tag","embeddable":true,"href":"https:\/\/roveyayinevi.com.tr\/index.php\/wp-json\/wp\/v2\/product_tag?post=717819"}],"curies":[{"name":"wp","href":"https:\/\/api.w.org\/{rel}","templated":true}]}}