{"id":717818,"date":"2025-08-27T18:00:22","date_gmt":"2025-08-27T15:00:22","guid":{"rendered":"https:\/\/roveyayinevi.com.tr\/index.php\/urun\/minik-adimlar-buyuk-kazanimlar\/"},"modified":"2026-04-13T02:32:03","modified_gmt":"2026-04-12T23:32:03","slug":"minik-adimlar-buyuk-kazanimlar","status":"publish","type":"product","link":"https:\/\/roveyayinevi.com.tr\/index.php\/urun\/minik-adimlar-buyuk-kazanimlar\/","title":{"rendered":"Minik Ad\u0131mlar B\u00fcy\u00fck Kazan\u0131mlar"},"content":{"rendered":"<p>Al\u0131\u015fkanl\u0131klar\u0131n san\u0131ld\u0131\u011f\u0131ndan \u00e7ok daha \u00f6nemli oldu\u011funu belirten Nil G\u00fcn, \u201cAl\u0131\u015fkanl\u0131klar\u0131n ya\u015fam tarz\u0131n\u0131 olu\u015fturuyor; ya\u015fam tarz\u0131n ya\u015fam kaliteni \u015fekillendiriyor\u201d diyor. Birey olman\u0131n \u00f6nemini vurgularken \u201cBirey al\u0131\u015fkanl\u0131klar\u0131n\u0131n mimar\u0131d\u0131r, ki\u015fi ise al\u0131\u015fkanl\u0131klar\u0131n\u0131n kurban\u0131d\u0131r\u201d diye yazan Nil G\u00fcn Benjamin Franklin\u2019in \u015fu s\u00f6z\u00fcn\u00fcn anlam\u0131n\u0131 kitap boyunca irdeliyor: \u201cHayat ve d\u00fcnya i\u00e7in net de\u011ferin k\u00f6t\u00fc al\u0131\u015fkanl\u0131klar\u0131n\u0131 iyi al\u0131\u015fkanl\u0131klar\u0131ndan \u00e7\u0131kard\u0131ktan sonra geride kaland\u0131r.\u201d Baz\u0131 sa\u011fl\u0131kl\u0131 al\u0131\u015fkanl\u0131klar kazanman gerekti\u011fini biliyor ama bir t\u00fcrl\u00fc hayata ge\u00e7iremiyor musun? \u0130yi se\u00e7imler yap\u0131yor, bunlar\u0131 uygulamakta bir s\u00fcre ba\u015far\u0131 g\u00f6steriyor, sonra eski al\u0131\u015fkanl\u0131klar\u0131na geri mi d\u00f6n\u00fcyorsun? K\u00f6t\u00fc al\u0131\u015fkanl\u0131klar\u0131n\u0131 sana zarar verdi\u011fini bile bile s\u00fcrd\u00fcr\u00fcrken, kazanmak istedi\u011fin pozitif al\u0131\u015fkanl\u0131klar\u0131 bir t\u00fcrl\u00fc olu\u015fturam\u0131yor ya da s\u00fcrd\u00fcremiyor musun? Yukar\u0131daki sorulara &#8220;evet&#8221; yan\u0131t\u0131n\u0131 veren herkesin ya\u015fam tarz\u0131nda b\u00fcy\u00fck fark yaratacak bu kitap okurlar\u0131n ya\u015fam kalitesini y\u00fckseltecek. Hem de kolayl\u0131kla yapacaklar\u0131 minik de\u011fi\u015fimlerle! D\u00fc\u015f\u00fck motivasyona sahip olsalar bile\u2026 Erteleme al\u0131\u015fkanl\u0131klar\u0131 olsa bile&#8230; \u00c7abuk pes eden bir yap\u0131ya sahip olsalar bile\u2026 De\u011fi\u015febileceklerine dair umutlar\u0131 \u00e7ok zay\u0131f olsa bile\u2026 Bu kitap herkese pozitif al\u0131\u015fkanl\u0131klar kazanman\u0131n ve sevmedikleri al\u0131\u015fkanl\u0131klardan \u00f6zg\u00fcrle\u015fmenin yollar\u0131n\u0131 g\u00f6sterecek. <\/p>\n","protected":false},"excerpt":{"rendered":"<p>Al\u0131\u015fkanl\u0131klar\u0131n san\u0131ld\u0131\u011f\u0131ndan \u00e7ok daha \u00f6nemli oldu\u011funu belirten Nil G\u00fcn, \u201cAl\u0131\u015fkanl\u0131klar\u0131n ya\u015fam tarz\u0131n\u0131 olu\u015fturuyor; ya\u015fam tarz\u0131n ya\u015fam kaliteni \u015fekillendiriyor\u201d diyor. Birey olman\u0131n \u00f6nemini vurgularken \u201cBirey al\u0131\u015fkanl\u0131klar\u0131n\u0131n mimar\u0131d\u0131r,<span class=\"excerpt-hellip\"> [\u2026]<\/span><\/p>\n","protected":false},"featured_media":0,"template":"","meta":{"_monsterinsights_skip_tracking":false,"_monsterinsights_sitenote_active":false,"_monsterinsights_sitenote_note":"","_monsterinsights_sitenote_category":0},"product_brand":[],"product_cat":[12364,12376],"product_tag":[],"class_list":{"0":"post-717818","1":"product","2":"type-product","3":"status-publish","5":"product_cat-genel-konular","6":"product_cat-kisisel-gelisim","7":"pa_cilt-ciltsiz","8":"pa_tur-kitap","9":"pa_yayinevi-kuraldisi-yayinevi","10":"pa_yazar-nil-gun","12":"first","13":"instock","14":"sale","15":"shipping-taxable","16":"purchasable","17":"product-type-simple"},"_links":{"self":[{"href":"https:\/\/roveyayinevi.com.tr\/index.php\/wp-json\/wp\/v2\/product\/717818","targetHints":{"allow":["GET"]}}],"collection":[{"href":"https:\/\/roveyayinevi.com.tr\/index.php\/wp-json\/wp\/v2\/product"}],"about":[{"href":"https:\/\/roveyayinevi.com.tr\/index.php\/wp-json\/wp\/v2\/types\/product"}],"wp:attachment":[{"href":"https:\/\/roveyayinevi.com.tr\/index.php\/wp-json\/wp\/v2\/media?parent=717818"}],"wp:term":[{"taxonomy":"product_brand","embeddable":true,"href":"https:\/\/roveyayinevi.com.tr\/index.php\/wp-json\/wp\/v2\/product_brand?post=717818"},{"taxonomy":"product_cat","embeddable":true,"href":"https:\/\/roveyayinevi.com.tr\/index.php\/wp-json\/wp\/v2\/product_cat?post=717818"},{"taxonomy":"product_tag","embeddable":true,"href":"https:\/\/roveyayinevi.com.tr\/index.php\/wp-json\/wp\/v2\/product_tag?post=717818"}],"curies":[{"name":"wp","href":"https:\/\/api.w.org\/{rel}","templated":true}]}}