{"id":717816,"date":"2025-08-27T18:00:20","date_gmt":"2025-08-27T15:00:20","guid":{"rendered":"https:\/\/roveyayinevi.com.tr\/index.php\/urun\/guven-2\/"},"modified":"2026-04-07T02:33:19","modified_gmt":"2026-04-06T23:33:19","slug":"guven-2","status":"publish","type":"product","link":"https:\/\/roveyayinevi.com.tr\/index.php\/urun\/guven-2\/","title":{"rendered":"G\u00fcven"},"content":{"rendered":"<p>Bu kitab\u0131 yazarken edindi\u011fim ve payla\u015ft\u0131\u011f\u0131m bilgiler, i\u015f ya\u015fam\u0131nda ciddi bir g\u00fcven sars\u0131nt\u0131s\u0131 ge\u00e7irdi\u011fim zor zamanlar\u0131mda iyile\u015fmeme, kalbimi k\u0131rmadan yeniden g\u00fcvenle a\u00e7abilmeyi \u00f6\u011frenmeme yard\u0131mc\u0131 oldu.  Ya\u015fam\u0131n\u0131zda g\u00fcveninizi k\u0131ran davran\u0131\u015flarla kar\u015f\u0131la\u015fabilir, bir daha o ki\u015fiye asla g\u00fcvenmemeyi se\u00e7ebilirsiniz. Ancak g\u00fcvenmek de g\u00fcvenmemek de sayg\u0131 g\u00f6rmeyi hak eder ve g\u00fcvenmemenin de mutlaka bir sebebi vard\u0131r. \u0130\u015fimiz G\u00fcc\u00fcm\u00fcz Oyun ve Yeter ki Onursuz Olmas\u0131n \u0130\u015f adl\u0131 kitaplar\u0131yla tan\u0131d\u0131\u011f\u0131n\u0131z Mehpare \u015eayan Kileci, yeni kitab\u0131 G\u00fcven\u2019de gerek i\u015f gerekse \u00f6zel ya\u015famda \u201cdaha dikkatli olmak\u201d i\u00e7in neler yap\u0131labilece\u011fiyle ilgili bilgiler payla\u015f\u0131yor. G\u00fcnl\u00fck ya\u015fam uygulamalar\u0131n\u0131n da yer ald\u0131\u011f\u0131 kitapta g\u00fcven dolu ili\u015fkiler kurman\u0131n ipu\u00e7lar\u0131 da veriliyor. <\/p>\n","protected":false},"excerpt":{"rendered":"<p>Bu kitab\u0131 yazarken edindi\u011fim ve payla\u015ft\u0131\u011f\u0131m bilgiler, i\u015f ya\u015fam\u0131nda ciddi bir g\u00fcven sars\u0131nt\u0131s\u0131 ge\u00e7irdi\u011fim zor zamanlar\u0131mda iyile\u015fmeme, kalbimi k\u0131rmadan yeniden g\u00fcvenle a\u00e7abilmeyi \u00f6\u011frenmeme yard\u0131mc\u0131 oldu. Ya\u015fam\u0131n\u0131zda<span class=\"excerpt-hellip\"> [\u2026]<\/span><\/p>\n","protected":false},"featured_media":0,"template":"","meta":{"_monsterinsights_skip_tracking":false,"_monsterinsights_sitenote_active":false,"_monsterinsights_sitenote_note":"","_monsterinsights_sitenote_category":0},"product_brand":[],"product_cat":[12364,12376],"product_tag":[],"class_list":{"0":"post-717816","1":"product","2":"type-product","3":"status-publish","5":"product_cat-genel-konular","6":"product_cat-kisisel-gelisim","7":"pa_cilt-ciltsiz","8":"pa_tur-kitap","9":"pa_yayinevi-elma-yayinevi","10":"pa_yazar-mehpare-sayan-kileci","12":"first","13":"instock","14":"sale","15":"shipping-taxable","16":"purchasable","17":"product-type-simple"},"_links":{"self":[{"href":"https:\/\/roveyayinevi.com.tr\/index.php\/wp-json\/wp\/v2\/product\/717816","targetHints":{"allow":["GET"]}}],"collection":[{"href":"https:\/\/roveyayinevi.com.tr\/index.php\/wp-json\/wp\/v2\/product"}],"about":[{"href":"https:\/\/roveyayinevi.com.tr\/index.php\/wp-json\/wp\/v2\/types\/product"}],"wp:attachment":[{"href":"https:\/\/roveyayinevi.com.tr\/index.php\/wp-json\/wp\/v2\/media?parent=717816"}],"wp:term":[{"taxonomy":"product_brand","embeddable":true,"href":"https:\/\/roveyayinevi.com.tr\/index.php\/wp-json\/wp\/v2\/product_brand?post=717816"},{"taxonomy":"product_cat","embeddable":true,"href":"https:\/\/roveyayinevi.com.tr\/index.php\/wp-json\/wp\/v2\/product_cat?post=717816"},{"taxonomy":"product_tag","embeddable":true,"href":"https:\/\/roveyayinevi.com.tr\/index.php\/wp-json\/wp\/v2\/product_tag?post=717816"}],"curies":[{"name":"wp","href":"https:\/\/api.w.org\/{rel}","templated":true}]}}