{"id":717814,"date":"2025-08-27T18:00:19","date_gmt":"2025-08-27T15:00:19","guid":{"rendered":"https:\/\/roveyayinevi.com.tr\/index.php\/urun\/kuresellesen-dunyada-turkiyedeki-akademisyenlerin-uluslararasilasmaya-bakisi\/"},"modified":"2026-04-16T02:25:54","modified_gmt":"2026-04-15T23:25:54","slug":"kuresellesen-dunyada-turkiyedeki-akademisyenlerin-uluslararasilasmaya-bakisi","status":"publish","type":"product","link":"https:\/\/roveyayinevi.com.tr\/index.php\/urun\/kuresellesen-dunyada-turkiyedeki-akademisyenlerin-uluslararasilasmaya-bakisi\/","title":{"rendered":"K\u00fcreselle\u015fen D\u00fcnya&#8217;da T\u00fcrkiye&#8217;deki Akademisyenlerin Uluslararasila\u015fmaya Baki\u015fi"},"content":{"rendered":"<p>Y\u00fcksek\u00f6\u011fretim ve K\u00fcreselle\u015fme Uluslaras\u0131la\u015fma ve \u00dcniversiteler Alan \u00c7al\u0131\u015fmas\u0131n\u0131n Amac\u0131 ve Kapsam\u0131  Analiz ve Bulgular <\/p>\n","protected":false},"excerpt":{"rendered":"<p>Y\u00fcksek\u00f6\u011fretim ve K\u00fcreselle\u015fme Uluslaras\u0131la\u015fma ve \u00dcniversiteler Alan \u00c7al\u0131\u015fmas\u0131n\u0131n Amac\u0131 ve Kapsam\u0131 Analiz ve Bulgular<\/p>\n","protected":false},"featured_media":0,"template":"","meta":{"_monsterinsights_skip_tracking":false,"_monsterinsights_sitenote_active":false,"_monsterinsights_sitenote_note":"","_monsterinsights_sitenote_category":0},"product_brand":[],"product_cat":[13043,17647],"product_tag":[],"class_list":{"0":"post-717814","1":"product","2":"type-product","3":"status-publish","5":"product_cat-ekonomi","6":"product_cat-is-dunyasi","7":"pa_cilt-ciltsiz","8":"pa_tur-kitap","9":"pa_yayinevi-gazi-kitabevi","10":"pa_yazar-aysen-simsek-kandemir-nilay-koleoglu","12":"first","13":"instock","14":"sale","15":"shipping-taxable","16":"purchasable","17":"product-type-simple"},"_links":{"self":[{"href":"https:\/\/roveyayinevi.com.tr\/index.php\/wp-json\/wp\/v2\/product\/717814","targetHints":{"allow":["GET"]}}],"collection":[{"href":"https:\/\/roveyayinevi.com.tr\/index.php\/wp-json\/wp\/v2\/product"}],"about":[{"href":"https:\/\/roveyayinevi.com.tr\/index.php\/wp-json\/wp\/v2\/types\/product"}],"wp:attachment":[{"href":"https:\/\/roveyayinevi.com.tr\/index.php\/wp-json\/wp\/v2\/media?parent=717814"}],"wp:term":[{"taxonomy":"product_brand","embeddable":true,"href":"https:\/\/roveyayinevi.com.tr\/index.php\/wp-json\/wp\/v2\/product_brand?post=717814"},{"taxonomy":"product_cat","embeddable":true,"href":"https:\/\/roveyayinevi.com.tr\/index.php\/wp-json\/wp\/v2\/product_cat?post=717814"},{"taxonomy":"product_tag","embeddable":true,"href":"https:\/\/roveyayinevi.com.tr\/index.php\/wp-json\/wp\/v2\/product_tag?post=717814"}],"curies":[{"name":"wp","href":"https:\/\/api.w.org\/{rel}","templated":true}]}}