{"id":717813,"date":"2025-08-27T18:00:18","date_gmt":"2025-08-27T15:00:18","guid":{"rendered":"https:\/\/roveyayinevi.com.tr\/index.php\/urun\/gokyuzumuzde-okyanus\/"},"modified":"2026-04-16T02:25:54","modified_gmt":"2026-04-15T23:25:54","slug":"gokyuzumuzde-okyanus","status":"publish","type":"product","link":"https:\/\/roveyayinevi.com.tr\/index.php\/urun\/gokyuzumuzde-okyanus\/","title":{"rendered":"G\u00f6ky\u00fcz\u00fcm\u00fczde Okyanus"},"content":{"rendered":"<p>\u0130nsan dedi\u011fin dururken, kimin \u015feytana ihtiyac\u0131 vard\u0131r ki?Beyazperdeye de uyarlanan Canavar\u0131n \u00c7a\u011fr\u0131s\u0131\u2019n\u0131n Carnegie Madalyal\u0131 yazar\u0131 Patrick Ness\u2019ten, d\u00fcnya edebiyat\u0131n\u0131n en \u00f6nemli klasiklerinden Moby Dick\u2019in hik\u00e2yesini yeniden yaratan, g\u00f6rsel bir ba\u015fyap\u0131t: G\u00f6ky\u00fcz\u00fcm\u00fczd\u00fc Okyanus.Etkileyici \u00fcslubu ve Rovina Cai\u2019nin resimleriyle zihinlere kaz\u0131nan bu s\u00fcr\u00fckleyici roman, okyanuslar\u0131n en g\u00fc\u00e7l\u00fc avc\u0131 balinalar\u0131ndan birinin, efsanevi bir insan-avc\u0131y\u0131 yakalamak i\u00e7in giri\u015fti\u011fi amans\u0131z m\u00fccadeleyi konu ediniyor.Metaforik anlat\u0131m\u0131yla, okurlar\u0131n\u0131, kehanetin en \u201csaf\u201d h\u00e2li \u00fczerine d\u00fc\u015f\u00fcnmeye itenG\u00f6ky\u00fcz\u00fcm\u00fczd\u00fc Okyanus, \u015feytanla sava\u015fanlar\u0131n er ya da ge\u00e7 \u015feytana d\u00f6n\u00fc\u015fecekleri varsay\u0131m\u0131nda bulunan \u00e7a\u011fda\u015f bir fabl.Nice okyanuslar\u0131n, nice derinlerin ve u\u00e7urumlar\u0131n en b\u00fcy\u00fck, en ac\u0131mas\u0131z kaptan\u0131 Aleksandra, ger\u00e7ekli\u011fi tart\u0131\u015fmal\u0131 bir deniz efsanesinin, \u201c\u015feytan\u0131n ta kendisi\u201d denen, ac\u0131mas\u0131z bir insan-kaptan\u0131n pe\u015finde. \u00c7\u00fcnk\u00fc kehanet de asl\u0131nda, onun pe\u015finde&#8230;Herman Melville\u2019in \u00f6l\u00fcms\u00fcz eseri Moby Dick\u2019in alabora edilmi\u015f bu g\u00fczellemesi, \u00f6d\u00fcll\u00fc yazar Patrick Ness\u2019in ve Rovina Cai\u2019nin ellerinde yeniden can buluyor. \u201c\u015eeytan\u0131n en b\u00fcy\u00fck kozu, onu g\u00f6rmek istemenizi sa\u011flamakt\u0131r. Ve ondan, ancak onu g\u00f6rd\u00fc\u011f\u00fcn\u00fczde korkars\u0131n\u0131z. O zaman da i\u015f i\u015ften ge\u00e7mi\u015ftir.\u201d<\/p>\n","protected":false},"excerpt":{"rendered":"<p>\u0130nsan dedi\u011fin dururken, kimin \u015feytana ihtiyac\u0131 vard\u0131r ki?Beyazperdeye de uyarlanan Canavar\u0131n \u00c7a\u011fr\u0131s\u0131\u2019n\u0131n Carnegie Madalyal\u0131 yazar\u0131 Patrick Ness\u2019ten, d\u00fcnya edebiyat\u0131n\u0131n en \u00f6nemli klasiklerinden Moby Dick\u2019in hik\u00e2yesini yeniden<span class=\"excerpt-hellip\"> [\u2026]<\/span><\/p>\n","protected":false},"featured_media":0,"template":"","meta":{"_monsterinsights_skip_tracking":false,"_monsterinsights_sitenote_active":false,"_monsterinsights_sitenote_note":"","_monsterinsights_sitenote_category":0},"product_brand":[],"product_cat":[12291,12711],"product_tag":[],"class_list":{"0":"post-717813","1":"product","2":"type-product","3":"status-publish","5":"product_cat-edebiyat","6":"product_cat-roman-oyku","7":"pa_cilt-ciltsiz","8":"pa_tur-kitap","9":"pa_yayinevi-delidolu","10":"pa_yazar-patrick-ness","12":"first","13":"instock","14":"sale","15":"shipping-taxable","16":"purchasable","17":"product-type-simple"},"_links":{"self":[{"href":"https:\/\/roveyayinevi.com.tr\/index.php\/wp-json\/wp\/v2\/product\/717813","targetHints":{"allow":["GET"]}}],"collection":[{"href":"https:\/\/roveyayinevi.com.tr\/index.php\/wp-json\/wp\/v2\/product"}],"about":[{"href":"https:\/\/roveyayinevi.com.tr\/index.php\/wp-json\/wp\/v2\/types\/product"}],"wp:attachment":[{"href":"https:\/\/roveyayinevi.com.tr\/index.php\/wp-json\/wp\/v2\/media?parent=717813"}],"wp:term":[{"taxonomy":"product_brand","embeddable":true,"href":"https:\/\/roveyayinevi.com.tr\/index.php\/wp-json\/wp\/v2\/product_brand?post=717813"},{"taxonomy":"product_cat","embeddable":true,"href":"https:\/\/roveyayinevi.com.tr\/index.php\/wp-json\/wp\/v2\/product_cat?post=717813"},{"taxonomy":"product_tag","embeddable":true,"href":"https:\/\/roveyayinevi.com.tr\/index.php\/wp-json\/wp\/v2\/product_tag?post=717813"}],"curies":[{"name":"wp","href":"https:\/\/api.w.org\/{rel}","templated":true}]}}