{"id":717811,"date":"2025-08-27T18:00:17","date_gmt":"2025-08-27T15:00:17","guid":{"rendered":"https:\/\/roveyayinevi.com.tr\/index.php\/urun\/dunya-evi\/"},"modified":"2026-04-16T02:25:54","modified_gmt":"2026-04-15T23:25:54","slug":"dunya-evi","status":"publish","type":"product","link":"https:\/\/roveyayinevi.com.tr\/index.php\/urun\/dunya-evi\/","title":{"rendered":"D\u00fcnya Evi"},"content":{"rendered":"<p>\u00f6l\u00fc oldu\u011fu halde bize \u0131\u015f\u0131\u011f\u0131 ula\u015fan adalar bilardoya haz\u0131r m\u0131s\u0131n mesela, pokere \u00fcst\u00fcn ince ama \u00fc\u015f\u00fcm\u00fcyorum sevgilim ikimizle on y\u0131la daha haz\u0131r m\u0131y\u0131z mesela k\u0131rmadan birbirimizi a\u015fkta, \u00f6l\u00fcmde benim o \u00e7ok sevdi\u011fim eski Yunancalara k\u0131rm\u0131z\u0131 ta\u00e7l\u0131 salon \u00e7i\u00e7eklerine asaca\u011f\u0131z hepsini, haz\u0131r m\u0131y\u0131z sevgilim \u00e7ocuklar\u0131n okumay\u0131 \u00f6\u011frendi\u011fi iplere <\/p>\n","protected":false},"excerpt":{"rendered":"<p>\u00f6l\u00fc oldu\u011fu halde bize \u0131\u015f\u0131\u011f\u0131 ula\u015fan adalar bilardoya haz\u0131r m\u0131s\u0131n mesela, pokere \u00fcst\u00fcn ince ama \u00fc\u015f\u00fcm\u00fcyorum sevgilim ikimizle on y\u0131la daha haz\u0131r m\u0131y\u0131z mesela k\u0131rmadan birbirimizi<span class=\"excerpt-hellip\"> [\u2026]<\/span><\/p>\n","protected":false},"featured_media":0,"template":"","meta":{"_monsterinsights_skip_tracking":false,"_monsterinsights_sitenote_active":false,"_monsterinsights_sitenote_note":"","_monsterinsights_sitenote_category":0},"product_brand":[],"product_cat":[12291,12509],"product_tag":[],"class_list":{"0":"post-717811","1":"product","2":"type-product","3":"status-publish","5":"product_cat-edebiyat","6":"product_cat-siir","7":"pa_cilt-ciltsiz","8":"pa_tur-kitap","9":"pa_yayinevi-kirmizi-kedi-yayinevi","10":"pa_yazar-onur-caymaz","12":"first","13":"instock","14":"sale","15":"shipping-taxable","16":"purchasable","17":"product-type-simple"},"_links":{"self":[{"href":"https:\/\/roveyayinevi.com.tr\/index.php\/wp-json\/wp\/v2\/product\/717811","targetHints":{"allow":["GET"]}}],"collection":[{"href":"https:\/\/roveyayinevi.com.tr\/index.php\/wp-json\/wp\/v2\/product"}],"about":[{"href":"https:\/\/roveyayinevi.com.tr\/index.php\/wp-json\/wp\/v2\/types\/product"}],"wp:attachment":[{"href":"https:\/\/roveyayinevi.com.tr\/index.php\/wp-json\/wp\/v2\/media?parent=717811"}],"wp:term":[{"taxonomy":"product_brand","embeddable":true,"href":"https:\/\/roveyayinevi.com.tr\/index.php\/wp-json\/wp\/v2\/product_brand?post=717811"},{"taxonomy":"product_cat","embeddable":true,"href":"https:\/\/roveyayinevi.com.tr\/index.php\/wp-json\/wp\/v2\/product_cat?post=717811"},{"taxonomy":"product_tag","embeddable":true,"href":"https:\/\/roveyayinevi.com.tr\/index.php\/wp-json\/wp\/v2\/product_tag?post=717811"}],"curies":[{"name":"wp","href":"https:\/\/api.w.org\/{rel}","templated":true}]}}