{"id":717810,"date":"2025-08-27T18:00:16","date_gmt":"2025-08-27T15:00:16","guid":{"rendered":"https:\/\/roveyayinevi.com.tr\/index.php\/urun\/sonsuz-gunbatimi\/"},"modified":"2026-04-16T02:25:54","modified_gmt":"2026-04-15T23:25:54","slug":"sonsuz-gunbatimi","status":"publish","type":"product","link":"https:\/\/roveyayinevi.com.tr\/index.php\/urun\/sonsuz-gunbatimi\/","title":{"rendered":"Sonsuz G\u00fcnbat\u0131m\u0131"},"content":{"rendered":"<p>1965 y\u0131l\u0131nda ya\u015fam\u00f6yk\u00fcs\u00fcn\u00fc \u00fcnl\u00fc y\u00f6netmen Bertolucci\u2019nin belgesel film yapt\u0131\u011f\u0131, \u015fiirleri ve hayat\u0131yla t\u00fcm d\u00fcnyada \u201cbiricik\u201d yere sahip adlardan Furu\u011f Ferruhzad.K\u0131sac\u0131k ya\u015fam\u0131na ra\u011fmen (1935-1967) modern \u0130ran \u015fiirinin en parlak temsilcilerindendir Furu\u011f.Sonuncusu \u201ctamamlanmam\u0131\u015f\u201d olmakla birlikte be\u015f \u015fiir kitab\u0131yla \u00f6nce \u0130ran\u2019da sonra t\u00fcm d\u00fcnyada ezilen kad\u0131nlar\u0131n sesi olmu\u015f bir \u015fair ayn\u0131 zamanda.Sonsuz G\u00fcnbat\u0131m\u0131, Furu\u011f\u2019un t\u00fcm okuyanlar\u0131 etkisi alt\u0131na alan duyarl\u0131l\u0131\u011f\u0131yla; insan\u0131, do\u011fay\u0131, zaman\u0131, mek\u00e2n\u0131 derin \u015fiir diliyle sorgulad\u0131\u011f\u0131 \u015fiirlerinden ustal\u0131kl\u0131 bir se\u00e7ki. Onat Kutlar ve hem Kutlar\u2019\u0131n hem de Furu\u011f\u2019un yak\u0131n dostu Celal Hosrov\u015fahi\u2019nin se\u00e7tikleri \u015fiirler ve ustal\u0131kl\u0131 \u00e7evirileri, \u015fairin \u015fiir d\u00fcnyas\u0131n\u0131 t\u00fcm yo\u011funlu\u011fuyla aktar\u0131yor.Sonsuz G\u00fcnbat\u0131m\u0131 hacmen k\u00fc\u00e7\u00fck ancak her kelimesi, her dizesiyle zihinlerinizde balyoz etkisi yaratacak bir kitap.<\/p>\n","protected":false},"excerpt":{"rendered":"<p>1965 y\u0131l\u0131nda ya\u015fam\u00f6yk\u00fcs\u00fcn\u00fc \u00fcnl\u00fc y\u00f6netmen Bertolucci\u2019nin belgesel film yapt\u0131\u011f\u0131, \u015fiirleri ve hayat\u0131yla t\u00fcm d\u00fcnyada \u201cbiricik\u201d yere sahip adlardan Furu\u011f Ferruhzad.K\u0131sac\u0131k ya\u015fam\u0131na ra\u011fmen (1935-1967) modern \u0130ran \u015fiirinin<span class=\"excerpt-hellip\"> [\u2026]<\/span><\/p>\n","protected":false},"featured_media":0,"template":"","meta":{"_monsterinsights_skip_tracking":false,"_monsterinsights_sitenote_active":false,"_monsterinsights_sitenote_note":"","_monsterinsights_sitenote_category":0},"product_brand":[],"product_cat":[12291,12509],"product_tag":[],"class_list":{"0":"post-717810","1":"product","2":"type-product","3":"status-publish","5":"product_cat-edebiyat","6":"product_cat-siir","7":"pa_cilt-ciltsiz","8":"pa_tur-kitap","9":"pa_yayinevi-kirmizi-kedi-yayinevi","10":"pa_yazar-furug-ferruhzad","12":"first","13":"instock","14":"sale","15":"shipping-taxable","16":"purchasable","17":"product-type-simple"},"_links":{"self":[{"href":"https:\/\/roveyayinevi.com.tr\/index.php\/wp-json\/wp\/v2\/product\/717810","targetHints":{"allow":["GET"]}}],"collection":[{"href":"https:\/\/roveyayinevi.com.tr\/index.php\/wp-json\/wp\/v2\/product"}],"about":[{"href":"https:\/\/roveyayinevi.com.tr\/index.php\/wp-json\/wp\/v2\/types\/product"}],"wp:attachment":[{"href":"https:\/\/roveyayinevi.com.tr\/index.php\/wp-json\/wp\/v2\/media?parent=717810"}],"wp:term":[{"taxonomy":"product_brand","embeddable":true,"href":"https:\/\/roveyayinevi.com.tr\/index.php\/wp-json\/wp\/v2\/product_brand?post=717810"},{"taxonomy":"product_cat","embeddable":true,"href":"https:\/\/roveyayinevi.com.tr\/index.php\/wp-json\/wp\/v2\/product_cat?post=717810"},{"taxonomy":"product_tag","embeddable":true,"href":"https:\/\/roveyayinevi.com.tr\/index.php\/wp-json\/wp\/v2\/product_tag?post=717810"}],"curies":[{"name":"wp","href":"https:\/\/api.w.org\/{rel}","templated":true}]}}