{"id":717808,"date":"2025-08-27T18:00:15","date_gmt":"2025-08-27T15:00:15","guid":{"rendered":"https:\/\/roveyayinevi.com.tr\/index.php\/urun\/mahrum\/"},"modified":"2026-04-16T02:25:54","modified_gmt":"2026-04-15T23:25:54","slug":"mahrum","status":"publish","type":"product","link":"https:\/\/roveyayinevi.com.tr\/index.php\/urun\/mahrum\/","title":{"rendered":"Mahrum"},"content":{"rendered":"<p>Merak\u0131na yenik d\u00fc\u015fen masum bir \u00e7ocuk.Tekerlekli sandalyeye mahkum bir delikanl\u0131.Annesi taraf\u0131ndan adeta eve hapsedilmi\u015f bir kad\u0131n.Ve hepsinin hayat\u0131n\u0131 sonsuza dek de\u011fi\u015ftiren bir gece.Yusuf, Kadir ve Hatice\u2019nin i\u00e7 i\u00e7e ge\u00e7mi\u015f, gizem dolu hikayesini okurken yakla\u015fan b\u00fcy\u00fck felaketin ayak seslerini duyacak, giderek t\u0131rmanan gerilimi hissedecek ve ka\u00e7\u0131n\u0131lmaz sonu engellemek isteyeceksiniz.Hepimizin ellerinde ba\u015fkas\u0131n\u0131n kan\u0131 var; Y\u0131k\u0131lan bir hayalin, Heba olan bir ge\u00e7mi\u015fin,Ve ne yaz\u0131k ki en sevdi\u011fimizin.Herkesin i\u00e7inde bir katil var;Bir s\u00f6zle en saf duygular\u0131 \u00f6ld\u00fcr\u00fcr\u00fcz,Bir bak\u0131\u015fla yarg\u0131lay\u0131p kalemi k\u0131rar\u0131z,Mahrum kald\u0131klar\u0131m\u0131z\u0131n h\u0131nc\u0131n\u0131 al\u0131r\u0131z. <\/p>\n","protected":false},"excerpt":{"rendered":"<p>Merak\u0131na yenik d\u00fc\u015fen masum bir \u00e7ocuk.Tekerlekli sandalyeye mahkum bir delikanl\u0131.Annesi taraf\u0131ndan adeta eve hapsedilmi\u015f bir kad\u0131n.Ve hepsinin hayat\u0131n\u0131 sonsuza dek de\u011fi\u015ftiren bir gece.Yusuf, Kadir ve Hatice\u2019nin<span class=\"excerpt-hellip\"> [\u2026]<\/span><\/p>\n","protected":false},"featured_media":0,"template":"","meta":{"_monsterinsights_skip_tracking":false,"_monsterinsights_sitenote_active":false,"_monsterinsights_sitenote_note":"","_monsterinsights_sitenote_category":0},"product_brand":[],"product_cat":[12291,12711],"product_tag":[],"class_list":{"0":"post-717808","1":"product","2":"type-product","3":"status-publish","5":"product_cat-edebiyat","6":"product_cat-roman-oyku","7":"pa_cilt-ciltsiz","8":"pa_tur-kitap","9":"pa_yayinevi-epsilon-yayinlari","10":"pa_yazar-eren-akaba","12":"first","13":"instock","14":"sale","15":"shipping-taxable","16":"purchasable","17":"product-type-simple"},"_links":{"self":[{"href":"https:\/\/roveyayinevi.com.tr\/index.php\/wp-json\/wp\/v2\/product\/717808","targetHints":{"allow":["GET"]}}],"collection":[{"href":"https:\/\/roveyayinevi.com.tr\/index.php\/wp-json\/wp\/v2\/product"}],"about":[{"href":"https:\/\/roveyayinevi.com.tr\/index.php\/wp-json\/wp\/v2\/types\/product"}],"wp:attachment":[{"href":"https:\/\/roveyayinevi.com.tr\/index.php\/wp-json\/wp\/v2\/media?parent=717808"}],"wp:term":[{"taxonomy":"product_brand","embeddable":true,"href":"https:\/\/roveyayinevi.com.tr\/index.php\/wp-json\/wp\/v2\/product_brand?post=717808"},{"taxonomy":"product_cat","embeddable":true,"href":"https:\/\/roveyayinevi.com.tr\/index.php\/wp-json\/wp\/v2\/product_cat?post=717808"},{"taxonomy":"product_tag","embeddable":true,"href":"https:\/\/roveyayinevi.com.tr\/index.php\/wp-json\/wp\/v2\/product_tag?post=717808"}],"curies":[{"name":"wp","href":"https:\/\/api.w.org\/{rel}","templated":true}]}}