{"id":717807,"date":"2025-08-27T18:00:14","date_gmt":"2025-08-27T15:00:14","guid":{"rendered":"https:\/\/roveyayinevi.com.tr\/index.php\/urun\/ormanda-dunyayi-ogreniyorum\/"},"modified":"2026-04-16T02:25:54","modified_gmt":"2026-04-15T23:25:54","slug":"ormanda-dunyayi-ogreniyorum","status":"publish","type":"product","link":"https:\/\/roveyayinevi.com.tr\/index.php\/urun\/ormanda-dunyayi-ogreniyorum\/","title":{"rendered":"Ormanda &#8211; D\u00fcnyay\u0131 \u00d6\u011freniyorum"},"content":{"rendered":"<p>\u0130lkbahar, yaz, sonbahar, k\u0131\u015f fark etmez. Ormanda her mevsim hayvanlar\u0131n besine ve korunmaya ihtiya\u00e7lar\u0131 vard\u0131r. Ye\u015fil a\u011fa\u00e7kakanlar ne yer? Kozalak hangi a\u011fa\u00e7larda yeti\u015fir? Geceleri hangi hayvanlar uyumaz? \u00c7ocuklar ormanla ilgili kavramlar\u0131 ve s\u00f6zc\u00fckleri ke\u015ffederken \u00e7ok e\u011flenecekler.<\/p>\n","protected":false},"excerpt":{"rendered":"<p>\u0130lkbahar, yaz, sonbahar, k\u0131\u015f fark etmez. Ormanda her mevsim hayvanlar\u0131n besine ve korunmaya ihtiya\u00e7lar\u0131 vard\u0131r. Ye\u015fil a\u011fa\u00e7kakanlar ne yer? Kozalak hangi a\u011fa\u00e7larda yeti\u015fir? Geceleri hangi hayvanlar<span class=\"excerpt-hellip\"> [\u2026]<\/span><\/p>\n","protected":false},"featured_media":0,"template":"","meta":{"_monsterinsights_skip_tracking":false,"_monsterinsights_sitenote_active":false,"_monsterinsights_sitenote_note":"","_monsterinsights_sitenote_category":0},"product_brand":[],"product_cat":[12274,12518],"product_tag":[],"class_list":{"0":"post-717807","1":"product","2":"type-product","3":"status-publish","5":"product_cat-cocuk-ve-genclik-kitaplari","6":"product_cat-okul-oncesi-kitaplar","7":"pa_cilt-ciltsiz","8":"pa_tur-kitap","9":"pa_yayinevi-is-bankasi-kultur-yayinlari","10":"pa_yazar-barbel-oftring","12":"first","13":"instock","14":"sale","15":"shipping-taxable","16":"purchasable","17":"product-type-simple"},"_links":{"self":[{"href":"https:\/\/roveyayinevi.com.tr\/index.php\/wp-json\/wp\/v2\/product\/717807","targetHints":{"allow":["GET"]}}],"collection":[{"href":"https:\/\/roveyayinevi.com.tr\/index.php\/wp-json\/wp\/v2\/product"}],"about":[{"href":"https:\/\/roveyayinevi.com.tr\/index.php\/wp-json\/wp\/v2\/types\/product"}],"wp:attachment":[{"href":"https:\/\/roveyayinevi.com.tr\/index.php\/wp-json\/wp\/v2\/media?parent=717807"}],"wp:term":[{"taxonomy":"product_brand","embeddable":true,"href":"https:\/\/roveyayinevi.com.tr\/index.php\/wp-json\/wp\/v2\/product_brand?post=717807"},{"taxonomy":"product_cat","embeddable":true,"href":"https:\/\/roveyayinevi.com.tr\/index.php\/wp-json\/wp\/v2\/product_cat?post=717807"},{"taxonomy":"product_tag","embeddable":true,"href":"https:\/\/roveyayinevi.com.tr\/index.php\/wp-json\/wp\/v2\/product_tag?post=717807"}],"curies":[{"name":"wp","href":"https:\/\/api.w.org\/{rel}","templated":true}]}}